{"id":1782,"date":"2020-12-02T11:34:16","date_gmt":"2020-12-02T08:34:16","guid":{"rendered":"http:\/\/www.grafas.org\/demo05\/?page_id=1782"},"modified":"2026-03-28T15:27:27","modified_gmt":"2026-03-28T14:27:27","slug":"zajezdy","status":"publish","type":"page","link":"https:\/\/www.daretodance.cz\/en\/zajezdy\/","title":{"rendered":"Dance tours"},"content":{"rendered":"<div data-elementor-type=\"wp-page\" data-elementor-id=\"1782\" class=\"elementor elementor-1782\">\n\t\t\t\t<div class=\"elementor-element elementor-element-dac4fc9 e-flex e-con-boxed e-con e-parent\" data-id=\"dac4fc9\" data-element_type=\"container\" data-e-type=\"container\">\n\t\t\t\t\t<div class=\"e-con-inner\">\n\t\t\t\t<div class=\"elementor-element elementor-element-9441cfc elementor-widget elementor-widget-heading\" data-id=\"9441cfc\" data-element_type=\"widget\" data-e-type=\"widget\" data-widget_type=\"heading.default\">\n\t\t\t\t<div class=\"elementor-widget-container\">\n\t\t\t\t\t<h2 class=\"elementor-heading-title elementor-size-default\">NAB\u00cdDKA TANE\u010cN\u00cdCH Z\u00c1JEZD\u016e<\/h2>\t\t\t\t<\/div>\n\t\t\t\t<\/div>\n\t\t\t\t<div class=\"elementor-element elementor-element-bca90bb elementor-widget elementor-widget-text-editor\" data-id=\"bca90bb\" data-element_type=\"widget\" data-e-type=\"widget\" data-widget_type=\"text-editor.default\">\n\t\t\t\t<div class=\"elementor-widget-container\">\n\t\t\t\t\t\t\t\t\t<div class=\"x11i5rnm xat24cr x1mh8g0r x1vvkbs xtlvy1s\">Dear Dance Enthusiasts!<\/div><div class=\"x11i5rnm xat24cr x1mh8g0r x1vvkbs xtlvy1s\">Do you want to combine relaxation with intensive training and take your skills to the next level? We have prepared for you <b>EXCEPTIONAL DANCE RETREATS<\/b>, that will thrill you.<\/div>\t\t\t\t\t\t\t\t<\/div>\n\t\t\t\t<\/div>\n\t\t\t\t\t<\/div>\n\t\t\t\t<\/div>\n\t\t<div class=\"elementor-element elementor-element-9bf28fe e-flex e-con-boxed e-con e-parent\" data-id=\"9bf28fe\" data-element_type=\"container\" data-e-type=\"container\">\n\t\t\t\t\t<div class=\"e-con-inner\">\n\t\t<div class=\"elementor-element elementor-element-19efa1a e-con-full e-flex e-con e-child\" data-id=\"19efa1a\" data-element_type=\"container\" data-e-type=\"container\">\n\t\t\t\t<div class=\"elementor-element elementor-element-44ab161 elementor-widget elementor-widget-image\" data-id=\"44ab161\" data-element_type=\"widget\" data-e-type=\"widget\" data-widget_type=\"image.default\">\n\t\t\t\t<div class=\"elementor-widget-container\">\n\t\t\t\t\t\t\t\t\t\t\t\t\t\t\t\t<a href=\"https:\/\/www.daretodance.cz\/en\/zajezdy\/sicilie2026\/\">\n\t\t\t\t\t\t\t<img fetchpriority=\"high\" decoding=\"async\" width=\"724\" height=\"1024\" src=\"https:\/\/www.daretodance.cz\/wp-content\/uploads\/2026\/02\/Letak-Sicilie2026-260216-724x1024.jpg\" class=\"attachment-large size-large wp-image-5112\" alt=\"\" srcset=\"https:\/\/www.daretodance.cz\/wp-content\/uploads\/2026\/02\/Letak-Sicilie2026-260216-724x1024.jpg 724w, https:\/\/www.daretodance.cz\/wp-content\/uploads\/2026\/02\/Letak-Sicilie2026-260216-212x300.jpg 212w, https:\/\/www.daretodance.cz\/wp-content\/uploads\/2026\/02\/Letak-Sicilie2026-260216-768x1086.jpg 768w, https:\/\/www.daretodance.cz\/wp-content\/uploads\/2026\/02\/Letak-Sicilie2026-260216-1086x1536.jpg 1086w, https:\/\/www.daretodance.cz\/wp-content\/uploads\/2026\/02\/Letak-Sicilie2026-260216-8x12.jpg 8w, https:\/\/www.daretodance.cz\/wp-content\/uploads\/2026\/02\/Letak-Sicilie2026-260216.jpg 1414w\" sizes=\"(max-width: 724px) 100vw, 724px\" \/>\t\t\t\t\t\t\t\t<\/a>\n\t\t\t\t\t\t\t\t\t\t\t\t\t\t\t<\/div>\n\t\t\t\t<\/div>\n\t\t\t\t<div class=\"elementor-element elementor-element-18b240b elementor-widget elementor-widget-heading\" data-id=\"18b240b\" data-element_type=\"widget\" data-e-type=\"widget\" data-widget_type=\"heading.default\">\n\t\t\t\t<div class=\"elementor-widget-container\">\n\t\t\t\t\t<h3 class=\"elementor-heading-title elementor-size-default\">Goddess of Sicily<\/h3>\t\t\t\t<\/div>\n\t\t\t\t<\/div>\n\t\t\t\t<div class=\"elementor-element elementor-element-17fab1a elementor-widget elementor-widget-text-editor\" data-id=\"17fab1a\" data-element_type=\"widget\" data-e-type=\"widget\" data-widget_type=\"text-editor.default\">\n\t\t\t\t<div class=\"elementor-widget-container\">\n\t\t\t\t\t\t\t\t\t<h4 style=\"text-align: center;\">Dancing Souls<\/h4>\t\t\t\t\t\t\t\t<\/div>\n\t\t\t\t<\/div>\n\t\t\t\t<div class=\"elementor-element elementor-element-7eb6398 elementor-widget elementor-widget-text-editor\" data-id=\"7eb6398\" data-element_type=\"widget\" data-e-type=\"widget\" data-widget_type=\"text-editor.default\">\n\t\t\t\t<div class=\"elementor-widget-container\">\n\t\t\t\t\t\t\t\t\t<p style=\"text-align: center;\">Term\u00edn : 28.4. &#8211; 3.5.2026<\/p><p style=\"text-align: center;\"><strong>Cena : 19.990,- K\u010d<\/strong><\/p>\t\t\t\t\t\t\t\t<\/div>\n\t\t\t\t<\/div>\n\t\t\t\t<\/div>\n\t\t<div class=\"elementor-element elementor-element-ee795ed e-con-full e-flex e-con e-child\" data-id=\"ee795ed\" data-element_type=\"container\" data-e-type=\"container\">\n\t\t\t\t<div class=\"elementor-element elementor-element-c923484 elementor-widget elementor-widget-image\" data-id=\"c923484\" data-element_type=\"widget\" data-e-type=\"widget\" data-widget_type=\"image.default\">\n\t\t\t\t<div class=\"elementor-widget-container\">\n\t\t\t\t\t\t\t\t\t\t\t\t\t\t\t\t<a href=\"https:\/\/www.daretodance.cz\/en\/zajezdy\/chorvatsko2026\/\">\n\t\t\t\t\t\t\t<img decoding=\"async\" width=\"724\" height=\"1024\" src=\"https:\/\/www.daretodance.cz\/wp-content\/uploads\/2026\/03\/Letak-Jesus-Chorvatsko2026-724x1024.jpg\" class=\"attachment-large size-large wp-image-5225\" alt=\"\" srcset=\"https:\/\/www.daretodance.cz\/wp-content\/uploads\/2026\/03\/Letak-Jesus-Chorvatsko2026-724x1024.jpg 724w, https:\/\/www.daretodance.cz\/wp-content\/uploads\/2026\/03\/Letak-Jesus-Chorvatsko2026-212x300.jpg 212w, https:\/\/www.daretodance.cz\/wp-content\/uploads\/2026\/03\/Letak-Jesus-Chorvatsko2026-768x1086.jpg 768w, https:\/\/www.daretodance.cz\/wp-content\/uploads\/2026\/03\/Letak-Jesus-Chorvatsko2026-1086x1536.jpg 1086w, https:\/\/www.daretodance.cz\/wp-content\/uploads\/2026\/03\/Letak-Jesus-Chorvatsko2026-8x12.jpg 8w, https:\/\/www.daretodance.cz\/wp-content\/uploads\/2026\/03\/Letak-Jesus-Chorvatsko2026.jpg 1414w\" sizes=\"(max-width: 724px) 100vw, 724px\" \/>\t\t\t\t\t\t\t\t<\/a>\n\t\t\t\t\t\t\t\t\t\t\t\t\t\t\t<\/div>\n\t\t\t\t<\/div>\n\t\t\t\t<div class=\"elementor-element elementor-element-e2aad80 elementor-widget elementor-widget-heading\" data-id=\"e2aad80\" data-element_type=\"widget\" data-e-type=\"widget\" data-widget_type=\"heading.default\">\n\t\t\t\t<div class=\"elementor-widget-container\">\n\t\t\t\t\t<h3 class=\"elementor-heading-title elementor-size-default\">Salsa u mo\u0159e s Jesusem<\/h3>\t\t\t\t<\/div>\n\t\t\t\t<\/div>\n\t\t\t\t<div class=\"elementor-element elementor-element-c9bd1f9 elementor-widget elementor-widget-text-editor\" data-id=\"c9bd1f9\" data-element_type=\"widget\" data-e-type=\"widget\" data-widget_type=\"text-editor.default\">\n\t\t\t\t<div class=\"elementor-widget-container\">\n\t\t\t\t\t\t\t\t\t<h4 style=\"text-align: center;\">intermediate<\/h4>\t\t\t\t\t\t\t\t<\/div>\n\t\t\t\t<\/div>\n\t\t\t\t<div class=\"elementor-element elementor-element-40bda99 elementor-widget elementor-widget-text-editor\" data-id=\"40bda99\" data-element_type=\"widget\" data-e-type=\"widget\" data-widget_type=\"text-editor.default\">\n\t\t\t\t<div class=\"elementor-widget-container\">\n\t\t\t\t\t\t\t\t\t<p style=\"text-align: center;\">Dates: August 15 \u2013 August 22, 2026<\/p><p style=\"text-align: center;\"><strong>Price : 17.550,- CZK<\/strong> \/ dosp\u011bl\u00fd v\u010d. full passu a polopenze<\/p>\t\t\t\t\t\t\t\t<\/div>\n\t\t\t\t<\/div>\n\t\t\t\t<\/div>\n\t\t<div class=\"elementor-element elementor-element-cb1a0a7 e-con-full e-flex e-con e-child\" data-id=\"cb1a0a7\" data-element_type=\"container\" data-e-type=\"container\">\n\t\t\t\t<\/div>\n\t\t<div class=\"elementor-element elementor-element-727db0a e-con-full e-flex e-con e-child\" data-id=\"727db0a\" data-element_type=\"container\" data-e-type=\"container\">\n\t\t\t\t<\/div>\n\t\t\t\t\t<\/div>\n\t\t\t\t<\/div>\n\t\t<div class=\"elementor-element elementor-element-2a167d2 e-flex e-con-boxed e-con e-parent\" data-id=\"2a167d2\" data-element_type=\"container\" data-e-type=\"container\">\n\t\t\t\t\t<div class=\"e-con-inner\">\n\t\t<div class=\"elementor-element elementor-element-4d8a074 e-con-full e-flex e-con e-child\" data-id=\"4d8a074\" data-element_type=\"container\" data-e-type=\"container\">\n\t\t<div class=\"elementor-element elementor-element-31f18fb e-con-full e-flex e-con e-child\" data-id=\"31f18fb\" data-element_type=\"container\" data-e-type=\"container\">\n\t\t\t\t<div class=\"elementor-element elementor-element-c6233fa elementor-widget elementor-widget-button\" data-id=\"c6233fa\" data-element_type=\"widget\" data-e-type=\"widget\" data-widget_type=\"button.default\">\n\t\t\t\t<div class=\"elementor-widget-container\">\n\t\t\t\t\t\t\t\t\t<div class=\"elementor-button-wrapper\">\n\t\t\t\t\t<a class=\"elementor-button elementor-button-link elementor-size-sm\" href=\"https:\/\/www.daretodance.cz\/en\/zajezdy\/sicilie2026\/\">\n\t\t\t\t\t\t<span class=\"elementor-button-content-wrapper\">\n\t\t\t\t\t\t\t\t\t<span class=\"elementor-button-text\">More information<\/span>\n\t\t\t\t\t<\/span>\n\t\t\t\t\t<\/a>\n\t\t\t\t<\/div>\n\t\t\t\t\t\t\t\t<\/div>\n\t\t\t\t<\/div>\n\t\t\t\t<div class=\"elementor-element elementor-element-2d78ab8 elementor-align-right elementor-widget elementor-widget-button\" data-id=\"2d78ab8\" data-element_type=\"widget\" data-e-type=\"widget\" data-widget_type=\"button.default\">\n\t\t\t\t<div class=\"elementor-widget-container\">\n\t\t\t\t\t\t\t\t\t<div class=\"elementor-button-wrapper\">\n\t\t\t\t\t<a class=\"elementor-button elementor-button-link elementor-size-sm\" href=\"https:\/\/www.daretodance.cz\/en\/zajezdy\/sicilie2026\/#regsic\">\n\t\t\t\t\t\t<span class=\"elementor-button-content-wrapper\">\n\t\t\t\t\t\t\t\t\t<span class=\"elementor-button-text\">Registration<\/span>\n\t\t\t\t\t<\/span>\n\t\t\t\t\t<\/a>\n\t\t\t\t<\/div>\n\t\t\t\t\t\t\t\t<\/div>\n\t\t\t\t<\/div>\n\t\t\t\t<\/div>\n\t\t\t\t<\/div>\n\t\t<div class=\"elementor-element elementor-element-f574252 e-con-full e-flex e-con e-child\" data-id=\"f574252\" data-element_type=\"container\" data-e-type=\"container\">\n\t\t<div class=\"elementor-element elementor-element-a1aa213 e-con-full e-flex e-con e-child\" data-id=\"a1aa213\" data-element_type=\"container\" data-e-type=\"container\">\n\t\t\t\t<div class=\"elementor-element elementor-element-114a506 elementor-widget elementor-widget-button\" data-id=\"114a506\" data-element_type=\"widget\" data-e-type=\"widget\" data-widget_type=\"button.default\">\n\t\t\t\t<div class=\"elementor-widget-container\">\n\t\t\t\t\t\t\t\t\t<div class=\"elementor-button-wrapper\">\n\t\t\t\t\t<a class=\"elementor-button elementor-button-link elementor-size-sm\" href=\"https:\/\/www.daretodance.cz\/en\/zajezdy\/chorvatsko2026\/\">\n\t\t\t\t\t\t<span class=\"elementor-button-content-wrapper\">\n\t\t\t\t\t\t\t\t\t<span class=\"elementor-button-text\">More information<\/span>\n\t\t\t\t\t<\/span>\n\t\t\t\t\t<\/a>\n\t\t\t\t<\/div>\n\t\t\t\t\t\t\t\t<\/div>\n\t\t\t\t<\/div>\n\t\t\t\t<div class=\"elementor-element elementor-element-74dae5b elementor-align-right elementor-widget elementor-widget-button\" data-id=\"74dae5b\" data-element_type=\"widget\" data-e-type=\"widget\" data-widget_type=\"button.default\">\n\t\t\t\t<div class=\"elementor-widget-container\">\n\t\t\t\t\t\t\t\t\t<div class=\"elementor-button-wrapper\">\n\t\t\t\t\t<a class=\"elementor-button elementor-button-link elementor-size-sm\" href=\"https:\/\/www.daretodance.cz\/en\/zajezdy\/chorvatsko2026\/#reghr\">\n\t\t\t\t\t\t<span class=\"elementor-button-content-wrapper\">\n\t\t\t\t\t\t\t\t\t<span class=\"elementor-button-text\">Registration<\/span>\n\t\t\t\t\t<\/span>\n\t\t\t\t\t<\/a>\n\t\t\t\t<\/div>\n\t\t\t\t\t\t\t\t<\/div>\n\t\t\t\t<\/div>\n\t\t\t\t<\/div>\n\t\t\t\t<\/div>\n\t\t<div class=\"elementor-element elementor-element-00c6614 e-con-full e-flex e-con e-child\" data-id=\"00c6614\" data-element_type=\"container\" data-e-type=\"container\">\n\t\t\t\t<\/div>\n\t\t\t\t\t<\/div>\n\t\t\t\t<\/div>\n\t\t\t\t<\/div>","protected":false},"excerpt":{"rendered":"<p>NAB\u00cdDKA TANE\u010cN\u00cdCH Z\u00c1JEZD\u016e Mil\u00ed tane\u010dn\u00ed nad\u0161enci!Chcete spojit odpo\u010dinek s intenzivn\u00edm tr\u00e9ninkem a posunout se zase o kus d\u00e1l? P\u0159ipravili jsme pro v\u00e1s V\u00ddJIME\u010cN\u00c9 TANE\u010cN\u00cd POBYTY, kter\u00e9 v\u00e1s nadchnou. Bohyn\u011b Sic\u00edlie Tan\u010d\u00edc\u00ed du\u0161e Term\u00edn : 28.4. &#8211; 3.5.2026 Cena : 19.990,- K\u010d Salsa u mo\u0159e s Jesusem st\u0159edn\u011b pokro\u010dil\u00ed Term\u00edn : 15.8. &#8211; 22.8.2026 Cena :&#8230;<\/p>","protected":false},"author":1,"featured_media":0,"parent":0,"menu_order":0,"comment_status":"closed","ping_status":"closed","template":"","meta":{"_kadence_starter_templates_imported_post":true,"_kad_post_transparent":"","_kad_post_title":"hide","_kad_post_layout":"fullwidth","_kad_post_sidebar_id":"","_kad_post_content_style":"unboxed","_kad_post_vertical_padding":"hide","_kad_post_feature":"hide","_kad_post_feature_position":"","_kad_post_header":false,"_kad_post_footer":false,"footnotes":""},"class_list":["post-1782","page","type-page","status-publish","hentry"],"_links":{"self":[{"href":"https:\/\/www.daretodance.cz\/en\/wp-json\/wp\/v2\/pages\/1782","targetHints":{"allow":["GET"]}}],"collection":[{"href":"https:\/\/www.daretodance.cz\/en\/wp-json\/wp\/v2\/pages"}],"about":[{"href":"https:\/\/www.daretodance.cz\/en\/wp-json\/wp\/v2\/types\/page"}],"author":[{"embeddable":true,"href":"https:\/\/www.daretodance.cz\/en\/wp-json\/wp\/v2\/users\/1"}],"replies":[{"embeddable":true,"href":"https:\/\/www.daretodance.cz\/en\/wp-json\/wp\/v2\/comments?post=1782"}],"version-history":[{"count":252,"href":"https:\/\/www.daretodance.cz\/en\/wp-json\/wp\/v2\/pages\/1782\/revisions"}],"predecessor-version":[{"id":5235,"href":"https:\/\/www.daretodance.cz\/en\/wp-json\/wp\/v2\/pages\/1782\/revisions\/5235"}],"wp:attachment":[{"href":"https:\/\/www.daretodance.cz\/en\/wp-json\/wp\/v2\/media?parent=1782"}],"curies":[{"name":"wp","href":"https:\/\/api.w.org\/{rel}","templated":true}]}}