{"id":2944,"date":"2025-04-23T10:44:18","date_gmt":"2025-04-23T08:44:18","guid":{"rendered":"https:\/\/www.daretodance.cz\/?page_id=2944"},"modified":"2026-01-16T17:11:40","modified_gmt":"2026-01-16T16:11:40","slug":"maria","status":"publish","type":"page","link":"https:\/\/www.daretodance.cz\/en\/home\/o-nas\/spolupracujeme\/maria\/","title":{"rendered":"Maria"},"content":{"rendered":"<div data-elementor-type=\"wp-page\" data-elementor-id=\"2944\" class=\"elementor elementor-2944\">\n\t\t\t\t<div class=\"elementor-element elementor-element-4df69f5 e-flex e-con-boxed e-con e-parent\" data-id=\"4df69f5\" data-element_type=\"container\" data-e-type=\"container\">\n\t\t\t\t\t<div class=\"e-con-inner\">\n\t\t<div class=\"elementor-element elementor-element-9665ddb e-con-full e-flex e-con e-child\" data-id=\"9665ddb\" data-element_type=\"container\" data-e-type=\"container\">\n\t\t\t\t<div class=\"elementor-element elementor-element-9903f7f elementor-widget elementor-widget-heading\" data-id=\"9903f7f\" data-element_type=\"widget\" data-e-type=\"widget\" data-widget_type=\"heading.default\">\n\t\t\t\t<div class=\"elementor-widget-container\">\n\t\t\t\t\t<h2 class=\"elementor-heading-title elementor-size-default\">Mar\u00eda Isabel Echemend\u00eda Artiaga<\/h2>\t\t\t\t<\/div>\n\t\t\t\t<\/div>\n\t\t\t\t<div class=\"elementor-element elementor-element-5f35a5a elementor-widget elementor-widget-text-editor\" data-id=\"5f35a5a\" data-element_type=\"widget\" data-e-type=\"widget\" data-widget_type=\"text-editor.default\">\n\t\t\t\t<div class=\"elementor-widget-container\">\n\t\t\t\t\t\t\t\t\t<p><strong>Artistic career<\/strong><br \/>Cuban artist with more than 15 years of international experience, whose professional journey represents a combination of natural talent, systematic education, and deep dedication to the art of dance. She specializes in contemporary dance, Cuban folk dances, and choreographic performances. Her interpretive style is characterized by versatility, creativity, originality, and perfect dance technique.<\/p><p><strong>Dance Education<\/strong><\/p><ul><li>Academy of Narciso Medina \u2013 Contemporary Dance and Folk Dances (2003\u20132004)<\/li><li>National Center for Artistic Dance Education \u2013 Professional Development Course (2004\u20132005)<\/li><\/ul><p><strong>Professional achievements<\/strong><br \/>Mar\u00eda Isabel has had a rich dance career, which began in 2005 with performances in Santiago de Cuba. Among her most significant achievements are collaborations with the legendary Buena Vista Social Club, participation in music videos for leading Cuban artists, and performances in the prestigious play \"Homofobia\" at Havana's Karl Marx Theater. Since 2014, she has been working in the Czech Republic, where she is a member of the Tradici\u00f3n ensemble, collaborates with significant personalities of the Czech music scene such as Dara Rollins and Helena Hondra\u0161kov\u00e1, and teaches Cuban dances. Thanks to her professional certification from 2012 and rich experiences from Cuban cabarets and hotel shows, she has become a sought-after instructor.<\/p><p><strong>Dance mastery<\/strong><br \/>Mar\u00eda Isabel confidently masters a wide spectrum of dance techniques - from contemporary through salsa to traditional Cuban folklore. Her interpretive style is characterized by authenticity, technical brilliance, and the ability to connect traditional elements with modern dance trends.<\/p><p><strong>Pedagogical approach<\/strong><br \/>As an excellent instructor and talented choreographer, Mar\u00eda Isabel can impart her rich experiences in an accessible and inspiring way. Her pedagogical approach combines technical precision with an emphasis on fidelity to cultural roots and the joy of movement. Under her personal guidance, students have a unique opportunity to delve into the secrets of Cuban dances directly from an artist who embodies their highest artistic level.<\/p>\t\t\t\t\t\t\t\t<\/div>\n\t\t\t\t<\/div>\n\t\t\t\t<\/div>\n\t\t<div class=\"elementor-element elementor-element-1b8f3d8 e-con-full e-flex e-con e-child\" data-id=\"1b8f3d8\" data-element_type=\"container\" data-e-type=\"container\">\n\t\t\t\t<div class=\"elementor-element elementor-element-aaad8cb elementor-arrows-position-inside elementor-pagination-position-outside elementor-widget elementor-widget-image-carousel\" data-id=\"aaad8cb\" data-element_type=\"widget\" data-e-type=\"widget\" data-settings=\"{&quot;slides_to_show&quot;:&quot;1&quot;,&quot;navigation&quot;:&quot;both&quot;,&quot;autoplay&quot;:&quot;yes&quot;,&quot;pause_on_hover&quot;:&quot;yes&quot;,&quot;pause_on_interaction&quot;:&quot;yes&quot;,&quot;autoplay_speed&quot;:5000,&quot;infinite&quot;:&quot;yes&quot;,&quot;effect&quot;:&quot;slide&quot;,&quot;speed&quot;:500}\" data-widget_type=\"image-carousel.default\">\n\t\t\t\t<div class=\"elementor-widget-container\">\n\t\t\t\t\t\t\t<div class=\"elementor-image-carousel-wrapper swiper\" role=\"region\" aria-roledescription=\"carousel\" aria-label=\"Obr\u00e1zkov\u00fd koloto\u010d\" dir=\"ltr\">\n\t\t\t<div class=\"elementor-image-carousel swiper-wrapper swiper-image-stretch\" aria-live=\"off\">\n\t\t\t\t\t\t\t\t<div class=\"swiper-slide\" role=\"group\" aria-roledescription=\"slide\" aria-label=\"1 z 8\"><figure class=\"swiper-slide-inner\"><img decoding=\"async\" class=\"swiper-slide-image\" src=\"https:\/\/www.daretodance.cz\/wp-content\/uploads\/2025\/04\/70632528_930942803919413_509342950476480512_n.jpg\" alt=\"70632528_930942803919413_509342950476480512_n\" \/><\/figure><\/div><div class=\"swiper-slide\" role=\"group\" aria-roledescription=\"slide\" aria-label=\"2 z 8\"><figure class=\"swiper-slide-inner\"><img decoding=\"async\" class=\"swiper-slide-image\" src=\"https:\/\/www.daretodance.cz\/wp-content\/uploads\/2025\/04\/459866721_2244059175941096_6306350599703248673_n.jpg\" alt=\"459866721_2244059175941096_6306350599703248673_n\" \/><\/figure><\/div><div class=\"swiper-slide\" role=\"group\" aria-roledescription=\"slide\" aria-label=\"3 z 8\"><figure class=\"swiper-slide-inner\"><img decoding=\"async\" class=\"swiper-slide-image\" src=\"https:\/\/www.daretodance.cz\/wp-content\/uploads\/2025\/04\/486631070_2409265602753785_6506829702649658081_n.jpg\" alt=\"486631070_2409265602753785_6506829702649658081_n\" \/><\/figure><\/div><div class=\"swiper-slide\" role=\"group\" aria-roledescription=\"slide\" aria-label=\"4 z 8\"><figure class=\"swiper-slide-inner\"><img decoding=\"async\" class=\"swiper-slide-image\" src=\"https:\/\/www.daretodance.cz\/wp-content\/uploads\/2025\/04\/487504554_2413017012378644_1028186750331210083_n-1024x1024.jpg\" alt=\"487504554_2413017012378644_1028186750331210083_n\" \/><\/figure><\/div><div class=\"swiper-slide\" role=\"group\" aria-roledescription=\"slide\" aria-label=\"5 z 8\"><figure class=\"swiper-slide-inner\"><img decoding=\"async\" class=\"swiper-slide-image\" src=\"https:\/\/www.daretodance.cz\/wp-content\/uploads\/2025\/04\/ad367ce8-f118-45c3-a673-c8126421bf82-1007x1024.jpeg\" alt=\"ad367ce8-f118-45c3-a673-c8126421bf82\" \/><\/figure><\/div><div class=\"swiper-slide\" role=\"group\" aria-roledescription=\"slide\" aria-label=\"6 z 8\"><figure class=\"swiper-slide-inner\"><img decoding=\"async\" class=\"swiper-slide-image\" src=\"https:\/\/www.daretodance.cz\/wp-content\/uploads\/2025\/04\/485675810_2406214069725605_1333299386657303429_n-1024x1024.jpg\" alt=\"485675810_2406214069725605_1333299386657303429_n\" \/><\/figure><\/div><div class=\"swiper-slide\" role=\"group\" aria-roledescription=\"slide\" aria-label=\"7 z 8\"><figure class=\"swiper-slide-inner\"><img decoding=\"async\" class=\"swiper-slide-image\" src=\"https:\/\/www.daretodance.cz\/wp-content\/uploads\/2025\/04\/1a853139-467d-469c-ac79-0da010386c40-768x1024.jpeg\" alt=\"1a853139-467d-469c-ac79-0da010386c40\" \/><\/figure><\/div><div class=\"swiper-slide\" role=\"group\" aria-roledescription=\"slide\" aria-label=\"8 z 8\"><figure class=\"swiper-slide-inner\"><img decoding=\"async\" class=\"swiper-slide-image\" src=\"https:\/\/www.daretodance.cz\/wp-content\/uploads\/2025\/04\/461349663_2251736055173408_3833181610354183061_n.jpg\" alt=\"461349663_2251736055173408_3833181610354183061_n\" \/><\/figure><\/div>\t\t\t<\/div>\n\t\t\t\t\t\t\t\t\t\t\t\t<div class=\"elementor-swiper-button elementor-swiper-button-prev\" role=\"button\" tabindex=\"0\">\n\t\t\t\t\t\t<svg aria-hidden=\"true\" class=\"e-font-icon-svg e-eicon-chevron-left\" viewbox=\"0 0 1000 1000\" xmlns=\"http:\/\/www.w3.org\/2000\/svg\"><path d=\"M646 125C629 125 613 133 604 142L308 442C296 454 292 471 292 487 292 504 296 521 308 533L604 854C617 867 629 875 646 875 663 875 679 871 692 858 704 846 713 829 713 812 713 796 708 779 692 767L438 487 692 225C700 217 708 204 708 187 708 171 704 154 692 142 675 129 663 125 646 125Z\"><\/path><\/svg>\t\t\t\t\t<\/div>\n\t\t\t\t\t<div class=\"elementor-swiper-button elementor-swiper-button-next\" role=\"button\" tabindex=\"0\">\n\t\t\t\t\t\t<svg aria-hidden=\"true\" class=\"e-font-icon-svg e-eicon-chevron-right\" viewbox=\"0 0 1000 1000\" xmlns=\"http:\/\/www.w3.org\/2000\/svg\"><path d=\"M696 533C708 521 713 504 713 487 713 471 708 454 696 446L400 146C388 133 375 125 354 125 338 125 325 129 313 142 300 154 292 171 292 187 292 204 296 221 308 233L563 492 304 771C292 783 288 800 288 817 288 833 296 850 308 863 321 871 338 875 354 875 371 875 388 867 400 854L696 533Z\"><\/path><\/svg>\t\t\t\t\t<\/div>\n\t\t\t\t\n\t\t\t\t\t\t\t\t\t<div class=\"swiper-pagination\"><\/div>\n\t\t\t\t\t\t\t\t\t<\/div>\n\t\t\t\t\t\t<\/div>\n\t\t\t\t<\/div>\n\t\t\t\t<\/div>\n\t\t\t\t\t<\/div>\n\t\t\t\t<\/div>\n\t\t\t\t<\/div>","protected":false},"excerpt":{"rendered":"<p>Mar\u00eda Isabel Echemend\u00eda Artiaga Um\u011bleck\u00e1 dr\u00e1haKub\u00e1nsk\u00e1 um\u011blkyn\u011b s v\u00edce ne\u017e 15let\u00fdmi mezin\u00e1rodn\u00edmi zku\u0161enostmi, jej\u00ed\u017e profesion\u00e1ln\u00ed cesta p\u0159edstavuje spojen\u00ed p\u0159irozen\u00e9ho talentu, systematick\u00e9ho vzd\u011bl\u00e1v\u00e1n\u00ed a hlubok\u00e9 oddanosti tane\u010dn\u00edmu um\u011bn\u00ed. Specializuje se na sou\u010dasn\u00fd tanec, kub\u00e1nsk\u00e9 lidov\u00e9 tance a choreografick\u00e1 p\u0159edstaven\u00ed. Jej\u00ed interpreta\u010dn\u00ed styl se vyzna\u010duje v\u0161estrannost\u00ed, kreativitou, originalitou a dokonalou tane\u010dn\u00ed technikou. Tane\u010dn\u00ed vzd\u011bl\u00e1n\u00ed Akademie Narciso Medina&#8230;<\/p>","protected":false},"author":1,"featured_media":0,"parent":4233,"menu_order":0,"comment_status":"closed","ping_status":"closed","template":"","meta":{"_kadence_starter_templates_imported_post":false,"_kad_post_transparent":"","_kad_post_title":"hide","_kad_post_layout":"fullwidth","_kad_post_sidebar_id":"","_kad_post_content_style":"unboxed","_kad_post_vertical_padding":"hide","_kad_post_feature":"hide","_kad_post_feature_position":"","_kad_post_header":false,"_kad_post_footer":false,"footnotes":""},"class_list":["post-2944","page","type-page","status-publish","hentry"],"_links":{"self":[{"href":"https:\/\/www.daretodance.cz\/en\/wp-json\/wp\/v2\/pages\/2944","targetHints":{"allow":["GET"]}}],"collection":[{"href":"https:\/\/www.daretodance.cz\/en\/wp-json\/wp\/v2\/pages"}],"about":[{"href":"https:\/\/www.daretodance.cz\/en\/wp-json\/wp\/v2\/types\/page"}],"author":[{"embeddable":true,"href":"https:\/\/www.daretodance.cz\/en\/wp-json\/wp\/v2\/users\/1"}],"replies":[{"embeddable":true,"href":"https:\/\/www.daretodance.cz\/en\/wp-json\/wp\/v2\/comments?post=2944"}],"version-history":[{"count":10,"href":"https:\/\/www.daretodance.cz\/en\/wp-json\/wp\/v2\/pages\/2944\/revisions"}],"predecessor-version":[{"id":2975,"href":"https:\/\/www.daretodance.cz\/en\/wp-json\/wp\/v2\/pages\/2944\/revisions\/2975"}],"up":[{"embeddable":true,"href":"https:\/\/www.daretodance.cz\/en\/wp-json\/wp\/v2\/pages\/4233"}],"wp:attachment":[{"href":"https:\/\/www.daretodance.cz\/en\/wp-json\/wp\/v2\/media?parent=2944"}],"curies":[{"name":"wp","href":"https:\/\/api.w.org\/{rel}","templated":true}]}}