{"id":2995,"date":"2025-05-19T12:01:12","date_gmt":"2025-05-19T10:01:12","guid":{"rendered":"https:\/\/www.daretodance.cz\/?page_id=2995"},"modified":"2026-04-03T14:50:04","modified_gmt":"2026-04-03T12:50:04","slug":"kurzy","status":"publish","type":"page","link":"https:\/\/www.daretodance.cz\/en\/kurzy\/","title":{"rendered":"Dance courses"},"content":{"rendered":"\t\t<div data-elementor-type=\"wp-page\" data-elementor-id=\"2995\" class=\"elementor elementor-2995\">\n\t\t\t\t<div class=\"elementor-element elementor-element-058195b e-flex e-con-boxed e-con e-parent\" data-id=\"058195b\" data-element_type=\"container\" data-e-type=\"container\">\n\t\t\t\t\t<div class=\"e-con-inner\">\n\t\t\t\t<div class=\"elementor-element elementor-element-02b75b2 elementor-widget elementor-widget-heading\" data-id=\"02b75b2\" data-element_type=\"widget\" data-e-type=\"widget\" data-widget_type=\"heading.default\">\n\t\t\t\t<div class=\"elementor-widget-container\">\n\t\t\t\t\t<h2 class=\"elementor-heading-title elementor-size-default\">Tane\u010dn\u00ed kurzy<\/h2>\t\t\t\t<\/div>\n\t\t\t\t<\/div>\n\t\t\t\t\t<\/div>\n\t\t\t\t<\/div>\n\t\t<div class=\"elementor-element elementor-element-6b419cb e-flex e-con-boxed e-con e-parent\" data-id=\"6b419cb\" data-element_type=\"container\" data-e-type=\"container\">\n\t\t\t\t\t<div class=\"e-con-inner\">\n\t\t<div class=\"elementor-element elementor-element-ca0de09 e-con-full e-flex e-con e-child\" data-id=\"ca0de09\" data-element_type=\"container\" data-e-type=\"container\">\n\t\t\t\t<\/div>\n\t\t<div class=\"elementor-element elementor-element-b48d602 e-con-full e-flex e-con e-child\" data-id=\"b48d602\" data-element_type=\"container\" data-e-type=\"container\">\n\t\t\t\t<div class=\"elementor-element elementor-element-b9ed94f elementor-widget elementor-widget-image\" data-id=\"b9ed94f\" data-element_type=\"widget\" data-e-type=\"widget\" data-widget_type=\"image.default\">\n\t\t\t\t<div class=\"elementor-widget-container\">\n\t\t\t\t\t\t\t\t\t\t\t\t\t\t\t\t<a href=\"https:\/\/www.daretodance.cz\/kurzy\/salsa-mirne-pokrocili\/\">\n\t\t\t\t\t\t\t<img fetchpriority=\"high\" decoding=\"async\" width=\"724\" height=\"1024\" src=\"https:\/\/www.daretodance.cz\/wp-content\/uploads\/2026\/04\/letak-salsa-bachata-jaro-2026-724x1024.jpg\" class=\"attachment-large size-large wp-image-5240\" alt=\"\" srcset=\"https:\/\/www.daretodance.cz\/wp-content\/uploads\/2026\/04\/letak-salsa-bachata-jaro-2026-724x1024.jpg 724w, https:\/\/www.daretodance.cz\/wp-content\/uploads\/2026\/04\/letak-salsa-bachata-jaro-2026-212x300.jpg 212w, https:\/\/www.daretodance.cz\/wp-content\/uploads\/2026\/04\/letak-salsa-bachata-jaro-2026-768x1086.jpg 768w, https:\/\/www.daretodance.cz\/wp-content\/uploads\/2026\/04\/letak-salsa-bachata-jaro-2026-1086x1536.jpg 1086w, https:\/\/www.daretodance.cz\/wp-content\/uploads\/2026\/04\/letak-salsa-bachata-jaro-2026-8x12.jpg 8w, https:\/\/www.daretodance.cz\/wp-content\/uploads\/2026\/04\/letak-salsa-bachata-jaro-2026.jpg 1414w\" sizes=\"(max-width: 724px) 100vw, 724px\" \/>\t\t\t\t\t\t\t\t<\/a>\n\t\t\t\t\t\t\t\t\t\t\t\t\t\t\t<\/div>\n\t\t\t\t<\/div>\n\t\t\t\t<div class=\"elementor-element elementor-element-503806f elementor-widget elementor-widget-heading\" data-id=\"503806f\" data-element_type=\"widget\" data-e-type=\"widget\" data-widget_type=\"heading.default\">\n\t\t\t\t<div class=\"elementor-widget-container\">\n\t\t\t\t\t<h3 class=\"elementor-heading-title elementor-size-default\">Kurzy Salsy a Bachaty<\/h3>\t\t\t\t<\/div>\n\t\t\t\t<\/div>\n\t\t\t\t<div class=\"elementor-element elementor-element-3234b78 elementor-widget elementor-widget-text-editor\" data-id=\"3234b78\" data-element_type=\"widget\" data-e-type=\"widget\" data-widget_type=\"text-editor.default\">\n\t\t\t\t<div class=\"elementor-widget-container\">\n\t\t\t\t\t\t\t\t\t<p style=\"text-align: center;\"><strong>M\u00edrn\u011b pokro\u010dil\u00ed<\/strong><\/p><p style=\"text-align: center;\">20.4. \u2013 22.6.2026<br \/>pond\u011blky od 18:30 do 20:00<\/p><p style=\"text-align: center;\">Cena : 4.500,-K\u010d \/ 10 lekc\u00ed po 90min<\/p>\t\t\t\t\t\t\t\t<\/div>\n\t\t\t\t<\/div>\n\t\t<div class=\"elementor-element elementor-element-469a701 e-con-full e-flex e-con e-child\" data-id=\"469a701\" data-element_type=\"container\" data-e-type=\"container\">\n\t\t\t\t<div class=\"elementor-element elementor-element-d0edfa1 elementor-widget elementor-widget-button\" data-id=\"d0edfa1\" data-element_type=\"widget\" data-e-type=\"widget\" data-widget_type=\"button.default\">\n\t\t\t\t<div class=\"elementor-widget-container\">\n\t\t\t\t\t\t\t\t\t<div class=\"elementor-button-wrapper\">\n\t\t\t\t\t<a class=\"elementor-button elementor-button-link elementor-size-sm\" href=\"https:\/\/www.daretodance.cz\/kurzy\/salsa-mirne-pokrocili\/\">\n\t\t\t\t\t\t<span class=\"elementor-button-content-wrapper\">\n\t\t\t\t\t\t\t\t\t<span class=\"elementor-button-text\">V\u00edce informac\u00ed<\/span>\n\t\t\t\t\t<\/span>\n\t\t\t\t\t<\/a>\n\t\t\t\t<\/div>\n\t\t\t\t\t\t\t\t<\/div>\n\t\t\t\t<\/div>\n\t\t\t\t<div class=\"elementor-element elementor-element-e7860d5 elementor-widget elementor-widget-button\" data-id=\"e7860d5\" data-element_type=\"widget\" data-e-type=\"widget\" data-widget_type=\"button.default\">\n\t\t\t\t<div class=\"elementor-widget-container\">\n\t\t\t\t\t\t\t\t\t<div class=\"elementor-button-wrapper\">\n\t\t\t\t\t<a class=\"elementor-button elementor-button-link elementor-size-sm\" href=\"https:\/\/www.daretodance.cz\/kurzy\/#kurzy-regform\">\n\t\t\t\t\t\t<span class=\"elementor-button-content-wrapper\">\n\t\t\t\t\t\t\t\t\t<span class=\"elementor-button-text\">Registrace<\/span>\n\t\t\t\t\t<\/span>\n\t\t\t\t\t<\/a>\n\t\t\t\t<\/div>\n\t\t\t\t\t\t\t\t<\/div>\n\t\t\t\t<\/div>\n\t\t\t\t<\/div>\n\t\t\t\t<\/div>\n\t\t\t\t\t<\/div>\n\t\t\t\t<\/div>\n\t\t<div class=\"elementor-element elementor-element-08d66be e-flex e-con-boxed e-con e-parent\" data-id=\"08d66be\" data-element_type=\"container\" data-e-type=\"container\">\n\t\t\t\t\t<div class=\"e-con-inner\">\n\t\t\t\t<div class=\"elementor-element elementor-element-3f4d01e elementor-widget-divider--view-line elementor-widget elementor-widget-divider\" data-id=\"3f4d01e\" data-element_type=\"widget\" data-e-type=\"widget\" data-widget_type=\"divider.default\">\n\t\t\t\t<div class=\"elementor-widget-container\">\n\t\t\t\t\t\t\t<div class=\"elementor-divider\">\n\t\t\t<span class=\"elementor-divider-separator\">\n\t\t\t\t\t\t<\/span>\n\t\t<\/div>\n\t\t\t\t\t\t<\/div>\n\t\t\t\t<\/div>\n\t\t\t\t<div class=\"elementor-element elementor-element-cd3dfdd elementor-widget elementor-widget-menu-anchor\" data-id=\"cd3dfdd\" data-element_type=\"widget\" data-e-type=\"widget\" data-widget_type=\"menu-anchor.default\">\n\t\t\t\t<div class=\"elementor-widget-container\">\n\t\t\t\t\t\t\t<div class=\"elementor-menu-anchor\" id=\"kurzy-regform\"><\/div>\n\t\t\t\t\t\t<\/div>\n\t\t\t\t<\/div>\n\t\t\t\t<div class=\"elementor-element elementor-element-f8f1054 elementor-widget elementor-widget-heading\" data-id=\"f8f1054\" data-element_type=\"widget\" data-e-type=\"widget\" data-widget_type=\"heading.default\">\n\t\t\t\t<div class=\"elementor-widget-container\">\n\t\t\t\t\t<h2 class=\"elementor-heading-title elementor-size-default\">Registra\u010dn\u00ed formul\u00e1\u0159<\/h2>\t\t\t\t<\/div>\n\t\t\t\t<\/div>\n\t\t\t\t<div class=\"elementor-element elementor-element-3eb31ed fluentform-widget-submit-button-custom elementor-widget elementor-widget-fluent-form-widget\" data-id=\"3eb31ed\" data-element_type=\"widget\" data-e-type=\"widget\" data-widget_type=\"fluent-form-widget.default\">\n\t\t\t\t<div class=\"elementor-widget-container\">\n\t\t\t\t\t\n            <div class=\"fluentform-widget-wrapper fluentform-widget-align-default\">\n\n            \n            <div class='fluentform ff-default fluentform_wrapper_5 ffs_default_wrap'><form data-form_id=\"5\" id=\"fluentform_5\" class=\"frm-fluent-form fluent_form_5 ff-el-form-top ff_form_instance_5_1 ff-form-loading ff_has_v3_recptcha ffs_default\" data-form_instance=\"ff_form_instance_5_1\" method=\"POST\" data-recptcha_key=\"6Lcw5AgrAAAAANhxU0rxRwNHVKi34i6O-Fzne21b\" ><fieldset  style=\"border: none!important;margin: 0!important;padding: 0!important;background-color: transparent!important;box-shadow: none!important;outline: none!important; min-inline-size: 100%;\">\n                    <legend class=\"ff_screen_reader_title\" style=\"display: block; margin: 0!important;padding: 0!important;height: 0!important;text-indent: -999999px;width: 0!important;overflow:hidden;\">Registra\u010dn\u00ed formul\u00e1\u0159 - kurzy<\/legend><input type='hidden' name='__fluent_form_embded_post_id' value='2995' \/><input type=\"hidden\" id=\"_fluentform_5_fluentformnonce\" name=\"_fluentform_5_fluentformnonce\" value=\"0e8056c9d9\" \/><input type=\"hidden\" name=\"_wp_http_referer\" value=\"\/en\/wp-json\/wp\/v2\/pages\/2995\" \/><div data-type=\"name-element\" data-name=\"names\" class=\" ff-field_container ff-name-field-wrapper\" ><div class='ff-t-container'><div class='ff-t-cell '><div class='ff-el-group ff-el-form-top'><div class=\"ff-el-input--label ff-el-is-required asterisk-right\"><label for='ff_5_names_first_name_' id='label_ff_5_names_first_name_' >Jm\u00e9no<\/label><\/div><div class='ff-el-input--content'><input type=\"text\" name=\"names[first_name]\" id=\"ff_5_names_first_name_\" class=\"ff-el-form-control\" aria-invalid=\"false\" aria-required=true><\/div><\/div><\/div><div class='ff-t-cell '><div class='ff-el-group ff-el-form-top'><div class=\"ff-el-input--label ff-el-is-required asterisk-right\"><label for='ff_5_names_last_name_' id='label_ff_5_names_last_name_' >P\u0159\u00edjmen\u00ed<\/label><\/div><div class='ff-el-input--content'><input type=\"text\" name=\"names[last_name]\" id=\"ff_5_names_last_name_\" class=\"ff-el-form-control\" aria-invalid=\"false\" aria-required=true><\/div><\/div><\/div><\/div><\/div><div data-name=\"ff_cn_id_1\"  class='ff-t-container ff-column-container ff_columns_total_2 '><div class='ff-t-cell ff-t-column-1' style='flex-basis: 50%;'><div class='ff-el-group'><div class=\"ff-el-input--label ff-el-is-required asterisk-right\"><label for='ff_5_email' id='label_ff_5_email' aria-label=\"Email\">Email<\/label><\/div><div class='ff-el-input--content'><input type=\"email\" name=\"email\" id=\"ff_5_email\" class=\"ff-el-form-control\" data-name=\"email\"  aria-invalid=\"false\" aria-required=true><\/div><\/div><\/div><div class='ff-t-cell ff-t-column-2' style='flex-basis: 50%;'><div class='ff-el-group'><div class=\"ff-el-input--label ff-el-is-required asterisk-right\"><label for='ff_5_numeric_field' id='label_ff_5_numeric_field' aria-label=\"Telefon\">Telefon<\/label><\/div><div class='ff-el-input--content'><input type=\"number\" name=\"numeric_field\" id=\"ff_5_numeric_field\" class=\"ff-el-form-control\" data-name=\"numeric_field\" inputmode=\"numeric\" step=\"any\"  aria-invalid=\"false\" aria-required=true><\/div><\/div><\/div><\/div><div data-name=\"ff_cn_id_2\"  class='ff-t-container ff-column-container ff_columns_total_2 '><div class='ff-t-cell ff-t-column-1' style='flex-basis: 50%;'><div class='ff-el-group'><div class=\"ff-el-input--label ff-el-is-required asterisk-right\"><label   aria-label=\"Do kurzu se hl\u00e1s\u00edm\">Do kurzu se hl\u00e1s\u00edm<\/label><\/div><div class='ff-el-input--content'><div class='ff-el-form-check ff-el-form-check-'><label class='ff-el-form-check-label' for='input_radio_3d41b19255ef4beb3f0365d27a2c4bc4'><input  type=\"radio\" name=\"input_radio\" data-name=\"input_radio\" class=\"ff-el-form-check-input ff-el-form-check-radio\" value=\"samostatn\u011b\"  id='input_radio_3d41b19255ef4beb3f0365d27a2c4bc4' aria-label='samostatn\u011b' aria-invalid='false' aria-required=true> <span>samostatn\u011b<\/span><\/label><\/div><div class='ff-el-form-check ff-el-form-check-'><label class='ff-el-form-check-label' for='input_radio_dbf607e2d392c746bea987efe090e307'><input  type=\"radio\" name=\"input_radio\" data-name=\"input_radio\" class=\"ff-el-form-check-input ff-el-form-check-radio\" value=\"v p\u00e1ru\"  id='input_radio_dbf607e2d392c746bea987efe090e307' aria-label='v p\u00e1ru' aria-invalid='false' aria-required=true> <span>v p\u00e1ru<\/span><\/label><\/div><\/div><\/div><\/div><div class='ff-t-cell ff-t-column-2' style='flex-basis: 50%;'><div class='ff-el-group has-conditions'><div class=\"ff-el-input--label asterisk-right\"><label   aria-label=\"Moje preferovan\u00e1 tane\u010dn\u00ed role\">Moje preferovan\u00e1 tane\u010dn\u00ed role<\/label><\/div><div class='ff-el-input--content'><div class='ff-el-form-check ff-el-form-check-'><label class='ff-el-form-check-label' for='input_radio_1_86a7f69cb603cd7815590513df5803a3'><input  type=\"radio\" name=\"input_radio_1\" data-name=\"input_radio_1\" class=\"ff-el-form-check-input ff-el-form-check-radio\" value=\"Leader (obvykle mu\u017e - vede)\"  id='input_radio_1_86a7f69cb603cd7815590513df5803a3' aria-label='Leader (obvykle mu\u017e - vede)' aria-invalid='false' aria-required=false> <span>Leader (obvykle mu\u017e - vede)<\/span><\/label><\/div><div class='ff-el-form-check ff-el-form-check-'><label class='ff-el-form-check-label' for='input_radio_1_557471b404c84e96f74ec5dac339d86e'><input  type=\"radio\" name=\"input_radio_1\" data-name=\"input_radio_1\" class=\"ff-el-form-check-input ff-el-form-check-radio\" value=\"Follower (obvykle \u017eena - n\u00e1sleduje)\"  id='input_radio_1_557471b404c84e96f74ec5dac339d86e' aria-label='Follower (obvykle \u017eena - n\u00e1sleduje)' aria-invalid='false' aria-required=false> <span>Follower (obvykle \u017eena - n\u00e1sleduje)<\/span><\/label><\/div><\/div><\/div><\/div><\/div><div data-name=\"ff_cn_id_3\"  class='ff-t-container ff-column-container ff_columns_total_2 '><div class='ff-t-cell ff-t-column-1' style='flex-basis: 50%;'><div class='ff-el-group has-conditions'><div class=\"ff-el-input--label ff-el-is-required asterisk-right\"><label for='ff_5_input_text' id='label_ff_5_input_text' aria-label=\"Jm\u00e9no partnera\/partnerky\">Jm\u00e9no partnera\/partnerky<\/label><\/div><div class='ff-el-input--content'><input type=\"text\" name=\"input_text\" class=\"ff-el-form-control\" data-name=\"input_text\" id=\"ff_5_input_text\"  aria-invalid=\"false\" aria-required=true><\/div><\/div><\/div><div class='ff-t-cell ff-t-column-2' style='flex-basis: 50%;'><div class='ff-el-group has-conditions'><div class=\"ff-el-input--label ff-el-is-required asterisk-right\"><label for='ff_5_email_1' id='label_ff_5_email_1' aria-label=\"Email partnera\/partnerky\">Email partnera\/partnerky<\/label><\/div><div class='ff-el-input--content'><input type=\"email\" name=\"email_1\" id=\"ff_5_email_1\" class=\"ff-el-form-control\" data-name=\"email_1\"  aria-invalid=\"false\" aria-required=true><\/div><\/div><\/div><\/div><div class='ff-el-group'><div class=\"ff-el-input--label ff-el-is-required asterisk-right\"><label for='ff_5_dropdown' id='label_ff_5_dropdown' aria-label=\"Vyberte kurz\">Vyberte kurz<\/label><\/div><div class='ff-el-input--content'><select name=\"dropdown\" id=\"ff_5_dropdown\" class=\"ff-el-form-control\" data-name=\"dropdown\" data-calc_value=\"0\"  aria-invalid=\"false\" aria-required=\"true\" aria-labelledby=\"label_ff_5_dropdown\"><option value=\"\">- Vyber ze seznamu -<\/option><option value=\"Salsa + Bachata - 90min - 20.4.-22.6.2026\"  >Salsa + Bachata - 90min - 20.4.-22.6.2026<\/option><\/select><\/div><\/div><div class='ff-el-group'><div class=\"ff-el-input--label asterisk-right\"><label for='ff_5_description' id='label_ff_5_description' aria-label=\"Zpr\u00e1va pro n\u00e1s\">Zpr\u00e1va pro n\u00e1s<\/label><\/div><div class='ff-el-input--content'><textarea aria-required=\"false\" aria-labelledby=\"label_ff_5_description\" name=\"description\" id=\"ff_5_description\" class=\"ff-el-form-control\" rows=\"3\" cols=\"2\" data-name=\"description\" ><\/textarea><\/div><\/div><div class='ff-el-group ff-text-left ff_submit_btn_wrapper'><button type=\"submit\" class=\"ff-btn ff-btn-submit ff-btn-md ff_btn_style\"  aria-label=\"Odeslat\">Odeslat<\/button><\/div><\/fieldset><\/form><div id='fluentform_5_errors' class='ff-errors-in-stack ff_form_instance_5_1 ff-form-loading_errors ff_form_instance_5_1_errors'><\/div><\/div>            <script type=\"text\/javascript\">\n                window.fluent_form_ff_form_instance_5_1 = {\"id\":\"5\",\"settings\":{\"layout\":{\"labelPlacement\":\"top\",\"asteriskPlacement\":\"asterisk-right\",\"helpMessagePlacement\":\"with_label\",\"errorMessagePlacement\":\"inline\",\"cssClassName\":\"\"},\"restrictions\":{\"denyEmptySubmission\":{\"enabled\":false}}},\"form_instance\":\"ff_form_instance_5_1\",\"form_id_selector\":\"fluentform_5\",\"rules\":{\"names[first_name]\":{\"required\":{\"value\":true,\"message\":\"Tato polo\\u017eka je povinn\\u00e1\",\"global_message\":\"Tato polo\\u017eka je povinn\\u00e1\",\"global\":true}},\"names[middle_name]\":{\"required\":{\"value\":false,\"message\":\"Tato polo\\u017eka je povinn\\u00e1\",\"global_message\":\"Tato polo\\u017eka je povinn\\u00e1\",\"global\":true}},\"names[last_name]\":{\"required\":{\"value\":true,\"message\":\"Tato polo\\u017eka je povinn\\u00e1\",\"global_message\":\"Tato polo\\u017eka je povinn\\u00e1\",\"global\":true}},\"email\":{\"required\":{\"value\":true,\"message\":\"Tato polo\\u017eka je povinn\\u00e1\",\"global_message\":\"Tato polo\\u017eka je povinn\\u00e1\",\"global\":true},\"email\":{\"value\":true,\"message\":\"Tato polo\\u017eka mus\\u00ed obsahovat platn\\u00fd email\",\"global_message\":\"Tato polo\\u017eka mus\\u00ed obsahovat platn\\u00fd email\",\"global\":true}},\"numeric_field\":{\"required\":{\"value\":true,\"message\":\"Tato polo\\u017eka je povinn\\u00e1\",\"global_message\":\"Tato polo\\u017eka je povinn\\u00e1\",\"global\":true},\"numeric\":{\"value\":true,\"message\":\"Tato polo\\u017eka mus\\u00ed obsahovat \\u010d\\u00edslo\",\"global_message\":\"Tato polo\\u017eka mus\\u00ed obsahovat \\u010d\\u00edslo\",\"global\":true},\"min\":{\"value\":\"\",\"message\":\"Validation fails for minimum value\",\"global_message\":\"Validation fails for minimum value\",\"global\":true},\"max\":{\"value\":\"\",\"message\":\"Validation fails for maximum value\",\"global_message\":\"Validation fails for maximum value\",\"global\":true},\"digits\":{\"value\":\"\",\"message\":\"Validation fails for limited digits\",\"global_message\":\"Validation fails for limited digits\",\"global\":true}},\"input_radio\":{\"required\":{\"value\":true,\"message\":\"Tato polo\\u017eka je povinn\\u00e1\",\"global_message\":\"Tato polo\\u017eka je povinn\\u00e1\",\"global\":true}},\"input_radio_1\":{\"required\":{\"value\":false,\"message\":\"Tato polo\\u017eka je povinn\\u00e1\",\"global_message\":\"Tato polo\\u017eka je povinn\\u00e1\",\"global\":true}},\"input_text\":{\"required\":{\"value\":true,\"message\":\"Tato polo\\u017eka je povinn\\u00e1\",\"global_message\":\"Tato polo\\u017eka je povinn\\u00e1\",\"global\":true}},\"email_1\":{\"required\":{\"value\":true,\"message\":\"Tato polo\\u017eka je povinn\\u00e1\",\"global_message\":\"Tato polo\\u017eka je povinn\\u00e1\",\"global\":true},\"email\":{\"value\":true,\"message\":\"Tato polo\\u017eka mus\\u00ed obsahovat platn\\u00fd email\",\"global_message\":\"Tato polo\\u017eka mus\\u00ed obsahovat platn\\u00fd email\",\"global\":true}},\"dropdown\":{\"required\":{\"value\":true,\"message\":\"Tato polo\\u017eka je povinn\\u00e1\",\"global_message\":\"Tato polo\\u017eka je povinn\\u00e1\",\"global\":true}},\"description\":{\"required\":{\"value\":false,\"message\":\"Tato polo\\u017eka je povinn\\u00e1\",\"global_message\":\"Tato polo\\u017eka je povinn\\u00e1\",\"global\":true}}},\"debounce_time\":300,\"conditionals\":{\"input_radio_1\":{\"type\":\"any\",\"status\":true,\"conditions\":[{\"field\":\"input_radio\",\"value\":\"samostatn\\u011b\",\"operator\":\"=\"}],\"condition_groups\":[{\"rules\":[{\"field\":\"\",\"value\":\"\",\"operator\":\"\"}],\"title\":\"\",\"isEditingTitle\":false,\"isPreviewOpen\":false,\"isGroupOpen\":true}]},\"input_text\":{\"type\":\"any\",\"status\":true,\"conditions\":[{\"field\":\"input_radio\",\"value\":\"v p\\u00e1ru\",\"operator\":\"=\"}],\"condition_groups\":[{\"rules\":[{\"field\":\"\",\"value\":\"\",\"operator\":\"\"}],\"title\":\"\",\"isEditingTitle\":false,\"isPreviewOpen\":false,\"isGroupOpen\":true}]},\"email_1\":{\"type\":\"any\",\"status\":true,\"conditions\":[{\"field\":\"input_radio\",\"value\":\"v p\\u00e1ru\",\"operator\":\"=\"}],\"condition_groups\":[{\"rules\":[{\"field\":\"\",\"value\":\"\",\"operator\":\"\"}],\"title\":\"\",\"isEditingTitle\":false,\"isPreviewOpen\":false,\"isGroupOpen\":true}]}}};\n                            <\/script>\n                        <\/div>\n\n            \t\t\t\t<\/div>\n\t\t\t\t<\/div>\n\t\t\t\t\t<\/div>\n\t\t\t\t<\/div>\n\t\t\t\t<\/div>\n\t\t","protected":false},"excerpt":{"rendered":"<p>Tane\u010dn\u00ed kurzy Kurzy Salsy a Bachaty M\u00edrn\u011b pokro\u010dil\u00ed 20.4. \u2013 22.6.2026pond\u011blky od 18:30 do 20:00 Cena : 4.500,-K\u010d \/ 10 lekc\u00ed po 90min V\u00edce informac\u00ed Registrace Registra\u010dn\u00ed formul\u00e1\u0159 Registra\u010dn\u00ed formul\u00e1\u0159 &#8211; kurzy Jm\u00e9noP\u0159\u00edjmen\u00edEmailTelefonDo kurzu se hl\u00e1s\u00edm samostatn\u011b v p\u00e1ruMoje preferovan\u00e1 tane\u010dn\u00ed role Leader (obvykle mu\u017e &#8211; vede) Follower (obvykle \u017eena &#8211; n\u00e1sleduje)Jm\u00e9no partnera\/partnerkyEmail partnera\/partnerkyVyberte kurz&#8211;&#8230;<\/p>","protected":false},"author":1,"featured_media":0,"parent":0,"menu_order":0,"comment_status":"closed","ping_status":"closed","template":"","meta":{"_kadence_starter_templates_imported_post":false,"_kad_post_transparent":"","_kad_post_title":"hide","_kad_post_layout":"fullwidth","_kad_post_sidebar_id":"","_kad_post_content_style":"unboxed","_kad_post_vertical_padding":"hide","_kad_post_feature":"hide","_kad_post_feature_position":"","_kad_post_header":false,"_kad_post_footer":false,"footnotes":""},"class_list":["post-2995","page","type-page","status-publish","hentry"],"_links":{"self":[{"href":"https:\/\/www.daretodance.cz\/en\/wp-json\/wp\/v2\/pages\/2995","targetHints":{"allow":["GET"]}}],"collection":[{"href":"https:\/\/www.daretodance.cz\/en\/wp-json\/wp\/v2\/pages"}],"about":[{"href":"https:\/\/www.daretodance.cz\/en\/wp-json\/wp\/v2\/types\/page"}],"author":[{"embeddable":true,"href":"https:\/\/www.daretodance.cz\/en\/wp-json\/wp\/v2\/users\/1"}],"replies":[{"embeddable":true,"href":"https:\/\/www.daretodance.cz\/en\/wp-json\/wp\/v2\/comments?post=2995"}],"version-history":[{"count":74,"href":"https:\/\/www.daretodance.cz\/en\/wp-json\/wp\/v2\/pages\/2995\/revisions"}],"predecessor-version":[{"id":5276,"href":"https:\/\/www.daretodance.cz\/en\/wp-json\/wp\/v2\/pages\/2995\/revisions\/5276"}],"wp:attachment":[{"href":"https:\/\/www.daretodance.cz\/en\/wp-json\/wp\/v2\/media?parent=2995"}],"curies":[{"name":"wp","href":"https:\/\/api.w.org\/{rel}","templated":true}]}}