{"id":3131,"date":"2025-07-06T22:14:27","date_gmt":"2025-07-06T20:14:27","guid":{"rendered":"https:\/\/www.daretodance.cz\/?page_id=3131"},"modified":"2026-01-16T17:12:02","modified_gmt":"2026-01-16T16:12:02","slug":"sani","status":"publish","type":"page","link":"https:\/\/www.daretodance.cz\/en\/home\/o-nas\/spolupracujeme\/sani\/","title":{"rendered":"Sani"},"content":{"rendered":"<div data-elementor-type=\"wp-page\" data-elementor-id=\"3131\" class=\"elementor elementor-3131\">\n\t\t\t\t<div class=\"elementor-element elementor-element-cbbf6ed e-flex e-con-boxed e-con e-parent\" data-id=\"cbbf6ed\" data-element_type=\"container\" data-e-type=\"container\">\n\t\t\t\t\t<div class=\"e-con-inner\">\n\t\t<div class=\"elementor-element elementor-element-bfa883b e-con-full e-flex e-con e-child\" data-id=\"bfa883b\" data-element_type=\"container\" data-e-type=\"container\">\n\t\t\t\t<div class=\"elementor-element elementor-element-12edd12 elementor-widget elementor-widget-heading\" data-id=\"12edd12\" data-element_type=\"widget\" data-e-type=\"widget\" data-widget_type=\"heading.default\">\n\t\t\t\t<div class=\"elementor-widget-container\">\n\t\t\t\t\t<h2 class=\"elementor-heading-title elementor-size-default\">Sani Groove<\/h2>\t\t\t\t<\/div>\n\t\t\t\t<\/div>\n\t\t\t\t<div class=\"elementor-element elementor-element-d7f81e8 elementor-widget elementor-widget-text-editor\" data-id=\"d7f81e8\" data-element_type=\"widget\" data-e-type=\"widget\" data-widget_type=\"text-editor.default\">\n\t\t\t\t<div class=\"elementor-widget-container\">\n\t\t\t\t\t\t\t\t\t<div id=\"-wm-AppleMailSignature\" dir=\"ltr\">Je v\u00e1\u0161niv\u00fd a zku\u0161en\u00fd tane\u010dn\u00ed lektor s bohatou prax\u00ed a schopnost\u00ed inspirovat a motivovat sv\u00e9 studenty. Jeho c\u00edlem je sd\u00edlet l\u00e1sku k tanci, podporovat kreativitu a p\u0159isp\u00edvat k um\u011bleck\u00e9mu rozvoji v dynamick\u00e9m prost\u0159ed\u00ed. Tanec tak\u00e9 vyu\u017e\u00edv\u00e1 jako formu terapie, kter\u00e1 klient\u016fm p\u0159in\u00e1\u0161\u00ed mo\u017enost &#8222;Tan\u010dit s pozitivn\u00ed energi\u00ed.&#8220;<\/div><div id=\"-wm-AppleMailSignature\" dir=\"ltr\">\u00a0<\/div><div id=\"-wm-AppleMailSignature\" dir=\"ltr\"><strong>PRACOVN\u00cd ZKU\u0160ENOSTI<\/strong><\/div><div dir=\"ltr\">\u00a0<\/div><div id=\"-wm-AppleMailSignature\" dir=\"ltr\">PRAGKIZERS \u2013 Zakladatel \/ Lektor<\/div><div id=\"-wm-AppleMailSignature\" dir=\"ltr\">2020 \u2013 sou\u010dasnost<\/div><div id=\"-wm-AppleMailSignature\" dir=\"ltr\">\u00a0<\/div><div id=\"-wm-AppleMailSignature\" dir=\"ltr\">&#8211; Zalo\u017een\u00ed tane\u010dn\u00ed komunity PragKizers zam\u011b\u0159en\u00e9 na Urbankiz a Tarraxo v Praze.<\/div><div id=\"-wm-AppleMailSignature\" dir=\"ltr\">&#8211; Individu\u00e1ln\u00ed lekce v Urbankiz, Tarraxo, Afro a Salse.<\/div><div id=\"-wm-AppleMailSignature\" dir=\"ltr\">&#8211; Pravideln\u00e9 kurzy a tane\u010dn\u00ed ve\u010dery zam\u011b\u0159en\u00e9 na Urbankiz, Tarraxo a Afro.<\/div><div id=\"-wm-AppleMailSignature\" dir=\"ltr\">&#8211; Organizace bootcamp\u016f v Praze, Liberci a Brn\u011b.<\/div><div id=\"-wm-AppleMailSignature\" dir=\"ltr\">&#8211; Workshop lektor na festivalech v N\u011bmecku, Polsku, Rakousku, Norsku, Turecku a \u010cesku.<\/div><div id=\"-wm-AppleMailSignature\" dir=\"ltr\">&#8211; Organiz\u00e1tor Prague Urbankiz Festivalu.<\/div><div id=\"-wm-AppleMailSignature\" dir=\"ltr\">\u00a0<\/div><div id=\"-wm-AppleMailSignature\" dir=\"ltr\">Dance Academy GH, Accra, Ghana \u2013 Hlavn\u00ed lektor tance<\/div><div id=\"-wm-AppleMailSignature\" dir=\"ltr\">2015 \u2013 2017<\/div><div id=\"-wm-AppleMailSignature\" dir=\"ltr\">\u00a0<\/div><div id=\"-wm-AppleMailSignature\" dir=\"ltr\">&#8211; V\u00fduka r\u016fzn\u00fdch tane\u010dn\u00edch styl\u016f, v\u010detn\u011b salsy, bachaty, urbankizu a afro tanc\u016f.<\/div><div id=\"-wm-AppleMailSignature\" dir=\"ltr\">&#8211; Vytv\u00e1\u0159en\u00ed lekc\u00ed p\u0159izp\u016fsoben\u00fdch v\u011bku a dovednostem klient\u016f pro rozvoj techniky i um\u011bleck\u00e9ho projevu.<\/div><div id=\"-wm-AppleMailSignature\" dir=\"ltr\">&#8211; Choreografie vystoupen\u00ed pro sout\u011b\u017ee a recit\u00e1ly.<\/div><div id=\"-wm-AppleMailSignature\" dir=\"ltr\">&#8211; Hodnocen\u00ed a zp\u011btn\u00e1 vazba pro studenty s d\u016frazem na jejich r\u016fst.<\/div><div id=\"-wm-AppleMailSignature\" dir=\"ltr\">\u00a0<\/div><div id=\"-wm-AppleMailSignature\" dir=\"ltr\">UNO Salsa Dance Company, Accra, Ghana \u2013 Lektor \/ Performer<\/div><div id=\"-wm-AppleMailSignature\" dir=\"ltr\">2007 \u2013 2014<\/div><div id=\"-wm-AppleMailSignature\" dir=\"ltr\">\u00a0<\/div><div id=\"-wm-AppleMailSignature\" dir=\"ltr\">&#8211; Individu\u00e1ln\u00ed lekce pro r\u016fzn\u00e9 \u00farovn\u011b tane\u010dn\u00edk\u016f.<\/div><div id=\"-wm-AppleMailSignature\" dir=\"ltr\">&#8211; Organizace a veden\u00ed tane\u010dn\u00edch workshop\u016f na komunitn\u00edch akc\u00edch.<\/div><div id=\"-wm-AppleMailSignature\" dir=\"ltr\">&#8211; Integrace tance do univerzitn\u00edch program\u016f a animace vystoupen\u00ed.<\/div><div id=\"-wm-AppleMailSignature\" dir=\"ltr\">\u00a0<\/div><div id=\"-wm-AppleMailSignature\" dir=\"ltr\">\u00a0<\/div><div id=\"-wm-AppleMailSignature\" dir=\"ltr\"><strong>TANE\u010cN\u00cd SPECIALIZACE<\/strong><\/div><div id=\"-wm-AppleMailSignature\" dir=\"ltr\">\u00a0<\/div><div id=\"-wm-AppleMailSignature\" dir=\"ltr\">&#8211; V\u00fduka tance a choreografie<\/div><div id=\"-wm-AppleMailSignature\" dir=\"ltr\">&#8211; Kreativn\u00ed pohyb v tane\u010dn\u00ed terapii<\/div><div id=\"-wm-AppleMailSignature\" dir=\"ltr\">&#8211; P\u0159\u00edprava na vystoupen\u00ed a kou\u010dink<\/div><div id=\"-wm-AppleMailSignature\" dir=\"ltr\">&#8211; Organizace tane\u010dn\u00edch akc\u00ed a festival\u016f<\/div><div id=\"-wm-AppleMailSignature\" dir=\"ltr\">&#8211; Tvorba tane\u010dn\u00edho vzd\u011bl\u00e1vac\u00edho programu<\/div><div id=\"-wm-AppleMailSignature\" dir=\"ltr\">&#8211; DJ a moder\u00e1tor na tane\u010dn\u00edch festivalech (Amsterdam Bar, Rev\u00edr Karl\u00edn)<\/div><div id=\"-wm-AppleMailSignature\" dir=\"ltr\">\u00a0<\/div><div id=\"-wm-AppleMailSignature\" dir=\"ltr\">\u00a0<\/div><div id=\"-wm-AppleMailSignature\" dir=\"ltr\"><strong>TANE\u010cN\u00cd VZD\u011aL\u00c1N\u00cd<\/strong><\/div><div id=\"-wm-AppleMailSignature\" dir=\"ltr\">\u00a0<\/div><div id=\"-wm-AppleMailSignature\" dir=\"ltr\">UNO Salsa Dance Company, Ghana<\/div><div id=\"-wm-AppleMailSignature\" dir=\"ltr\">2004\u20132007 \u2013 Certifikace v salse, pachanze, bachat\u011b, kizomb\u011b a afro tanc\u00edch<\/div><div id=\"-wm-AppleMailSignature\" dir=\"ltr\">\u00a0<\/div><div id=\"-wm-AppleMailSignature\" dir=\"ltr\">\u00a0<\/div><div id=\"-wm-AppleMailSignature\" dir=\"ltr\"><strong>\u00daSP\u011aCHY<\/strong><\/div><div id=\"-wm-AppleMailSignature\" dir=\"ltr\">\u00a0<\/div><div id=\"-wm-AppleMailSignature\" dir=\"ltr\">&#8211; Tane\u010dn\u00ed animace a show v Turecku (Antalya, Mugla, Istanbul) 2018\u20132020<\/div><div id=\"-wm-AppleMailSignature\" dir=\"ltr\">Ambasador tance pro zna\u010dku Close-Up Toothpaste 2014<\/div><div id=\"-wm-AppleMailSignature\" dir=\"ltr\">&#8211; V\u00edt\u011bzstv\u00ed v Close-Up Salsa Competition \u201eAfro-Latin\u201c 2013<\/div>\t\t\t\t\t\t\t\t<\/div>\n\t\t\t\t<\/div>\n\t\t\t\t<\/div>\n\t\t<div class=\"elementor-element elementor-element-d6fdc14 e-con-full e-flex e-con e-child\" data-id=\"d6fdc14\" data-element_type=\"container\" data-e-type=\"container\">\n\t\t\t\t<div class=\"elementor-element elementor-element-18f8d38 elementor-arrows-position-inside elementor-pagination-position-outside elementor-widget elementor-widget-image-carousel\" data-id=\"18f8d38\" data-element_type=\"widget\" data-e-type=\"widget\" data-settings=\"{&quot;slides_to_show&quot;:&quot;1&quot;,&quot;navigation&quot;:&quot;both&quot;,&quot;autoplay&quot;:&quot;yes&quot;,&quot;pause_on_hover&quot;:&quot;yes&quot;,&quot;pause_on_interaction&quot;:&quot;yes&quot;,&quot;autoplay_speed&quot;:5000,&quot;infinite&quot;:&quot;yes&quot;,&quot;effect&quot;:&quot;slide&quot;,&quot;speed&quot;:500}\" data-widget_type=\"image-carousel.default\">\n\t\t\t\t<div class=\"elementor-widget-container\">\n\t\t\t\t\t\t\t<div class=\"elementor-image-carousel-wrapper swiper\" role=\"region\" aria-roledescription=\"carousel\" aria-label=\"Obr\u00e1zkov\u00fd koloto\u010d\" dir=\"ltr\">\n\t\t\t<div class=\"elementor-image-carousel swiper-wrapper swiper-image-stretch\" aria-live=\"off\">\n\t\t\t\t\t\t\t\t<div class=\"swiper-slide\" role=\"group\" aria-roledescription=\"slide\" aria-label=\"1 z 11\"><figure class=\"swiper-slide-inner\"><img decoding=\"async\" class=\"swiper-slide-image\" src=\"https:\/\/www.daretodance.cz\/wp-content\/uploads\/2025\/07\/Sani01-scaled.jpg\" alt=\"Sani01\" \/><\/figure><\/div><div class=\"swiper-slide\" role=\"group\" aria-roledescription=\"slide\" aria-label=\"2 z 11\"><figure class=\"swiper-slide-inner\"><img decoding=\"async\" class=\"swiper-slide-image\" src=\"https:\/\/www.daretodance.cz\/wp-content\/uploads\/2025\/07\/Sani02.jpg\" alt=\"Sani02\" \/><\/figure><\/div><div class=\"swiper-slide\" role=\"group\" aria-roledescription=\"slide\" aria-label=\"3 z 11\"><figure class=\"swiper-slide-inner\"><img decoding=\"async\" class=\"swiper-slide-image\" src=\"https:\/\/www.daretodance.cz\/wp-content\/uploads\/2025\/07\/Sani03.jpg\" alt=\"Sani03\" \/><\/figure><\/div><div class=\"swiper-slide\" role=\"group\" aria-roledescription=\"slide\" aria-label=\"4 z 11\"><figure class=\"swiper-slide-inner\"><img decoding=\"async\" class=\"swiper-slide-image\" src=\"https:\/\/www.daretodance.cz\/wp-content\/uploads\/2025\/07\/Sani04.jpg\" alt=\"Sani04\" \/><\/figure><\/div><div class=\"swiper-slide\" role=\"group\" aria-roledescription=\"slide\" aria-label=\"5 z 11\"><figure class=\"swiper-slide-inner\"><img decoding=\"async\" class=\"swiper-slide-image\" src=\"https:\/\/www.daretodance.cz\/wp-content\/uploads\/2025\/07\/Sani05.jpg\" alt=\"Sani05\" \/><\/figure><\/div><div class=\"swiper-slide\" role=\"group\" aria-roledescription=\"slide\" aria-label=\"6 z 11\"><figure class=\"swiper-slide-inner\"><img decoding=\"async\" class=\"swiper-slide-image\" src=\"https:\/\/www.daretodance.cz\/wp-content\/uploads\/2025\/07\/Sani06.jpg\" alt=\"Sani06\" \/><\/figure><\/div><div class=\"swiper-slide\" role=\"group\" aria-roledescription=\"slide\" aria-label=\"7 z 11\"><figure class=\"swiper-slide-inner\"><img decoding=\"async\" class=\"swiper-slide-image\" src=\"https:\/\/www.daretodance.cz\/wp-content\/uploads\/2025\/07\/Sani07.jpg\" alt=\"Sani07\" \/><\/figure><\/div><div class=\"swiper-slide\" role=\"group\" aria-roledescription=\"slide\" aria-label=\"8 z 11\"><figure class=\"swiper-slide-inner\"><img decoding=\"async\" class=\"swiper-slide-image\" src=\"https:\/\/www.daretodance.cz\/wp-content\/uploads\/2025\/07\/Sani08.jpg\" alt=\"Sani08\" \/><\/figure><\/div><div class=\"swiper-slide\" role=\"group\" aria-roledescription=\"slide\" aria-label=\"9 z 11\"><figure class=\"swiper-slide-inner\"><img decoding=\"async\" class=\"swiper-slide-image\" src=\"https:\/\/www.daretodance.cz\/wp-content\/uploads\/2025\/07\/Sani09.jpg\" alt=\"Sani09\" \/><\/figure><\/div><div class=\"swiper-slide\" role=\"group\" aria-roledescription=\"slide\" aria-label=\"10 z 11\"><figure class=\"swiper-slide-inner\"><img decoding=\"async\" class=\"swiper-slide-image\" src=\"https:\/\/www.daretodance.cz\/wp-content\/uploads\/2025\/07\/Sani10.jpg\" alt=\"Sani10\" \/><\/figure><\/div><div class=\"swiper-slide\" role=\"group\" aria-roledescription=\"slide\" aria-label=\"11 z 11\"><figure class=\"swiper-slide-inner\"><img decoding=\"async\" class=\"swiper-slide-image\" src=\"https:\/\/www.daretodance.cz\/wp-content\/uploads\/2025\/07\/Sani11.jpg\" alt=\"Sani11\" \/><\/figure><\/div>\t\t\t<\/div>\n\t\t\t\t\t\t\t\t\t\t\t\t<div class=\"elementor-swiper-button elementor-swiper-button-prev\" role=\"button\" tabindex=\"0\">\n\t\t\t\t\t\t<svg aria-hidden=\"true\" class=\"e-font-icon-svg e-eicon-chevron-left\" viewbox=\"0 0 1000 1000\" xmlns=\"http:\/\/www.w3.org\/2000\/svg\"><path d=\"M646 125C629 125 613 133 604 142L308 442C296 454 292 471 292 487 292 504 296 521 308 533L604 854C617 867 629 875 646 875 663 875 679 871 692 858 704 846 713 829 713 812 713 796 708 779 692 767L438 487 692 225C700 217 708 204 708 187 708 171 704 154 692 142 675 129 663 125 646 125Z\"><\/path><\/svg>\t\t\t\t\t<\/div>\n\t\t\t\t\t<div class=\"elementor-swiper-button elementor-swiper-button-next\" role=\"button\" tabindex=\"0\">\n\t\t\t\t\t\t<svg aria-hidden=\"true\" class=\"e-font-icon-svg e-eicon-chevron-right\" viewbox=\"0 0 1000 1000\" xmlns=\"http:\/\/www.w3.org\/2000\/svg\"><path d=\"M696 533C708 521 713 504 713 487 713 471 708 454 696 446L400 146C388 133 375 125 354 125 338 125 325 129 313 142 300 154 292 171 292 187 292 204 296 221 308 233L563 492 304 771C292 783 288 800 288 817 288 833 296 850 308 863 321 871 338 875 354 875 371 875 388 867 400 854L696 533Z\"><\/path><\/svg>\t\t\t\t\t<\/div>\n\t\t\t\t\n\t\t\t\t\t\t\t\t\t<div class=\"swiper-pagination\"><\/div>\n\t\t\t\t\t\t\t\t\t<\/div>\n\t\t\t\t\t\t<\/div>\n\t\t\t\t<\/div>\n\t\t\t\t<\/div>\n\t\t\t\t\t<\/div>\n\t\t\t\t<\/div>\n\t\t\t\t<\/div>","protected":false},"excerpt":{"rendered":"<p>Sani Groove Je v\u00e1\u0161niv\u00fd a zku\u0161en\u00fd tane\u010dn\u00ed lektor s bohatou prax\u00ed a schopnost\u00ed inspirovat a motivovat sv\u00e9 studenty. Jeho c\u00edlem je sd\u00edlet l\u00e1sku k tanci, podporovat kreativitu a p\u0159isp\u00edvat k um\u011bleck\u00e9mu rozvoji v dynamick\u00e9m prost\u0159ed\u00ed. Tanec tak\u00e9 vyu\u017e\u00edv\u00e1 jako formu terapie, kter\u00e1 klient\u016fm p\u0159in\u00e1\u0161\u00ed mo\u017enost &#8222;Tan\u010dit s pozitivn\u00ed energi\u00ed.&#8220;\u00a0PRACOVN\u00cd ZKU\u0160ENOSTI\u00a0PRAGKIZERS \u2013 Zakladatel \/ Lektor2020 \u2013&#8230;<\/p>","protected":false},"author":1,"featured_media":0,"parent":4233,"menu_order":0,"comment_status":"closed","ping_status":"closed","template":"","meta":{"_kadence_starter_templates_imported_post":false,"_kad_post_transparent":"","_kad_post_title":"hide","_kad_post_layout":"fullwidth","_kad_post_sidebar_id":"","_kad_post_content_style":"unboxed","_kad_post_vertical_padding":"hide","_kad_post_feature":"hide","_kad_post_feature_position":"","_kad_post_header":false,"_kad_post_footer":false,"footnotes":""},"class_list":["post-3131","page","type-page","status-publish","hentry"],"_links":{"self":[{"href":"https:\/\/www.daretodance.cz\/en\/wp-json\/wp\/v2\/pages\/3131","targetHints":{"allow":["GET"]}}],"collection":[{"href":"https:\/\/www.daretodance.cz\/en\/wp-json\/wp\/v2\/pages"}],"about":[{"href":"https:\/\/www.daretodance.cz\/en\/wp-json\/wp\/v2\/types\/page"}],"author":[{"embeddable":true,"href":"https:\/\/www.daretodance.cz\/en\/wp-json\/wp\/v2\/users\/1"}],"replies":[{"embeddable":true,"href":"https:\/\/www.daretodance.cz\/en\/wp-json\/wp\/v2\/comments?post=3131"}],"version-history":[{"count":14,"href":"https:\/\/www.daretodance.cz\/en\/wp-json\/wp\/v2\/pages\/3131\/revisions"}],"predecessor-version":[{"id":3158,"href":"https:\/\/www.daretodance.cz\/en\/wp-json\/wp\/v2\/pages\/3131\/revisions\/3158"}],"up":[{"embeddable":true,"href":"https:\/\/www.daretodance.cz\/en\/wp-json\/wp\/v2\/pages\/4233"}],"wp:attachment":[{"href":"https:\/\/www.daretodance.cz\/en\/wp-json\/wp\/v2\/media?parent=3131"}],"curies":[{"name":"wp","href":"https:\/\/api.w.org\/{rel}","templated":true}]}}