{"id":3176,"date":"2025-07-06T23:00:03","date_gmt":"2025-07-06T21:00:03","guid":{"rendered":"https:\/\/www.daretodance.cz\/?page_id=3176"},"modified":"2026-02-08T21:42:56","modified_gmt":"2026-02-08T20:42:56","slug":"svatby-events","status":"publish","type":"page","link":"https:\/\/www.daretodance.cz\/en\/svatby-events\/","title":{"rendered":"Weddings &amp; Events"},"content":{"rendered":"\t\t<div data-elementor-type=\"wp-page\" data-elementor-id=\"3176\" class=\"elementor elementor-3176\">\n\t\t\t\t<div class=\"elementor-element elementor-element-461f493 e-flex e-con-boxed e-con e-parent\" data-id=\"461f493\" data-element_type=\"container\" data-e-type=\"container\">\n\t\t\t\t\t<div class=\"e-con-inner\">\n\t\t\t\t<div class=\"elementor-element elementor-element-b8adf13 elementor-widget elementor-widget-heading\" data-id=\"b8adf13\" data-element_type=\"widget\" data-e-type=\"widget\" data-widget_type=\"heading.default\">\n\t\t\t\t<div class=\"elementor-widget-container\">\n\t\t\t\t\t<h2 class=\"elementor-heading-title elementor-size-default\">Svatby &amp; Events<\/h2>\t\t\t\t<\/div>\n\t\t\t\t<\/div>\n\t\t\t\t<div class=\"elementor-element elementor-element-b78c4bb elementor-widget elementor-widget-text-editor\" data-id=\"b78c4bb\" data-element_type=\"widget\" data-e-type=\"widget\" data-widget_type=\"text-editor.default\">\n\t\t\t\t<div class=\"elementor-widget-container\">\n\t\t\t\t\t\t\t\t\t<p>Na\u0161e tane\u010dn\u00ed programy jsou navr\u017eeny tak, aby p\u0159inesly energii, radost a nezapomenutelnou atmosf\u00e9ru do jak\u00e9koliv spole\u010densk\u00e9 ud\u00e1losti. Bez ohledu na to, zda pl\u00e1nujete svatbu, firemn\u00ed akci, teambuilding nebo jinou oslavu, jsme tu, abychom z va\u0161eho dne ud\u011blali nezapomenuteln\u00fd z\u00e1\u017eitek.<\/p><p><strong><a href=\"https:\/\/www.daretodance.cz\/svatby-events\/svatebni-tanec\/\">Svatebn\u00ed tanec<\/a>, kter\u00fd dojme i rozesm\u011bje<\/strong><br \/>Pom\u016f\u017eeme v\u00e1m vytvo\u0159it svatebn\u00ed tanec, kter\u00fd bude tak v\u00fdjime\u010dn\u00fd jako v\u00e1\u0161 vztah. A\u0165 u\u017e tou\u017e\u00edte po romantick\u00e9 choreografii, z\u00e1bavn\u00e9m p\u0159ekvapen\u00ed nebo klasick\u00e9m tanci, postar\u00e1me se o v\u0161e od n\u00e1vrhu choreografie a\u017e po n\u00e1cvik. A nejen to \u2013 nau\u010d\u00edme tan\u010dit i va\u0161e svateb\u010dany, aby se b\u011bhem ve\u010dera c\u00edtili sebejist\u011b a u\u017eili si parket stejn\u011b jako vy.<\/p><p><strong><a href=\"https:\/\/www.daretodance.cz\/svatby-events\/tanecni-vystoupeni\/\">Tane\u010dn\u00ed vystoupen\u00ed<\/a>, kter\u00e1 uchv\u00e1t\u00ed<\/strong><br \/>Chcete na sv\u00e9 akci n\u011bco v\u00fdjime\u010dn\u00e9ho? P\u0159iprav\u00edme profesion\u00e1ln\u00ed tane\u010dn\u00ed vystoupen\u00ed, kter\u00e9 ohrom\u00ed va\u0161e hosty a dod\u00e1 ud\u00e1losti \u0161mrnc. Na\u0161e choreografie jsou precizn\u011b p\u0159ipraven\u00e9, dynamick\u00e9 a pln\u00e9 energie. Od latinskoamerick\u00fdch rytm\u016f po modern\u00ed tance \u2013 zajist\u00edme show, na kterou se nezapom\u00edn\u00e1.<\/p><p><a href=\"https:\/\/www.daretodance.cz\/svatby-events\/firemni-akce-a-teambuildingy\/\"><strong>Firemn\u00ed akce a teambuildingy<\/strong><\/a><br \/>Hled\u00e1te origin\u00e1ln\u00ed zp\u016fsob, jak stmelit t\u00fdm a podpo\u0159it jeho kreativitu? Nab\u00edz\u00edme tane\u010dn\u00ed programy pro firmy, kter\u00e9 kombinuj\u00ed z\u00e1bavu s t\u00fdmovou spoluprac\u00ed. A\u0165 u\u017e jde o kr\u00e1tkou tane\u010dn\u00ed workshopovou lekci nebo celove\u010dern\u00ed program, zajist\u00edme, aby se ka\u017ed\u00fd zapojil a odch\u00e1zel s \u00fasm\u011bvem na tv\u00e1\u0159i.<\/p><p><strong><a href=\"https:\/\/www.daretodance.cz\/svatby-events\/tanecni-skolicka\/\">Tane\u010dn\u00ed \u0161koli\u010dka<\/a> pro hosty<\/strong><br \/>Chcete sv\u00e9 hosty skute\u010dn\u011b zapojit do d\u011bn\u00ed? Na\u0161e tane\u010dn\u00ed \u0161koli\u010dka je perfektn\u00ed volbou! V r\u00e1mci va\u0161\u00ed akce se postar\u00e1me o z\u00e1bavn\u00e9 tane\u010dn\u00ed lekce, d\u00edky kter\u00fdm se host\u00e9 uvoln\u00ed, stmel\u00ed a odnesou si dom\u016f nejen vzpom\u00ednky, ale i nov\u00e9 tane\u010dn\u00ed dovednosti. Ide\u00e1ln\u00ed pro svatby, firemn\u00ed ve\u010d\u00edrky i rodinn\u00e9 oslavy.<\/p><p><strong><a href=\"https:\/\/www.daretodance.cz\/svatby-events\/choreografie-na-miru\/\">Tane\u010dn\u00ed program na m\u00edru<\/a> pro spole\u010densk\u00e9 ud\u00e1losti<\/strong><br \/>Ka\u017ed\u00e1 ud\u00e1lost je jedine\u010dn\u00e1, a proto i my p\u0159istupujeme ke ka\u017ed\u00e9 akci individu\u00e1ln\u011b. P\u0159iprav\u00edme tane\u010dn\u00ed program na m\u00edru p\u0159esn\u011b podle va\u0161ich p\u0159\u00e1n\u00ed. Od dynamick\u00fdch vystoupen\u00ed a\u017e po interaktivn\u00ed tane\u010dn\u00ed \u0161koli\u010dky, kter\u00e9 roztan\u010d\u00ed i ty nejv\u011bt\u0161\u00ed nesm\u011bl\u00e9 du\u0161e. S n\u00e1mi se va\u0161e akce prom\u011bn\u00ed v m\u00edsto pln\u00e9 sm\u00edchu, pohybu a pozitivn\u00ed energie.<\/p><p><a href=\"https:\/\/www.daretodance.cz\/svatby-events\/program-na-klic\/\"><strong>Program na kl\u00ed\u010d<\/strong><\/a><br \/>A\u0165 u\u017e pl\u00e1nujete akci jak\u00e9hokoliv rozsahu, postar\u00e1me se o v\u0161e od A do Z. Od n\u00e1vrhu programu, p\u0159es koordinaci a\u017e po samotn\u00e9 proveden\u00ed. Vy si tak m\u016f\u017eete u\u017e\u00edt sv\u016fj den naplno a bez starost\u00ed, zat\u00edmco my zajist\u00edme, \u017ee v\u0161e prob\u011bhne hladce a s \u00fasm\u011bvem.<\/p><p><em><strong>S n\u00e1mi je ka\u017ed\u00e1 ud\u00e1lost pln\u00e1 pohybu, emoc\u00ed a nezapomenuteln\u00fdch moment\u016f. P\u0159idejte do sv\u00e9ho programu energii a radost, na kterou budou va\u0161i host\u00e9 je\u0161t\u011b dlouho vzpom\u00ednat.<\/strong><\/em> \ud83d\udc83\ud83d\udd7a<\/p>\t\t\t\t\t\t\t\t<\/div>\n\t\t\t\t<\/div>\n\t\t\t\t\t<\/div>\n\t\t\t\t<\/div>\n\t\t<div class=\"elementor-element elementor-element-2c7920f e-flex e-con-boxed e-con e-parent\" data-id=\"2c7920f\" data-element_type=\"container\" data-e-type=\"container\">\n\t\t\t\t\t<div class=\"e-con-inner\">\n\t\t\t\t<div class=\"elementor-element elementor-element-618f795 elementor-widget-divider--view-line elementor-widget elementor-widget-divider\" data-id=\"618f795\" data-element_type=\"widget\" data-e-type=\"widget\" data-widget_type=\"divider.default\">\n\t\t\t\t<div class=\"elementor-widget-container\">\n\t\t\t\t\t\t\t<div class=\"elementor-divider\">\n\t\t\t<span class=\"elementor-divider-separator\">\n\t\t\t\t\t\t<\/span>\n\t\t<\/div>\n\t\t\t\t\t\t<\/div>\n\t\t\t\t<\/div>\n\t\t\t\t\t<\/div>\n\t\t\t\t<\/div>\n\t\t<div class=\"elementor-element elementor-element-a91962a e-flex e-con-boxed e-con e-parent\" data-id=\"a91962a\" data-element_type=\"container\" data-e-type=\"container\">\n\t\t\t\t\t<div class=\"e-con-inner\">\n\t\t\t\t<div class=\"elementor-element elementor-element-b6da40b elementor-widget elementor-widget-menu-anchor\" data-id=\"b6da40b\" data-element_type=\"widget\" data-e-type=\"widget\" data-widget_type=\"menu-anchor.default\">\n\t\t\t\t<div class=\"elementor-widget-container\">\n\t\t\t\t\t\t\t<div class=\"elementor-menu-anchor\" id=\"tanprogform\"><\/div>\n\t\t\t\t\t\t<\/div>\n\t\t\t\t<\/div>\n\t\t\t\t<div class=\"elementor-element elementor-element-49bdfff elementor-widget elementor-widget-heading\" data-id=\"49bdfff\" data-element_type=\"widget\" data-e-type=\"widget\" data-widget_type=\"heading.default\">\n\t\t\t\t<div class=\"elementor-widget-container\">\n\t\t\t\t\t<h3 class=\"elementor-heading-title elementor-size-default\">Nez\u00e1vazn\u00e1 popt\u00e1vka tane\u010dn\u00edho programu<\/h3>\t\t\t\t<\/div>\n\t\t\t\t<\/div>\n\t\t\t\t<div class=\"elementor-element elementor-element-30a37d2 elementor-widget elementor-widget-text-editor\" data-id=\"30a37d2\" data-element_type=\"widget\" data-e-type=\"widget\" data-widget_type=\"text-editor.default\">\n\t\t\t\t<div class=\"elementor-widget-container\">\n\t\t\t\t\t\t\t\t\t<p>Napi\u0161t\u011b n\u00e1m, o jak\u00fd druh tane\u010dn\u00edho programu m\u00e1te z\u00e1jem a my V\u00e1s budeme kontaktovat<\/p>\t\t\t\t\t\t\t\t<\/div>\n\t\t\t\t<\/div>\n\t\t\t\t<div class=\"elementor-element elementor-element-d0bc2b0 fluentform-widget-submit-button-custom elementor-widget elementor-widget-fluent-form-widget\" data-id=\"d0bc2b0\" data-element_type=\"widget\" data-e-type=\"widget\" data-widget_type=\"fluent-form-widget.default\">\n\t\t\t\t<div class=\"elementor-widget-container\">\n\t\t\t\t\t\n            <div class=\"fluentform-widget-wrapper fluentform-widget-align-default\">\n\n            \n            <div class='fluentform ff-default fluentform_wrapper_6 ffs_default_wrap'><form data-form_id=\"6\" id=\"fluentform_6\" class=\"frm-fluent-form fluent_form_6 ff-el-form-top ff_form_instance_6_1 ff-form-loading ff_has_v3_recptcha ffs_default\" data-form_instance=\"ff_form_instance_6_1\" method=\"POST\" data-recptcha_key=\"6Lcw5AgrAAAAANhxU0rxRwNHVKi34i6O-Fzne21b\" ><fieldset  style=\"border: none!important;margin: 0!important;padding: 0!important;background-color: transparent!important;box-shadow: none!important;outline: none!important; min-inline-size: 100%;\">\n                    <legend class=\"ff_screen_reader_title\" style=\"display: block; margin: 0!important;padding: 0!important;height: 0!important;text-indent: -999999px;width: 0!important;overflow:hidden;\">Tane\u010dn\u00ed program - popt\u00e1vka<\/legend><input type='hidden' name='__fluent_form_embded_post_id' value='3176' \/><input type=\"hidden\" id=\"_fluentform_6_fluentformnonce\" name=\"_fluentform_6_fluentformnonce\" value=\"5551be3312\" \/><input type=\"hidden\" name=\"_wp_http_referer\" value=\"\/en\/wp-json\/wp\/v2\/pages\/3176\" \/><div data-type=\"name-element\" data-name=\"names\" class=\" ff-field_container ff-name-field-wrapper\" ><div class='ff-t-container'><div class='ff-t-cell '><div class='ff-el-group ff-el-form-top'><div class=\"ff-el-input--label ff-el-is-required asterisk-right\"><label for='ff_6_names_first_name_' id='label_ff_6_names_first_name_' >Jm\u00e9no<\/label><\/div><div class='ff-el-input--content'><input type=\"text\" name=\"names[first_name]\" id=\"ff_6_names_first_name_\" class=\"ff-el-form-control\" aria-invalid=\"false\" aria-required=true><\/div><\/div><\/div><div class='ff-t-cell '><div class='ff-el-group ff-el-form-top'><div class=\"ff-el-input--label ff-el-is-required asterisk-right\"><label for='ff_6_names_last_name_' id='label_ff_6_names_last_name_' >P\u0159\u00edjmen\u00ed<\/label><\/div><div class='ff-el-input--content'><input type=\"text\" name=\"names[last_name]\" id=\"ff_6_names_last_name_\" class=\"ff-el-form-control\" aria-invalid=\"false\" aria-required=true><\/div><\/div><\/div><\/div><\/div><div data-name=\"ff_cn_id_1\"  class='ff-t-container ff-column-container ff_columns_total_2 '><div class='ff-t-cell ff-t-column-1' style='flex-basis: 50%;'><div class='ff-el-group'><div class=\"ff-el-input--label ff-el-is-required asterisk-right\"><label for='ff_6_email' id='label_ff_6_email' aria-label=\"Email\">Email<\/label><\/div><div class='ff-el-input--content'><input type=\"email\" name=\"email\" id=\"ff_6_email\" class=\"ff-el-form-control\" data-name=\"email\"  aria-invalid=\"false\" aria-required=true><\/div><\/div><\/div><div class='ff-t-cell ff-t-column-2' style='flex-basis: 50%;'><div class='ff-el-group'><div class=\"ff-el-input--label asterisk-right\"><label for='ff_6_numeric_field' id='label_ff_6_numeric_field' aria-label=\"Telefon\">Telefon<\/label><\/div><div class='ff-el-input--content'><input type=\"number\" name=\"numeric_field\" id=\"ff_6_numeric_field\" class=\"ff-el-form-control\" data-name=\"numeric_field\" inputmode=\"numeric\" step=\"any\"  aria-invalid=\"false\" aria-required=false><\/div><\/div><\/div><\/div><div class='ff-el-group'><div class=\"ff-el-input--label ff-el-is-required asterisk-right\"><label for='ff_6_description' id='label_ff_6_description' aria-label=\"Vzkaz pro n\u00e1s\">Vzkaz pro n\u00e1s<\/label><\/div><div class='ff-el-input--content'><textarea aria-required=\"true\" aria-labelledby=\"label_ff_6_description\" name=\"description\" id=\"ff_6_description\" class=\"ff-el-form-control\" rows=\"3\" cols=\"2\" data-name=\"description\" ><\/textarea><\/div><\/div><div class='ff-el-group ff-text-left ff_submit_btn_wrapper'><button type=\"submit\" class=\"ff-btn ff-btn-submit ff-btn-md ff_btn_style\"  aria-label=\"Odeslat\">Odeslat<\/button><\/div><\/fieldset><\/form><div id='fluentform_6_errors' class='ff-errors-in-stack ff_form_instance_6_1 ff-form-loading_errors ff_form_instance_6_1_errors'><\/div><\/div>            <script type=\"text\/javascript\">\n                window.fluent_form_ff_form_instance_6_1 = {\"id\":\"6\",\"settings\":{\"layout\":{\"labelPlacement\":\"top\",\"asteriskPlacement\":\"asterisk-right\",\"helpMessagePlacement\":\"with_label\",\"errorMessagePlacement\":\"inline\",\"cssClassName\":\"\"},\"restrictions\":{\"denyEmptySubmission\":{\"enabled\":false}}},\"form_instance\":\"ff_form_instance_6_1\",\"form_id_selector\":\"fluentform_6\",\"rules\":{\"names[first_name]\":{\"required\":{\"value\":true,\"message\":\"Tato polo\\u017eka je povinn\\u00e1\",\"global_message\":\"Tato polo\\u017eka je povinn\\u00e1\",\"global\":true}},\"names[middle_name]\":{\"required\":{\"value\":false,\"message\":\"Tato polo\\u017eka je povinn\\u00e1\",\"global_message\":\"Tato polo\\u017eka je povinn\\u00e1\",\"global\":true}},\"names[last_name]\":{\"required\":{\"value\":true,\"message\":\"Tato polo\\u017eka je povinn\\u00e1\",\"global_message\":\"Tato polo\\u017eka je povinn\\u00e1\",\"global\":true}},\"email\":{\"required\":{\"value\":true,\"message\":\"Tato polo\\u017eka je povinn\\u00e1\",\"global_message\":\"Tato polo\\u017eka je povinn\\u00e1\",\"global\":true},\"email\":{\"value\":true,\"message\":\"Tato polo\\u017eka mus\\u00ed obsahovat platn\\u00fd email\",\"global_message\":\"Tato polo\\u017eka mus\\u00ed obsahovat platn\\u00fd email\",\"global\":true}},\"numeric_field\":{\"required\":{\"value\":false,\"message\":\"Tato polo\\u017eka je povinn\\u00e1\",\"global_message\":\"Tato polo\\u017eka je povinn\\u00e1\",\"global\":true},\"numeric\":{\"value\":true,\"message\":\"Tato polo\\u017eka mus\\u00ed obsahovat \\u010d\\u00edslo\",\"global_message\":\"Tato polo\\u017eka mus\\u00ed obsahovat \\u010d\\u00edslo\",\"global\":true},\"min\":{\"value\":\"\",\"message\":\"Validation fails for minimum value\",\"global_message\":\"Validation fails for minimum value\",\"global\":true},\"max\":{\"value\":\"\",\"message\":\"Validation fails for maximum value\",\"global_message\":\"Validation fails for maximum value\",\"global\":true},\"digits\":{\"value\":\"\",\"message\":\"Validation fails for limited digits\",\"global_message\":\"Validation fails for limited digits\",\"global\":true}},\"description\":{\"required\":{\"value\":true,\"message\":\"Tato polo\\u017eka je povinn\\u00e1\",\"global_message\":\"Tato polo\\u017eka je povinn\\u00e1\",\"global\":true}}},\"debounce_time\":300};\n                            <\/script>\n                        <\/div>\n\n            \t\t\t\t<\/div>\n\t\t\t\t<\/div>\n\t\t\t\t\t<\/div>\n\t\t\t\t<\/div>\n\t\t\t\t<\/div>\n\t\t","protected":false},"excerpt":{"rendered":"<p>Svatby &amp; Events Na\u0161e tane\u010dn\u00ed programy jsou navr\u017eeny tak, aby p\u0159inesly energii, radost a nezapomenutelnou atmosf\u00e9ru do jak\u00e9koliv spole\u010densk\u00e9 ud\u00e1losti. Bez ohledu na to, zda pl\u00e1nujete svatbu, firemn\u00ed akci, teambuilding nebo jinou oslavu, jsme tu, abychom z va\u0161eho dne ud\u011blali nezapomenuteln\u00fd z\u00e1\u017eitek. Svatebn\u00ed tanec, kter\u00fd dojme i rozesm\u011bjePom\u016f\u017eeme v\u00e1m vytvo\u0159it svatebn\u00ed tanec, kter\u00fd bude tak&#8230;<\/p>","protected":false},"author":1,"featured_media":0,"parent":0,"menu_order":0,"comment_status":"closed","ping_status":"closed","template":"","meta":{"_kadence_starter_templates_imported_post":false,"_kad_post_transparent":"","_kad_post_title":"hide","_kad_post_layout":"fullwidth","_kad_post_sidebar_id":"","_kad_post_content_style":"unboxed","_kad_post_vertical_padding":"hide","_kad_post_feature":"hide","_kad_post_feature_position":"","_kad_post_header":false,"_kad_post_footer":false,"footnotes":""},"class_list":["post-3176","page","type-page","status-publish","hentry"],"_links":{"self":[{"href":"https:\/\/www.daretodance.cz\/en\/wp-json\/wp\/v2\/pages\/3176","targetHints":{"allow":["GET"]}}],"collection":[{"href":"https:\/\/www.daretodance.cz\/en\/wp-json\/wp\/v2\/pages"}],"about":[{"href":"https:\/\/www.daretodance.cz\/en\/wp-json\/wp\/v2\/types\/page"}],"author":[{"embeddable":true,"href":"https:\/\/www.daretodance.cz\/en\/wp-json\/wp\/v2\/users\/1"}],"replies":[{"embeddable":true,"href":"https:\/\/www.daretodance.cz\/en\/wp-json\/wp\/v2\/comments?post=3176"}],"version-history":[{"count":23,"href":"https:\/\/www.daretodance.cz\/en\/wp-json\/wp\/v2\/pages\/3176\/revisions"}],"predecessor-version":[{"id":5042,"href":"https:\/\/www.daretodance.cz\/en\/wp-json\/wp\/v2\/pages\/3176\/revisions\/5042"}],"wp:attachment":[{"href":"https:\/\/www.daretodance.cz\/en\/wp-json\/wp\/v2\/media?parent=3176"}],"curies":[{"name":"wp","href":"https:\/\/api.w.org\/{rel}","templated":true}]}}