{"id":3188,"date":"2025-07-08T10:38:01","date_gmt":"2025-07-08T08:38:01","guid":{"rendered":"https:\/\/www.daretodance.cz\/?page_id=3188"},"modified":"2026-01-16T17:11:47","modified_gmt":"2026-01-16T16:11:47","slug":"martina","status":"publish","type":"page","link":"https:\/\/www.daretodance.cz\/en\/home\/o-nas\/spolupracujeme\/martina\/","title":{"rendered":"Martina"},"content":{"rendered":"<div data-elementor-type=\"wp-page\" data-elementor-id=\"3188\" class=\"elementor elementor-3188\">\n\t\t\t\t<div class=\"elementor-element elementor-element-f6a51eb e-flex e-con-boxed e-con e-parent\" data-id=\"f6a51eb\" data-element_type=\"container\" data-e-type=\"container\">\n\t\t\t\t\t<div class=\"e-con-inner\">\n\t\t<div class=\"elementor-element elementor-element-37869ac e-con-full e-flex e-con e-child\" data-id=\"37869ac\" data-element_type=\"container\" data-e-type=\"container\">\n\t\t\t\t<div class=\"elementor-element elementor-element-a57571d elementor-widget elementor-widget-heading\" data-id=\"a57571d\" data-element_type=\"widget\" data-e-type=\"widget\" data-widget_type=\"heading.default\">\n\t\t\t\t<div class=\"elementor-widget-container\">\n\t\t\t\t\t<h2 class=\"elementor-heading-title elementor-size-default\">Martina Dra\u0161arov\u00e1<\/h2>\t\t\t\t<\/div>\n\t\t\t\t<\/div>\n\t\t\t\t<div class=\"elementor-element elementor-element-bf8fe4b elementor-widget elementor-widget-text-editor\" data-id=\"bf8fe4b\" data-element_type=\"widget\" data-e-type=\"widget\" data-widget_type=\"text-editor.default\">\n\t\t\t\t<div class=\"elementor-widget-container\">\n\t\t\t\t\t\t\t\t\t<div id=\"-wm-AppleMailSignature\" dir=\"ltr\"><strong>Artistic career<\/strong><\/div><div id=\"-wm-AppleMailSignature\" dir=\"ltr\">Martina za\u010dala svou tane\u010dn\u00ed cestu ji\u017e ve sv\u00fdch 6 letech jako modern\u00ed gymnastka. Od 17 let se v\u011bnovala tanci profesion\u00e1ln\u011b a vystupovala v mnoha muzik\u00e1lech, divadeln\u00edch projektech, televizn\u00edch show, videoklipech a m\u00f3dn\u00edch p\u0159ehl\u00eddk\u00e1ch. Jako choreografka spolupracovala s Darou Rolins a tan\u010dila po boku mnoha p\u0159edn\u00edch \u010desk\u00fdch zp\u011bv\u00e1k\u016f.<\/div><div id=\"-wm-AppleMailSignature\" dir=\"ltr\">\u00a0<\/div><div id=\"-wm-AppleMailSignature\" dir=\"ltr\">Martina byla jednou ze zakl\u00e1daj\u00edc\u00edch \u010dlenek presti\u017en\u00ed tane\u010dn\u00ed skupiny JAD (Yemi A.D.), kde p\u016fsobila 3 roky. Pozd\u011bji se p\u0159idala k tane\u010dn\u00ed skupin\u011b IF (Qa\u0161a) a v roce 2002 se stala \u010dlenkou mezin\u00e1rodn\u00ed tane\u010dn\u00ed skupiny Dance2XS, kde str\u00e1vila 8 let. Dance2XS se zam\u011b\u0159ovala na street dance a jazz dance, kter\u00fdm se Martina v t\u00e9 dob\u011b v\u011bnovala nejv\u00edce.<\/div><div id=\"-wm-AppleMailSignature\" dir=\"ltr\">\u00a0<\/div><div id=\"-wm-AppleMailSignature\" dir=\"ltr\">K roz\u0161\u00ed\u0159en\u00ed sv\u00fdch tane\u010dn\u00edch dovednost\u00ed odcestovala dvakr\u00e1t do USA (Hollywood), kde se u\u010dila od sv\u011btov\u00fdch \u0161pi\u010dek v tane\u010dn\u00edch studi\u00edch Millennium a Debbie Reynolds.<\/div><div id=\"-wm-AppleMailSignature\" dir=\"ltr\">\u00a0<\/div><div id=\"-wm-AppleMailSignature\" dir=\"ltr\"><strong>Professional achievements<\/strong><\/div><div id=\"-wm-AppleMailSignature\" dir=\"ltr\">V roce 2013 se stala \u010dlenkou profesion\u00e1ln\u00ed latinskoamerick\u00e9 tane\u010dn\u00ed skupiny Tradici\u00f3n. Martina se d\u00e1le zdokonalovala v salse, reggaetonu a kub\u00e1nsk\u00e9m folkloru pod veden\u00edm p\u0159edn\u00edch lektor\u016f, jako jsou Rafael del Busto, Sa\u0161ka Sedl\u00e1kov\u00e1 nebo Leon el Rumbero. Byla tak\u00e9 sou\u010d\u00e1st\u00ed skupiny Timberos pod veden\u00edm Filipa Dra\u0161ara.<\/div><div id=\"-wm-AppleMailSignature\" dir=\"ltr\">\u00da\u010dastnila se nespo\u010det workshop\u016f a festival\u016f, jako jsou Tirate un Paso, Arreb\u00e1tate, Yo vengo de Cuba nebo Calle de Timberos, a z\u00edsk\u00e1vala zku\u0161enosti od sv\u011btov\u011b uzn\u00e1van\u00fdch tane\u010dn\u00edk\u016f, jako jsou Diana Rodriguez, Yoyo Flow, Osmani Segura a Ismaray Aspirina.<\/div><div id=\"-wm-AppleMailSignature\" dir=\"ltr\">V posledn\u00ed dob\u011b se objevila v hudebn\u00edch videoklipech pro Day Suareze (salsa) a F-Cuba (reggaeton).<\/div><div id=\"-wm-AppleMailSignature\" dir=\"ltr\">\u00a0<\/div><div id=\"-wm-AppleMailSignature\" dir=\"ltr\"><strong>Dance mastery<\/strong><\/div><div id=\"-wm-AppleMailSignature\" dir=\"ltr\">Martina aktu\u00e1ln\u011b vyu\u010duje a v\u011bnuje se styl\u016fm jako reggaeton, salsa con reggaeton, salsa con hip hop, jazz dance &amp;amp; technique, a latino\/high heels. Je zn\u00e1m\u00e1 svou technickou preciznost\u00ed, \u017eensk\u00fdm projevem a schopnost\u00ed propojit r\u016fzn\u00e9 tane\u010dn\u00ed styly do energick\u00e9ho a autentick\u00e9ho projevu.<\/div><div id=\"-wm-AppleMailSignature\" dir=\"ltr\">\u00a0<\/div><div id=\"-wm-AppleMailSignature\" dir=\"ltr\"><strong>Hudebn\u00ed a pedagogick\u00fd rozm\u011br<\/strong><\/div><div id=\"-wm-AppleMailSignature\" dir=\"ltr\">Jako v\u00e1\u0161niv\u00e1 tane\u010dnice miluje nejen tanec samotn\u00fd, ale i jeho v\u00fduku. Martina pravideln\u011b organizuje latino workshopy a pracuje na jedine\u010dn\u00fdch tane\u010dn\u00edch projektech. \u00dazce spolupracuje s kub\u00e1nsk\u00fdm tane\u010dn\u00edkem a choreografem Rafaelem del Busto. Krom\u011b pravideln\u00fdch lekc\u00ed ve studi\u00edch po cel\u00e9 \u010cesk\u00e9 republice sed\u00ed v porot\u011b na amat\u00e9rsk\u00fdch sout\u011b\u017e\u00edch a sama se neust\u00e1le vzd\u011bl\u00e1v\u00e1, proto\u017ee tanec je jej\u00ed nejv\u011bt\u0161\u00ed v\u00e1\u0161n\u00ed.<\/div><div id=\"-wm-AppleMailSignature\" dir=\"ltr\">\u00a0<\/div><div id=\"-wm-AppleMailSignature\" dir=\"ltr\">Martina je tane\u010dnice a lektorka , kter\u00e1 dokazuje, \u017ee tanec je nejen pohyb, ale i \u017eivotn\u00ed styl.<\/div>\t\t\t\t\t\t\t\t<\/div>\n\t\t\t\t<\/div>\n\t\t\t\t<\/div>\n\t\t<div class=\"elementor-element elementor-element-ec9eca5 e-con-full e-flex e-con e-child\" data-id=\"ec9eca5\" data-element_type=\"container\" data-e-type=\"container\">\n\t\t\t\t<div class=\"elementor-element elementor-element-3c7ec0e elementor-arrows-position-inside elementor-pagination-position-outside elementor-widget elementor-widget-image-carousel\" data-id=\"3c7ec0e\" data-element_type=\"widget\" data-e-type=\"widget\" data-settings=\"{&quot;slides_to_show&quot;:&quot;1&quot;,&quot;navigation&quot;:&quot;both&quot;,&quot;autoplay&quot;:&quot;yes&quot;,&quot;pause_on_hover&quot;:&quot;yes&quot;,&quot;pause_on_interaction&quot;:&quot;yes&quot;,&quot;autoplay_speed&quot;:5000,&quot;infinite&quot;:&quot;yes&quot;,&quot;effect&quot;:&quot;slide&quot;,&quot;speed&quot;:500}\" data-widget_type=\"image-carousel.default\">\n\t\t\t\t<div class=\"elementor-widget-container\">\n\t\t\t\t\t\t\t<div class=\"elementor-image-carousel-wrapper swiper\" role=\"region\" aria-roledescription=\"carousel\" aria-label=\"Obr\u00e1zkov\u00fd koloto\u010d\" dir=\"ltr\">\n\t\t\t<div class=\"elementor-image-carousel swiper-wrapper swiper-image-stretch\" aria-live=\"off\">\n\t\t\t\t\t\t\t\t<div class=\"swiper-slide\" role=\"group\" aria-roledescription=\"slide\" aria-label=\"1 z 5\"><figure class=\"swiper-slide-inner\"><img decoding=\"async\" class=\"swiper-slide-image\" src=\"https:\/\/www.daretodance.cz\/wp-content\/uploads\/2025\/07\/Martina01-scaled.jpg\" alt=\"Martina01\" \/><\/figure><\/div><div class=\"swiper-slide\" role=\"group\" aria-roledescription=\"slide\" aria-label=\"2 z 5\"><figure class=\"swiper-slide-inner\"><img decoding=\"async\" class=\"swiper-slide-image\" src=\"https:\/\/www.daretodance.cz\/wp-content\/uploads\/2025\/07\/Martina02-scaled.jpg\" alt=\"Martina02\" \/><\/figure><\/div><div class=\"swiper-slide\" role=\"group\" aria-roledescription=\"slide\" aria-label=\"3 z 5\"><figure class=\"swiper-slide-inner\"><img decoding=\"async\" class=\"swiper-slide-image\" src=\"https:\/\/www.daretodance.cz\/wp-content\/uploads\/2025\/07\/Martina03-scaled.jpg\" alt=\"Martina03\" \/><\/figure><\/div><div class=\"swiper-slide\" role=\"group\" aria-roledescription=\"slide\" aria-label=\"4 z 5\"><figure class=\"swiper-slide-inner\"><img decoding=\"async\" class=\"swiper-slide-image\" src=\"https:\/\/www.daretodance.cz\/wp-content\/uploads\/2025\/07\/Martina04-scaled.jpg\" alt=\"Martina04\" \/><\/figure><\/div><div class=\"swiper-slide\" role=\"group\" aria-roledescription=\"slide\" aria-label=\"5 z 5\"><figure class=\"swiper-slide-inner\"><img decoding=\"async\" class=\"swiper-slide-image\" src=\"https:\/\/www.daretodance.cz\/wp-content\/uploads\/2025\/07\/Martina05-scaled.jpg\" alt=\"Martina05\" \/><\/figure><\/div>\t\t\t<\/div>\n\t\t\t\t\t\t\t\t\t\t\t\t<div class=\"elementor-swiper-button elementor-swiper-button-prev\" role=\"button\" tabindex=\"0\">\n\t\t\t\t\t\t<svg aria-hidden=\"true\" class=\"e-font-icon-svg e-eicon-chevron-left\" viewbox=\"0 0 1000 1000\" xmlns=\"http:\/\/www.w3.org\/2000\/svg\"><path d=\"M646 125C629 125 613 133 604 142L308 442C296 454 292 471 292 487 292 504 296 521 308 533L604 854C617 867 629 875 646 875 663 875 679 871 692 858 704 846 713 829 713 812 713 796 708 779 692 767L438 487 692 225C700 217 708 204 708 187 708 171 704 154 692 142 675 129 663 125 646 125Z\"><\/path><\/svg>\t\t\t\t\t<\/div>\n\t\t\t\t\t<div class=\"elementor-swiper-button elementor-swiper-button-next\" role=\"button\" tabindex=\"0\">\n\t\t\t\t\t\t<svg aria-hidden=\"true\" class=\"e-font-icon-svg e-eicon-chevron-right\" viewbox=\"0 0 1000 1000\" xmlns=\"http:\/\/www.w3.org\/2000\/svg\"><path d=\"M696 533C708 521 713 504 713 487 713 471 708 454 696 446L400 146C388 133 375 125 354 125 338 125 325 129 313 142 300 154 292 171 292 187 292 204 296 221 308 233L563 492 304 771C292 783 288 800 288 817 288 833 296 850 308 863 321 871 338 875 354 875 371 875 388 867 400 854L696 533Z\"><\/path><\/svg>\t\t\t\t\t<\/div>\n\t\t\t\t\n\t\t\t\t\t\t\t\t\t<div class=\"swiper-pagination\"><\/div>\n\t\t\t\t\t\t\t\t\t<\/div>\n\t\t\t\t\t\t<\/div>\n\t\t\t\t<\/div>\n\t\t\t\t<\/div>\n\t\t\t\t\t<\/div>\n\t\t\t\t<\/div>\n\t\t\t\t<\/div>","protected":false},"excerpt":{"rendered":"<p>Martina Dra\u0161arov\u00e1 Um\u011bleck\u00e1 dr\u00e1haMartina za\u010dala svou tane\u010dn\u00ed cestu ji\u017e ve sv\u00fdch 6 letech jako modern\u00ed gymnastka. Od 17 let se v\u011bnovala tanci profesion\u00e1ln\u011b a vystupovala v mnoha muzik\u00e1lech, divadeln\u00edch projektech, televizn\u00edch show, videoklipech a m\u00f3dn\u00edch p\u0159ehl\u00eddk\u00e1ch. Jako choreografka spolupracovala s Darou Rolins a tan\u010dila po boku mnoha p\u0159edn\u00edch \u010desk\u00fdch zp\u011bv\u00e1k\u016f.\u00a0Martina byla jednou ze zakl\u00e1daj\u00edc\u00edch \u010dlenek&#8230;<\/p>","protected":false},"author":1,"featured_media":0,"parent":4233,"menu_order":0,"comment_status":"closed","ping_status":"closed","template":"","meta":{"_kadence_starter_templates_imported_post":false,"_kad_post_transparent":"","_kad_post_title":"hide","_kad_post_layout":"fullwidth","_kad_post_sidebar_id":"","_kad_post_content_style":"unboxed","_kad_post_vertical_padding":"hide","_kad_post_feature":"hide","_kad_post_feature_position":"","_kad_post_header":false,"_kad_post_footer":false,"footnotes":""},"class_list":["post-3188","page","type-page","status-publish","hentry"],"_links":{"self":[{"href":"https:\/\/www.daretodance.cz\/en\/wp-json\/wp\/v2\/pages\/3188","targetHints":{"allow":["GET"]}}],"collection":[{"href":"https:\/\/www.daretodance.cz\/en\/wp-json\/wp\/v2\/pages"}],"about":[{"href":"https:\/\/www.daretodance.cz\/en\/wp-json\/wp\/v2\/types\/page"}],"author":[{"embeddable":true,"href":"https:\/\/www.daretodance.cz\/en\/wp-json\/wp\/v2\/users\/1"}],"replies":[{"embeddable":true,"href":"https:\/\/www.daretodance.cz\/en\/wp-json\/wp\/v2\/comments?post=3188"}],"version-history":[{"count":4,"href":"https:\/\/www.daretodance.cz\/en\/wp-json\/wp\/v2\/pages\/3188\/revisions"}],"predecessor-version":[{"id":3197,"href":"https:\/\/www.daretodance.cz\/en\/wp-json\/wp\/v2\/pages\/3188\/revisions\/3197"}],"up":[{"embeddable":true,"href":"https:\/\/www.daretodance.cz\/en\/wp-json\/wp\/v2\/pages\/4233"}],"wp:attachment":[{"href":"https:\/\/www.daretodance.cz\/en\/wp-json\/wp\/v2\/media?parent=3188"}],"curies":[{"name":"wp","href":"https:\/\/api.w.org\/{rel}","templated":true}]}}