{"id":3891,"date":"2026-01-14T14:33:26","date_gmt":"2026-01-14T13:33:26","guid":{"rendered":"https:\/\/www.daretodance.cz\/?page_id=3891"},"modified":"2026-01-16T17:10:12","modified_gmt":"2026-01-16T16:10:12","slug":"blog","status":"publish","type":"page","link":"https:\/\/www.daretodance.cz\/en\/blog\/","title":{"rendered":"Blog"},"content":{"rendered":"<div data-elementor-type=\"wp-page\" data-elementor-id=\"3891\" class=\"elementor elementor-3891\">\n\t\t\t\t<div class=\"elementor-element elementor-element-9f54076 e-flex e-con-boxed e-con e-parent\" data-id=\"9f54076\" data-element_type=\"container\" data-e-type=\"container\">\n\t\t\t\t\t<div class=\"e-con-inner\">\n\t\t\t\t<div class=\"elementor-element elementor-element-2d592d0 elementor-widget elementor-widget-heading\" data-id=\"2d592d0\" data-element_type=\"widget\" data-e-type=\"widget\" data-widget_type=\"heading.default\">\n\t\t\t\t<div class=\"elementor-widget-container\">\n\t\t\t\t\t<h2 class=\"elementor-heading-title elementor-size-default\">V\u00edtejte na na\u0161em blogu<\/h2>\t\t\t\t<\/div>\n\t\t\t\t<\/div>\n\t\t\t\t\t<\/div>\n\t\t\t\t<\/div>\n\t\t<div class=\"elementor-element elementor-element-397339c e-flex e-con-boxed e-con e-parent\" data-id=\"397339c\" data-element_type=\"container\" data-e-type=\"container\">\n\t\t\t\t\t<div class=\"e-con-inner\">\n\t\t\t\t<div class=\"elementor-element elementor-element-cdf09e3 premium-blog-align-left elementor-widget elementor-widget-premium-addon-blog\" data-id=\"cdf09e3\" data-element_type=\"widget\" data-e-type=\"widget\" data-settings=\"{&quot;premium_blog_columns_number&quot;:&quot;33.33%&quot;,&quot;premium_blog_grid&quot;:&quot;yes&quot;,&quot;premium_blog_layout&quot;:&quot;even&quot;,&quot;premium_blog_columns_number_tablet&quot;:&quot;50%&quot;,&quot;premium_blog_columns_number_mobile&quot;:&quot;100%&quot;,&quot;scroll_to_offset&quot;:&quot;yes&quot;}\" data-widget_type=\"premium-addon-blog.default\">\n\t\t\t\t<div class=\"elementor-widget-container\">\n\t\t\t\t\t\n\t\t\n\n\t\t\t\t<div class=\"premium-blog-wrap  premium-blog-even\" data-page=\"3891\" data-pagination=\"true\">\n\t\t\t\t\t\t\t\t\t<div class=\"premium-blog-post-outer-container\" data-total=\"2\">\n\t\t\t<div class=\"premium-blog-post-container premium-blog-skin-modern\">\n\t\t\t\t\t\t\t\t\t<div class=\"premium-blog-thumb-effect-wrapper\">\n\t\t\t\t\t\t<div class=\"premium-blog-thumbnail-container premium-blog-bright-effect\">\n\t\t\t\t\t\t\t\t\t\t\t<a href=\"https:\/\/www.daretodance.cz\/en\/2026\/01\/14\/kolik-casu-trva-naucit-se-tancit-salsu\/\" target=\"_blank\">\n\t\t\t\t<img fetchpriority=\"high\" decoding=\"async\" width=\"1024\" height=\"559\" src=\"https:\/\/www.daretodance.cz\/wp-content\/uploads\/2026\/01\/Blog-Clanek7.jpg\" class=\"attachment-full size-full wp-image-4043\" alt=\"\" srcset=\"https:\/\/www.daretodance.cz\/wp-content\/uploads\/2026\/01\/Blog-Clanek7.jpg 1024w, https:\/\/www.daretodance.cz\/wp-content\/uploads\/2026\/01\/Blog-Clanek7-300x164.jpg 300w, https:\/\/www.daretodance.cz\/wp-content\/uploads\/2026\/01\/Blog-Clanek7-768x419.jpg 768w, https:\/\/www.daretodance.cz\/wp-content\/uploads\/2026\/01\/Blog-Clanek7-18x10.jpg 18w\" sizes=\"(max-width: 1024px) 100vw, 1024px\" \/>\t\t\t\t<\/a>\n\t\t\t\t\t\t\t\t\t\t<\/div>\n\t\t\t\t\t\t\t\t\t\t\t\t\t<div class=\"premium-blog-effect-container premium-blog-framed-effect\">\n\t\t\t\t\t\t\t\t<a class=\"premium-blog-post-link\" href=\"https:\/\/www.daretodance.cz\/en\/2026\/01\/14\/kolik-casu-trva-naucit-se-tancit-salsu\/\" target=\"_blank\"><span>KOLIK \u010cASU TRV\u00c1 NAU\u010cIT SE TAN\u010cIT SALSU?<\/span><\/a>\n\t\t\t\t\t\t\t\t\t\t\t\t\t\t\t<\/div>\n\t\t\t\t\t\t\t\t\t\t\t<\/div>\n\t\t\t\t\t\t\t\t\t\t\t\t<div class=\"premium-blog-content-wrapper\">\n\n\t\t\t\t\t<div class=\"premium-blog-inner-container\">\n\n\t\t\t\t\t\t\t\t\t\t\t\t\t\t<h2 class=\"premium-blog-entry-title\">\n\t\t\t<a href=\"https:\/\/www.daretodance.cz\/en\/2026\/01\/14\/kolik-casu-trva-naucit-se-tancit-salsu\/\" target=\"_blank\">\n\t\t\t\tKOLIK \u010cASU TRV\u00c1 NAU\u010cIT SE TAN\u010cIT SALSU?\t\t\t<\/a>\n\t\t<\/h2>\n\t\t\t\t<div class=\"premium-blog-entry-meta\">\n\t\t\t\n\t\t\t\n\t\t\t\n\t\t\t\t\t<\/div>\n\t\t\n\t\t\t\t\t<\/div>\n\n\t\t\t\t\t\t\t<div class=\"premium-blog-content-inner-wrapper\">\n\t\t<p class=\"premium-blog-post-content\">Kolik \u010dasu trv\u00e1 nau\u010dit se salsu? Realistick\u00fd pr\u016fvodce pro za\u010d\u00e1te\u010dn\u00edky! \u2713 \u010casov\u00e1 osa u\u010den\u00ed \u2713 F\u00e1ze pokroku \u2713 Tipy na rychlej\u0161\u00ed pokrok \u2713 \u010ceho o\u010dek\u00e1vat \u2713 Individu\u00e1ln\u00ed tempo<\/p>\t\t<\/div>\n\t\t\t\t\t\t\t\n\t\t\t\t<\/div>\n\t\t\t<\/div>\n\t\t<\/div>\n\n\t\t\t\t<div class=\"premium-blog-post-outer-container\" data-total=\"2\">\n\t\t\t<div class=\"premium-blog-post-container premium-blog-skin-modern\">\n\t\t\t\t\t\t\t\t\t<div class=\"premium-blog-thumb-effect-wrapper\">\n\t\t\t\t\t\t<div class=\"premium-blog-thumbnail-container premium-blog-bright-effect\">\n\t\t\t\t\t\t\t\t\t\t\t<a href=\"https:\/\/www.daretodance.cz\/en\/2026\/01\/14\/jak-prekonat-strach-z-tancovani-7-tipu-pro-zacinajici-tanecniky\/\" target=\"_blank\">\n\t\t\t\t<img decoding=\"async\" width=\"1024\" height=\"559\" src=\"https:\/\/www.daretodance.cz\/wp-content\/uploads\/2026\/01\/Blog-clanek6.jpg\" class=\"attachment-full size-full wp-image-4042\" alt=\"\" srcset=\"https:\/\/www.daretodance.cz\/wp-content\/uploads\/2026\/01\/Blog-clanek6.jpg 1024w, https:\/\/www.daretodance.cz\/wp-content\/uploads\/2026\/01\/Blog-clanek6-300x164.jpg 300w, https:\/\/www.daretodance.cz\/wp-content\/uploads\/2026\/01\/Blog-clanek6-768x419.jpg 768w, https:\/\/www.daretodance.cz\/wp-content\/uploads\/2026\/01\/Blog-clanek6-18x10.jpg 18w\" sizes=\"(max-width: 1024px) 100vw, 1024px\" \/>\t\t\t\t<\/a>\n\t\t\t\t\t\t\t\t\t\t<\/div>\n\t\t\t\t\t\t\t\t\t\t\t\t\t<div class=\"premium-blog-effect-container premium-blog-framed-effect\">\n\t\t\t\t\t\t\t\t<a class=\"premium-blog-post-link\" href=\"https:\/\/www.daretodance.cz\/en\/2026\/01\/14\/jak-prekonat-strach-z-tancovani-7-tipu-pro-zacinajici-tanecniky\/\" target=\"_blank\"><span>JAK P\u0158EKONAT STRACH Z TANCOV\u00c1N\u00cd: 7 TIP\u016e PRO ZA\u010c\u00cdNAJ\u00cdC\u00cd TANE\u010cN\u00cdKY<\/span><\/a>\n\t\t\t\t\t\t\t\t\t\t\t\t\t\t\t<\/div>\n\t\t\t\t\t\t\t\t\t\t\t<\/div>\n\t\t\t\t\t\t\t\t\t\t\t\t<div class=\"premium-blog-content-wrapper\">\n\n\t\t\t\t\t<div class=\"premium-blog-inner-container\">\n\n\t\t\t\t\t\t\t\t\t\t\t\t\t\t<h2 class=\"premium-blog-entry-title\">\n\t\t\t<a href=\"https:\/\/www.daretodance.cz\/en\/2026\/01\/14\/jak-prekonat-strach-z-tancovani-7-tipu-pro-zacinajici-tanecniky\/\" target=\"_blank\">\n\t\t\t\tJAK P\u0158EKONAT STRACH Z TANCOV\u00c1N\u00cd: 7 TIP\u016e PRO ZA\u010c\u00cdNAJ\u00cdC\u00cd TANE\u010cN\u00cdKY\t\t\t<\/a>\n\t\t<\/h2>\n\t\t\t\t<div class=\"premium-blog-entry-meta\">\n\t\t\t\n\t\t\t\n\t\t\t\n\t\t\t\t\t<\/div>\n\t\t\n\t\t\t\t\t<\/div>\n\n\t\t\t\t\t\t\t<div class=\"premium-blog-content-inner-wrapper\">\n\t\t<p class=\"premium-blog-post-content\">Boj\u00edte se za\u010d\u00edt tan\u010dit? Objevte 7 \u00fa\u010dinn\u00fdch tip\u016f, jak p\u0159ekonat strach z tancov\u00e1n\u00ed! \u2713 Praktick\u00e9 rady \u2713 Psychologick\u00e9 techniky \u2713 \u00dasp\u011b\u0161n\u00e9 p\u0159\u00edb\u011bhy \u2713 Pro za\u010d\u00e1te\u010dn\u00edky \u2713 Sebev\u011bdom\u00ed<\/p>\t\t<\/div>\n\t\t\t\t\t\t\t\n\t\t\t\t<\/div>\n\t\t\t<\/div>\n\t\t<\/div>\n\n\t\t\t\t<div class=\"premium-blog-post-outer-container\" data-total=\"2\">\n\t\t\t<div class=\"premium-blog-post-container premium-blog-skin-modern\">\n\t\t\t\t\t\t\t\t\t<div class=\"premium-blog-thumb-effect-wrapper\">\n\t\t\t\t\t\t<div class=\"premium-blog-thumbnail-container premium-blog-bright-effect\">\n\t\t\t\t\t\t\t\t\t\t\t<a href=\"https:\/\/www.daretodance.cz\/en\/2026\/01\/14\/rueda-de-casino-co-to-je-a-proc-ji-miluji-vsichni-salseros\/\" target=\"_blank\">\n\t\t\t\t<img decoding=\"async\" width=\"1024\" height=\"559\" src=\"https:\/\/www.daretodance.cz\/wp-content\/uploads\/2026\/01\/Blog-clanek5.jpg\" class=\"attachment-full size-full wp-image-4041\" alt=\"\" srcset=\"https:\/\/www.daretodance.cz\/wp-content\/uploads\/2026\/01\/Blog-clanek5.jpg 1024w, https:\/\/www.daretodance.cz\/wp-content\/uploads\/2026\/01\/Blog-clanek5-300x164.jpg 300w, https:\/\/www.daretodance.cz\/wp-content\/uploads\/2026\/01\/Blog-clanek5-768x419.jpg 768w, https:\/\/www.daretodance.cz\/wp-content\/uploads\/2026\/01\/Blog-clanek5-18x10.jpg 18w\" sizes=\"(max-width: 1024px) 100vw, 1024px\" \/>\t\t\t\t<\/a>\n\t\t\t\t\t\t\t\t\t\t<\/div>\n\t\t\t\t\t\t\t\t\t\t\t\t\t<div class=\"premium-blog-effect-container premium-blog-framed-effect\">\n\t\t\t\t\t\t\t\t<a class=\"premium-blog-post-link\" href=\"https:\/\/www.daretodance.cz\/en\/2026\/01\/14\/rueda-de-casino-co-to-je-a-proc-ji-miluji-vsichni-salseros\/\" target=\"_blank\"><span>RUEDA DE CASINO \u2013 CO TO JE A PRO\u010c JI MILUJ\u00cd V\u0160ICHNI SALSEROS?<\/span><\/a>\n\t\t\t\t\t\t\t\t\t\t\t\t\t\t\t<\/div>\n\t\t\t\t\t\t\t\t\t\t\t<\/div>\n\t\t\t\t\t\t\t\t\t\t\t\t<div class=\"premium-blog-content-wrapper\">\n\n\t\t\t\t\t<div class=\"premium-blog-inner-container\">\n\n\t\t\t\t\t\t\t\t\t\t\t\t\t\t<h2 class=\"premium-blog-entry-title\">\n\t\t\t<a href=\"https:\/\/www.daretodance.cz\/en\/2026\/01\/14\/rueda-de-casino-co-to-je-a-proc-ji-miluji-vsichni-salseros\/\" target=\"_blank\">\n\t\t\t\tRUEDA DE CASINO \u2013 CO TO JE A PRO\u010c JI MILUJ\u00cd V\u0160ICHNI SALSEROS?\t\t\t<\/a>\n\t\t<\/h2>\n\t\t\t\t<div class=\"premium-blog-entry-meta\">\n\t\t\t\n\t\t\t\n\t\t\t\n\t\t\t\t\t<\/div>\n\t\t\n\t\t\t\t\t<\/div>\n\n\t\t\t\t\t\t\t<div class=\"premium-blog-content-inner-wrapper\">\n\t\t<p class=\"premium-blog-post-content\">Objevte rueda de casino \u2013 nejz\u00e1bavn\u011bj\u0161\u00ed zp\u016fsob, jak tan\u010dit salsu! \u2713 Skupinov\u00e9 tancov\u00e1n\u00ed \u2713 St\u0159\u00edd\u00e1n\u00ed partner\u016f \u2713 Kub\u00e1nsk\u00e1 tradice \u2713 Pro za\u010d\u00e1te\u010dn\u00edky \u2713 Z\u00e1kladn\u00ed figury \u2713 Kde tan\u010dit v Praze<\/p>\t\t<\/div>\n\t\t\t\t\t\t\t\n\t\t\t\t<\/div>\n\t\t\t<\/div>\n\t\t<\/div>\n\n\t\t\t\t<div class=\"premium-blog-post-outer-container\" data-total=\"2\">\n\t\t\t<div class=\"premium-blog-post-container premium-blog-skin-modern\">\n\t\t\t\t\t\t\t\t\t<div class=\"premium-blog-thumb-effect-wrapper\">\n\t\t\t\t\t\t<div class=\"premium-blog-thumbnail-container premium-blog-bright-effect\">\n\t\t\t\t\t\t\t\t\t\t\t<a href=\"https:\/\/www.daretodance.cz\/en\/2026\/01\/14\/potrebuji-tanecniho-partnera-5-duvodu-proc-jit-na-kurz-salsy-sam\/\" target=\"_blank\">\n\t\t\t\t<img loading=\"lazy\" decoding=\"async\" width=\"1024\" height=\"559\" src=\"https:\/\/www.daretodance.cz\/wp-content\/uploads\/2026\/01\/Blog-clanek4.jpg\" class=\"attachment-full size-full wp-image-4040\" alt=\"\" srcset=\"https:\/\/www.daretodance.cz\/wp-content\/uploads\/2026\/01\/Blog-clanek4.jpg 1024w, https:\/\/www.daretodance.cz\/wp-content\/uploads\/2026\/01\/Blog-clanek4-300x164.jpg 300w, https:\/\/www.daretodance.cz\/wp-content\/uploads\/2026\/01\/Blog-clanek4-768x419.jpg 768w, https:\/\/www.daretodance.cz\/wp-content\/uploads\/2026\/01\/Blog-clanek4-18x10.jpg 18w\" sizes=\"(max-width: 1024px) 100vw, 1024px\" \/>\t\t\t\t<\/a>\n\t\t\t\t\t\t\t\t\t\t<\/div>\n\t\t\t\t\t\t\t\t\t\t\t\t\t<div class=\"premium-blog-effect-container premium-blog-framed-effect\">\n\t\t\t\t\t\t\t\t<a class=\"premium-blog-post-link\" href=\"https:\/\/www.daretodance.cz\/en\/2026\/01\/14\/potrebuji-tanecniho-partnera-5-duvodu-proc-jit-na-kurz-salsy-sam\/\" target=\"_blank\"><span>POT\u0158EBUJI TANE\u010cN\u00cdHO PARTNERA? 5 D\u016eVOD\u016e, PRO\u010c J\u00cdT NA KURZ SALSY S\u00c1M<\/span><\/a>\n\t\t\t\t\t\t\t\t\t\t\t\t\t\t\t<\/div>\n\t\t\t\t\t\t\t\t\t\t\t<\/div>\n\t\t\t\t\t\t\t\t\t\t\t\t<div class=\"premium-blog-content-wrapper\">\n\n\t\t\t\t\t<div class=\"premium-blog-inner-container\">\n\n\t\t\t\t\t\t\t\t\t\t\t\t\t\t<h2 class=\"premium-blog-entry-title\">\n\t\t\t<a href=\"https:\/\/www.daretodance.cz\/en\/2026\/01\/14\/potrebuji-tanecniho-partnera-5-duvodu-proc-jit-na-kurz-salsy-sam\/\" target=\"_blank\">\n\t\t\t\tPOT\u0158EBUJI TANE\u010cN\u00cdHO PARTNERA? 5 D\u016eVOD\u016e, PRO\u010c J\u00cdT NA KURZ SALSY S\u00c1M\t\t\t<\/a>\n\t\t<\/h2>\n\t\t\t\t<div class=\"premium-blog-entry-meta\">\n\t\t\t\n\t\t\t\n\t\t\t\n\t\t\t\t\t<\/div>\n\t\t\n\t\t\t\t\t<\/div>\n\n\t\t\t\t\t\t\t<div class=\"premium-blog-content-inner-wrapper\">\n\t\t<p class=\"premium-blog-post-content\">Nem\u00e1te tane\u010dn\u00edho partnera? \u017d\u00e1dn\u00fd probl\u00e9m! Objevte 5 d\u016fvod\u016f, pro\u010d je lep\u0161\u00ed j\u00edt na kurz salsy s\u00e1m. \u2713 Rychlej\u0161\u00ed pokrok \u2713 Nov\u00e1 p\u0159\u00e1telstv\u00ed \u2713 Flexibilita \u2713 Tipy pro singles<\/p>\t\t<\/div>\n\t\t\t\t\t\t\t\n\t\t\t\t<\/div>\n\t\t\t<\/div>\n\t\t<\/div>\n\n\t\t\t\t<div class=\"premium-blog-post-outer-container\" data-total=\"2\">\n\t\t\t<div class=\"premium-blog-post-container premium-blog-skin-modern\">\n\t\t\t\t\t\t\t\t\t<div class=\"premium-blog-thumb-effect-wrapper\">\n\t\t\t\t\t\t<div class=\"premium-blog-thumbnail-container premium-blog-bright-effect\">\n\t\t\t\t\t\t\t\t\t\t\t<a href=\"https:\/\/www.daretodance.cz\/en\/2026\/01\/14\/jak-zacit-tancit-salsu-kompletni-pruvodce-pro-zacatecniky\/\" target=\"_blank\">\n\t\t\t\t<img loading=\"lazy\" decoding=\"async\" width=\"1024\" height=\"559\" src=\"https:\/\/www.daretodance.cz\/wp-content\/uploads\/2026\/01\/Blog-clanek3.jpg\" class=\"attachment-full size-full wp-image-4039\" alt=\"\" srcset=\"https:\/\/www.daretodance.cz\/wp-content\/uploads\/2026\/01\/Blog-clanek3.jpg 1024w, https:\/\/www.daretodance.cz\/wp-content\/uploads\/2026\/01\/Blog-clanek3-300x164.jpg 300w, https:\/\/www.daretodance.cz\/wp-content\/uploads\/2026\/01\/Blog-clanek3-768x419.jpg 768w, https:\/\/www.daretodance.cz\/wp-content\/uploads\/2026\/01\/Blog-clanek3-18x10.jpg 18w\" sizes=\"(max-width: 1024px) 100vw, 1024px\" \/>\t\t\t\t<\/a>\n\t\t\t\t\t\t\t\t\t\t<\/div>\n\t\t\t\t\t\t\t\t\t\t\t\t\t<div class=\"premium-blog-effect-container premium-blog-framed-effect\">\n\t\t\t\t\t\t\t\t<a class=\"premium-blog-post-link\" href=\"https:\/\/www.daretodance.cz\/en\/2026\/01\/14\/jak-zacit-tancit-salsu-kompletni-pruvodce-pro-zacatecniky\/\" target=\"_blank\"><span>JAK ZA\u010c\u00cdT TAN\u010cIT SALSU? KOMPLETN\u00cd PR\u016eVODCE PRO ZA\u010c\u00c1TE\u010cN\u00cdKY<\/span><\/a>\n\t\t\t\t\t\t\t\t\t\t\t\t\t\t\t<\/div>\n\t\t\t\t\t\t\t\t\t\t\t<\/div>\n\t\t\t\t\t\t\t\t\t\t\t\t<div class=\"premium-blog-content-wrapper\">\n\n\t\t\t\t\t<div class=\"premium-blog-inner-container\">\n\n\t\t\t\t\t\t\t\t\t\t\t\t\t\t<h2 class=\"premium-blog-entry-title\">\n\t\t\t<a href=\"https:\/\/www.daretodance.cz\/en\/2026\/01\/14\/jak-zacit-tancit-salsu-kompletni-pruvodce-pro-zacatecniky\/\" target=\"_blank\">\n\t\t\t\tJAK ZA\u010c\u00cdT TAN\u010cIT SALSU? KOMPLETN\u00cd PR\u016eVODCE PRO ZA\u010c\u00c1TE\u010cN\u00cdKY\t\t\t<\/a>\n\t\t<\/h2>\n\t\t\t\t<div class=\"premium-blog-entry-meta\">\n\t\t\t\n\t\t\t\n\t\t\t\n\t\t\t\t\t<\/div>\n\t\t\n\t\t\t\t\t<\/div>\n\n\t\t\t\t\t\t\t<div class=\"premium-blog-content-inner-wrapper\">\n\t\t<p class=\"premium-blog-post-content\">Chcete za\u010d\u00edt tan\u010dit salsu, ale nev\u00edte jak? Kompletn\u00ed pr\u016fvodce pro \u00fapln\u00e9 za\u010d\u00e1te\u010dn\u00edky! \u2713 Tipy na prvn\u00ed lekci \u2713 Co si vz\u00edt \u2713 Jak p\u0159ekonat strach \u2713 Bez partnera \u2713 Kurzy v Praze<\/p>\t\t<\/div>\n\t\t\t\t\t\t\t\n\t\t\t\t<\/div>\n\t\t\t<\/div>\n\t\t<\/div>\n\n\t\t\t\t<div class=\"premium-blog-post-outer-container\" data-total=\"2\">\n\t\t\t<div class=\"premium-blog-post-container premium-blog-skin-modern\">\n\t\t\t\t\t\t\t\t\t<div class=\"premium-blog-thumb-effect-wrapper\">\n\t\t\t\t\t\t<div class=\"premium-blog-thumbnail-container premium-blog-bright-effect\">\n\t\t\t\t\t\t\t\t\t\t\t<a href=\"https:\/\/www.daretodance.cz\/en\/2026\/01\/14\/salsa-vs-bachata-jaky-tanec-je-pro-vas-ten-pravy\/\" target=\"_blank\">\n\t\t\t\t<img loading=\"lazy\" decoding=\"async\" width=\"1024\" height=\"572\" src=\"https:\/\/www.daretodance.cz\/wp-content\/uploads\/2026\/01\/Blog-clanek2.jpg\" class=\"attachment-full size-full wp-image-4035\" alt=\"\" srcset=\"https:\/\/www.daretodance.cz\/wp-content\/uploads\/2026\/01\/Blog-clanek2.jpg 1024w, https:\/\/www.daretodance.cz\/wp-content\/uploads\/2026\/01\/Blog-clanek2-300x168.jpg 300w, https:\/\/www.daretodance.cz\/wp-content\/uploads\/2026\/01\/Blog-clanek2-768x429.jpg 768w, https:\/\/www.daretodance.cz\/wp-content\/uploads\/2026\/01\/Blog-clanek2-18x10.jpg 18w\" sizes=\"(max-width: 1024px) 100vw, 1024px\" \/>\t\t\t\t<\/a>\n\t\t\t\t\t\t\t\t\t\t<\/div>\n\t\t\t\t\t\t\t\t\t\t\t\t\t<div class=\"premium-blog-effect-container premium-blog-framed-effect\">\n\t\t\t\t\t\t\t\t<a class=\"premium-blog-post-link\" href=\"https:\/\/www.daretodance.cz\/en\/2026\/01\/14\/salsa-vs-bachata-jaky-tanec-je-pro-vas-ten-pravy\/\" target=\"_blank\"><span>SALSA VS. BACHATA \u2013 JAK\u00dd TANEC JE PRO V\u00c1S TEN PRAV\u00dd?<\/span><\/a>\n\t\t\t\t\t\t\t\t\t\t\t\t\t\t\t<\/div>\n\t\t\t\t\t\t\t\t\t\t\t<\/div>\n\t\t\t\t\t\t\t\t\t\t\t\t<div class=\"premium-blog-content-wrapper\">\n\n\t\t\t\t\t<div class=\"premium-blog-inner-container\">\n\n\t\t\t\t\t\t\t\t\t\t\t\t\t\t<h2 class=\"premium-blog-entry-title\">\n\t\t\t<a href=\"https:\/\/www.daretodance.cz\/en\/2026\/01\/14\/salsa-vs-bachata-jaky-tanec-je-pro-vas-ten-pravy\/\" target=\"_blank\">\n\t\t\t\tSALSA VS. BACHATA \u2013 JAK\u00dd TANEC JE PRO V\u00c1S TEN PRAV\u00dd?\t\t\t<\/a>\n\t\t<\/h2>\n\t\t\t\t<div class=\"premium-blog-entry-meta\">\n\t\t\t\n\t\t\t\n\t\t\t\n\t\t\t\t\t<\/div>\n\t\t\n\t\t\t\t\t<\/div>\n\n\t\t\t\t\t\t\t<div class=\"premium-blog-content-inner-wrapper\">\n\t\t<p class=\"premium-blog-post-content\">Salsa nebo bachata? Porovn\u00e1n\u00ed dvou nejobl\u00edben\u011bj\u0161\u00edch latinsk\u00fdch tanc\u016f. Zjist\u011bte rozd\u00edly v hudb\u011b, pohybech a obt\u00ed\u017enosti. \u2713 Pro za\u010d\u00e1te\u010dn\u00edky \u2713 Detailn\u00ed srovn\u00e1n\u00ed \u2713 Tipy na v\u00fdb\u011br<\/p>\t\t<\/div>\n\t\t\t\t\t\t\t\n\t\t\t\t<\/div>\n\t\t\t<\/div>\n\t\t<\/div>\n\n\t\t\t\t\t\t\t<\/div>\n\n\t\t\t\t\t<div class=\"premium-blog-footer\">\n\t\t\t\t\t\t\t<nav class=\"premium-blog-pagination-container\" role=\"navigation\" aria-label=\"Pagination\">\n\t\t\t\t<span aria-current=\"page\" class=\"page-numbers current\">1<\/span>\n<a class=\"page-numbers\" href=\"https:\/\/www.daretodance.cz\/en\/wp-json\/wp\/v2\/pages\/3891\/page\/2\/\">2<\/a>\n<a class=\"next page-numbers\" href=\"https:\/\/www.daretodance.cz\/en\/wp-json\/wp\/v2\/pages\/3891\/page\/2\/\">Dal\u0161\u00ed \u00bb<\/a>\t\t\t<\/nav>\n\t\t\t\t\t\t<\/div>\n\t\t\n\t\t\n\t\t\t\t\t\t<\/div>\n\t\t\t\t<\/div>\n\t\t\t\t\t<\/div>\n\t\t\t\t<\/div>\n\t\t\t\t<\/div>","protected":false},"excerpt":{"rendered":"<p>V\u00edtejte na na\u0161em blogu KOLIK \u010cASU TRV\u00c1 NAU\u010cIT SE TAN\u010cIT SALSU? KOLIK \u010cASU TRV\u00c1 NAU\u010cIT SE TAN\u010cIT SALSU? Kolik \u010dasu trv\u00e1 nau\u010dit se salsu? Realistick\u00fd pr\u016fvodce pro za\u010d\u00e1te\u010dn\u00edky! \u2713 \u010casov\u00e1 osa u\u010den\u00ed \u2713 F\u00e1ze pokroku \u2713 Tipy na rychlej\u0161\u00ed pokrok \u2713 \u010ceho o\u010dek\u00e1vat \u2713 Individu\u00e1ln\u00ed tempo JAK P\u0158EKONAT STRACH Z TANCOV\u00c1N\u00cd: 7 TIP\u016e PRO ZA\u010c\u00cdNAJ\u00cdC\u00cd&#8230;<\/p>","protected":false},"author":1,"featured_media":0,"parent":0,"menu_order":0,"comment_status":"closed","ping_status":"closed","template":"","meta":{"_kadence_starter_templates_imported_post":false,"_kad_post_transparent":"","_kad_post_title":"hide","_kad_post_layout":"fullwidth","_kad_post_sidebar_id":"","_kad_post_content_style":"unboxed","_kad_post_vertical_padding":"hide","_kad_post_feature":"hide","_kad_post_feature_position":"","_kad_post_header":false,"_kad_post_footer":false,"footnotes":""},"class_list":["post-3891","page","type-page","status-publish","hentry"],"_links":{"self":[{"href":"https:\/\/www.daretodance.cz\/en\/wp-json\/wp\/v2\/pages\/3891","targetHints":{"allow":["GET"]}}],"collection":[{"href":"https:\/\/www.daretodance.cz\/en\/wp-json\/wp\/v2\/pages"}],"about":[{"href":"https:\/\/www.daretodance.cz\/en\/wp-json\/wp\/v2\/types\/page"}],"author":[{"embeddable":true,"href":"https:\/\/www.daretodance.cz\/en\/wp-json\/wp\/v2\/users\/1"}],"replies":[{"embeddable":true,"href":"https:\/\/www.daretodance.cz\/en\/wp-json\/wp\/v2\/comments?post=3891"}],"version-history":[{"count":22,"href":"https:\/\/www.daretodance.cz\/en\/wp-json\/wp\/v2\/pages\/3891\/revisions"}],"predecessor-version":[{"id":4033,"href":"https:\/\/www.daretodance.cz\/en\/wp-json\/wp\/v2\/pages\/3891\/revisions\/4033"}],"wp:attachment":[{"href":"https:\/\/www.daretodance.cz\/en\/wp-json\/wp\/v2\/media?parent=3891"}],"curies":[{"name":"wp","href":"https:\/\/api.w.org\/{rel}","templated":true}]}}