{"id":3896,"date":"2026-01-14T14:35:12","date_gmt":"2026-01-14T13:35:12","guid":{"rendered":"https:\/\/www.daretodance.cz\/?page_id=3896"},"modified":"2026-02-08T21:24:10","modified_gmt":"2026-02-08T20:24:10","slug":"o-nas","status":"publish","type":"page","link":"https:\/\/www.daretodance.cz\/en\/home\/o-nas\/","title":{"rendered":"About us"},"content":{"rendered":"<div data-elementor-type=\"wp-page\" data-elementor-id=\"3896\" class=\"elementor elementor-3896\">\n\t\t\t\t<div class=\"elementor-element elementor-element-af4cc3c e-flex e-con-boxed e-con e-parent\" data-id=\"af4cc3c\" data-element_type=\"container\" data-e-type=\"container\">\n\t\t\t\t\t<div class=\"e-con-inner\">\n\t\t\t\t<div class=\"elementor-element elementor-element-7e6334d elementor-widget elementor-widget-heading\" data-id=\"7e6334d\" data-element_type=\"widget\" data-e-type=\"widget\" data-widget_type=\"heading.default\">\n\t\t\t\t<div class=\"elementor-widget-container\">\n\t\t\t\t\t<h2 class=\"elementor-heading-title elementor-size-default\">About us<\/h2>\t\t\t\t<\/div>\n\t\t\t\t<\/div>\n\t\t\t\t\t<\/div>\n\t\t\t\t<\/div>\n\t\t<div class=\"elementor-element elementor-element-e6a88e0 e-flex e-con-boxed e-con e-parent\" data-id=\"e6a88e0\" data-element_type=\"container\" data-e-type=\"container\">\n\t\t\t\t\t<div class=\"e-con-inner\">\n\t\t<div class=\"elementor-element elementor-element-ced602d e-con-full e-flex e-con e-child\" data-id=\"ced602d\" data-element_type=\"container\" data-e-type=\"container\">\n\t\t\t\t<div class=\"elementor-element elementor-element-c55b7af elementor-widget elementor-widget-text-editor\" data-id=\"c55b7af\" data-element_type=\"widget\" data-e-type=\"widget\" data-widget_type=\"text-editor.default\">\n\t\t\t\t<div class=\"elementor-widget-container\">\n\t\t\t\t\t\t\t\t\t<p style=\"text-align: center;\"><strong><em>&#8222;Tanec je na\u0161e v\u00e1\u0161e\u0148, n\u00e1\u0161 sv\u011bt a na\u0161e mise&#8220;<\/em><\/strong><\/p><p>\u00a0<\/p><h3><strong>KDO JSME?<\/strong><\/h3><p>Dare to Dance\u00a0je\u00a0tane\u010dn\u00ed \u0161kola a agentura, kter\u00e1 p\u0159in\u00e1\u0161\u00ed radost z tance lidem po cel\u00e9 \u010cesk\u00e9 republice i zahrani\u010d\u00ed. Jsme\u00a0t\u00fdm profesion\u00e1ln\u00edch tane\u010dn\u00edk\u016f, lektor\u016f a choreograf\u016f\u00a0se spole\u010dn\u00fdm snem \u2013\u00a0uk\u00e1zat sv\u011btu, \u017ee tan\u010dit m\u016f\u017ee ka\u017ed\u00fd.<\/p><p>V\u011b\u0159\u00edme, \u017ee tanec nen\u00ed jen o kroc\u00edch a figur\u00e1ch. Je to\u00a0zp\u016fsob, jak vyj\u00e1d\u0159it sebe,\u00a0spojit se s ostatn\u00edmi\u00a0a\u00a0naplnit sv\u016fj \u017eivot energi\u00ed, radost\u00ed a sebev\u011bdom\u00edm. Proto na\u0161e lekce nejsou jen o u\u010den\u00ed \u2013 jsou o\u00a0pro\u017eitku, emoc\u00edch a komunit\u011b.<\/p><p>\u00a0<\/p><h3><strong>NA\u0160E MISE<\/strong><\/h3><p>&#8222;P\u0159ibl\u00ed\u017eit kouzlo tance \u0161irok\u00e9 ve\u0159ejnosti a uk\u00e1zat, \u017ee pohyb v rytmu hudby je nejen z\u00e1bava, ale tak\u00e9 cesta k radosti, zdrav\u00ed a nov\u00fdm p\u0159\u00e1telstv\u00edm.&#8220;<\/p><ul><li>Tanec pro v\u0161echny \u2013 od \u00fapln\u00fdch za\u010d\u00e1te\u010dn\u00edk\u016f po pokro\u010dil\u00e9 tane\u010dn\u00edky<\/li><li>Bez stresu a tlaku \u2013 d\u016fraz na radost z pohybu, ne na dokonalost<\/li><li>Komunita \u2013 vytv\u00e1\u0159\u00edme p\u0159\u00e1telsk\u00e9 prost\u0159ed\u00ed, kde se ka\u017ed\u00fd c\u00edt\u00ed v\u00edt\u00e1n<\/li><li>Profesionalita \u2013 zku\u0161en\u00ed lekto\u0159i s l\u00e1skou k tanci<\/li><\/ul><p>\u00a0<\/p><h3><strong>CO NAB\u00cdZ\u00cdME?<\/strong><\/h3><p>\u00a0<\/p><p><strong>TANE\u010cN\u00cd KURZY V PRAZE<\/strong><\/p><p>Po\u0159\u00e1d\u00e1me pravideln\u00e9\u00a0kurzy salsy cubana, bachaty, kizomby\u00a0a dal\u0161\u00edch latinsk\u00fdch tanc\u016f v Praze. Na\u0161e kurzy jsou ur\u010deny pro:<\/p><ul><li><a href=\"https:\/\/www.daretodance.cz\/en\/kurzy\/salsa-zacatecnici\/\">Za\u010d\u00e1te\u010dn\u00edky<\/a> \u2013 nikdy jste netan\u010dili? Za\u010dneme od \u00fapln\u00fdch z\u00e1klad\u016f!<\/li><li><a href=\"https:\/\/www.daretodance.cz\/en\/kurzy\/salsa-mirne-pokrocili\/\">M\u00edrn\u011b pokro\u010dil\u00e9<\/a> \u2013 chcete se zlep\u0161it a roz\u0161\u00ed\u0159it reperto\u00e1r figur<\/li><li><a href=\"https:\/\/www.daretodance.cz\/en\/kurzy\/soukrome-lekce\/\">Pokro\u010dil\u00e9<\/a> \u2013 hled\u00e1te intenzivn\u00ed tr\u00e9nink a nov\u00e9 v\u00fdzvy<\/li><\/ul><p><strong>M\u00edsto<\/strong>: Beachklub L\u00e1dv\u00ed, Praha 8<br \/><strong>Lekto\u0159i<\/strong>: <a href=\"https:\/\/www.daretodance.cz\/en\/home\/o-nas\/nas-tym\/andrea\/\">Andrea<\/a>, <a href=\"https:\/\/www.daretodance.cz\/en\/home\/o-nas\/nas-tym\/standa\/\">Standa<\/a> a dal\u0161\u00ed zku\u0161en\u00ed instrukto\u0159i<br \/><strong>Bez partnera<\/strong>? \u017d\u00e1dn\u00fd probl\u00e9m! V\u011bt\u0161ina \u00fa\u010dastn\u00edk\u016f p\u0159ich\u00e1z\u00ed solo.<\/p><p>\u27a1\ufe0f\u00a0<a href=\"https:\/\/www.daretodance.cz\/en\/kurzy\/\">V\u00edce o kurzech<\/a><\/p><p>\u00a0<\/p><p><strong>TANE\u010cN\u00cd Z\u00c1JEZDY A DOVOLEN\u00c9<\/strong><\/p><p>Na\u0161e\u00a0tane\u010dn\u00ed z\u00e1jezdy\u00a0jsou\u00a0jedine\u010dnou kombinac\u00ed dovolen\u00e9 u mo\u0159e a tane\u010dn\u00edch lekc\u00ed\u00a0s profesion\u00e1ln\u00edmi lektory. Ka\u017ed\u00fd rok po\u0159\u00e1d\u00e1me z\u00e1jezdy do:<\/p><p><a href=\"https:\/\/www.daretodance.cz\/en\/zajezdy\/italie2026\/\"><strong>It\u00e1lie<\/strong> <\/a>\u2013 Palmov\u00e1 rivi\u00e9ra (San Benedetto del Tronto)<br \/><a href=\"https:\/\/www.daretodance.cz\/en\/zajezdy\/chorvatsko2026\/\"><strong>Chorvatsko<\/strong> <\/a>\u2013 Jadransk\u00e9 pob\u0159e\u017e\u00ed<br \/><a href=\"https:\/\/www.daretodance.cz\/en\/zajezdy\/sicilie2026\/\"><strong>Sic\u00edlie<\/strong> <\/a>\u2013 Santa Flavia (u Palerma)<\/p><p>Co v\u00e1s \u010dek\u00e1:<\/p><ul><li>Pl\u00e1\u017e a slunce \u2013 relax u mo\u0159e<\/li><li>Tane\u010dn\u00ed lekce \u2013 salsa, bachata, rueda de casino<\/li><li>Rann\u00ed j\u00f3ga \u2013 prota\u017een\u00ed a energie<\/li><li>V\u00fdlety \u2013 pozn\u00e1v\u00e1n\u00ed kultury a historie<\/li><li>Gastronomie \u2013 ochutn\u00e1vky m\u00edstn\u00edch specialit<\/li><li>Family-friendly \u2013 n\u011bkter\u00e9 z\u00e1jezdy s hl\u00edd\u00e1n\u00edm d\u011bt\u00ed<\/li><\/ul><p>\ud83d\udca1 Pro koho:\u00a0Za\u010d\u00e1te\u010dn\u00edky, pokro\u010dil\u00e9, p\u00e1ry, singles, rodiny, seniory \u2013 prost\u011b pro v\u0161echny!<\/p><p>\u27a1\ufe0f\u00a0<a href=\"https:\/\/www.daretodance.cz\/en\/zajezdy\/\">V\u00edce o z\u00e1jezdech<\/a><\/p><p>\u00a0<\/p><p><strong>SVATEBN\u00cd TANEC<\/strong><\/p><p>Pom\u016f\u017eeme v\u00e1m p\u0159ipravit\u00a0nezapomenuteln\u00fd svatebn\u00ed tanec, kter\u00fd dokonale sedne va\u0161\u00ed osobnosti a obl\u00edben\u00e9 p\u00edsni.<\/p><p>\u2705\u00a0Choreografie na m\u00edru\u00a0\u2013 od romantick\u00e9ho val\u010d\u00edku po energickou salsu<br \/>\u2705\u00a0Individu\u00e1ln\u00ed lekce\u00a0\u2013 v klidu a bez stresu<br \/>\u2705\u00a0Pro za\u010d\u00e1te\u010dn\u00edky i pokro\u010dil\u00e9\u00a0\u2013 i kdy\u017e nikdy netan\u010dili<br \/>\u2705\u00a0Flexibiln\u00ed term\u00edny\u00a0\u2013 p\u0159izp\u016fsob\u00edme se va\u0161emu rozvrhu<\/p><p>V\u00e1\u0161 prvn\u00ed tanec jako man\u017eel\u00e9 bude kouzeln\u00fd!\u00a0\ud83d\udc95<\/p><p>\u27a1\ufe0f\u00a0<a href=\"https:\/\/www.daretodance.cz\/en\/svatby-events\/svatebni-tanec\/\">V\u00edce o svatebn\u00edm tanci<\/a><\/p><p>\u00a0<\/p><p><strong>TANE\u010cN\u00cd VYSTOUPEN\u00cd A SHOW<\/strong><\/p><p>O\u017eivte svou\u00a0firemn\u00ed akci, svatbu nebo oslavu\u00a0profesion\u00e1ln\u00edm\u00a0tane\u010dn\u00edm vystoupen\u00edm! Nab\u00edz\u00edme:<\/p><ul><li>Salsa show \u2013 kub\u00e1nsk\u00e1 energie<\/li><li>Bachata sensual \u2013 romantick\u00e9 a smysln\u00e9<\/li><li>Karnevalov\u00e1 samba \u2013 brazilsk\u00e1 radost<\/li><li>Show dance \u2013 modern\u00ed choreografie<\/li><\/ul><p>Pro:\u00a0firemn\u00ed ve\u010d\u00edrky, svatby, galave\u010dery, festivaly, konference<\/p><p>\u27a1\ufe0f\u00a0<a href=\"https:\/\/www.daretodance.cz\/en\/svatby-events\/tanecni-vystoupeni\/\">V\u00edce o vystoupen\u00edch<\/a><\/p><p>\u00a0<\/p><p><strong>FIREMN\u00cd AKCE A TEAMBUILDINGY<\/strong><\/p><p>Hled\u00e1te\u00a0origin\u00e1ln\u00ed teambuilding? Zkuste\u00a0tane\u010dn\u00ed teambuilding!<\/p><p>\u2705\u00a0Zlep\u0161uje komunikaci\u00a0v t\u00fdmu<br \/>\u2705\u00a0Posiluje d\u016fv\u011bru\u00a0a spolupr\u00e1ci<br \/>\u2705\u00a0Odbour\u00e1v\u00e1 stres\u00a0z\u00e1bavnou formou<br \/>\u2705\u00a0Vytv\u00e1\u0159\u00ed pozitivn\u00ed atmosf\u00e9ru<br \/>\u2705\u00a0Nezapomenuteln\u00fd z\u00e1\u017eitek<\/p><p>Nab\u00edz\u00edme:\u00a0Salsa teambuilding, Bachata workshop, Rueda de casino, Tane\u010dn\u00ed v\u00fdzvy<\/p><p>\u27a1\ufe0f\u00a0<a href=\"https:\/\/www.daretodance.cz\/en\/svatby-events\/firemni-akce-a-teambuildingy\/\">V\u00edce o teambuildingu<\/a><\/p><p>\u00a0<\/p><p><strong>TANE\u010cN\u00cd \u0160KOLI\u010cKA PRO SVATEBN\u00cd HOSTY<\/strong><\/p><p>Chcete, aby si na svatb\u011b\u00a0v\u0161ichni host\u00e9 u\u017eili tanec? Tane\u010dn\u00ed \u0161koli\u010dka je skv\u011bl\u00fd zp\u016fsob!<\/p><p>\u2705\u00a0Kr\u00e1tk\u00fd workshop\u00a0(30-60 min) pro v\u0161echny hosty<br \/>\u2705\u00a0Z\u00e1klady salsy, bachaty nebo val\u010d\u00edku<br \/>\u2705\u00a0Z\u00e1bavn\u00e1 atmosf\u00e9ra\u00a0\u2013 nikdo se nemus\u00ed b\u00e1t<br \/>\u2705\u00a0Stmelen\u00ed svateb\u010dan\u016f\u00a0\u2013 spole\u010dn\u00e1 aktivita<\/p><p>\u27a1\ufe0f\u00a0<a href=\"https:\/\/www.daretodance.cz\/en\/svatby-events\/tanecni-skolicka\/\">V\u00edce o \u0161koli\u010dce<\/a><\/p><p>\u00a0<\/p><p><strong>CHOREOGRAFIE NA M\u00cdRU<\/strong><\/p><p>Pot\u0159ebujete\u00a0profesion\u00e1ln\u00ed choreografii\u00a0pro\u00a0reklamn\u00ed spot, hudebn\u00ed video nebo firemn\u00ed akci?<\/p><p>\u2705\u00a0Choreografie podle va\u0161eho zad\u00e1n\u00ed<br \/>\u2705\u00a0R\u016fzn\u00e9 tane\u010dn\u00ed styly\u00a0\u2013 od salsy po hip-hop<br \/>\u2705\u00a0Profesion\u00e1ln\u00ed tane\u010dn\u00edci<br \/>\u2705\u00a0Kreativn\u00ed p\u0159\u00edstup<\/p><p>\u27a1\ufe0f\u00a0<a href=\"https:\/\/www.daretodance.cz\/en\/svatby-events\/choreografie-na-miru\/\">V\u00edce o choreografi\u00edch<\/a><\/p><p>\u00a0<\/p><p><strong>SOUKROM\u00c9 TANE\u010cN\u00cd LEKCE<\/strong><\/p><p>Individu\u00e1ln\u00ed v\u00fduka p\u0159izp\u016fsoben\u00e1\u00a0va\u0161im pot\u0159eb\u00e1m, tempu a c\u00edl\u016fm.<\/p><p>\u2705\u00a0Salsa cubana, Bachata, Karnevalov\u00e1 samba, West Coast Swing, Urban Kizomba<br \/>\u2705\u00a0Flexibiln\u00ed term\u00edny a m\u00edsto v\u00fduky<br \/>\u2705\u00a0Pro za\u010d\u00e1te\u010dn\u00edky i pokro\u010dil\u00e9<br \/>\u2705\u00a0P\u0159\u00edprava na svatbu, akci nebo jen pro radost<\/p><p>\u27a1\ufe0f\u00a0<a href=\"https:\/\/www.daretodance.cz\/en\/kurzy\/soukrome-lekce\/\">V\u00edce o soukrom\u00fdch lekc\u00edch<\/a><\/p><h3>\u00a0<\/h3><h3><strong>N\u00c1\u0160 T\u00ddM<\/strong><\/h3><p>Profesion\u00e1ln\u00ed lekto\u0159i s l\u00e1skou k tanci<\/p><p>N\u00e1\u0161 t\u00fdm tvo\u0159\u00ed\u00a0ti nejlep\u0161\u00ed lekto\u0159i z cel\u00e9 \u010cesk\u00e9 republiky, kte\u0159\u00ed sd\u00edlej\u00ed nejen odborn\u00e9 znalosti, ale p\u0159edev\u0161\u00edm\u00a0l\u00e1sku k tanci. Spole\u010dn\u011b vytv\u00e1\u0159\u00edme prost\u0159ed\u00ed, kde se ka\u017ed\u00fd c\u00edt\u00ed v\u00edt\u00e1n, motivov\u00e1n a inspirov\u00e1n.<\/p><p>Co n\u00e1s charakterizuje:<\/p><p>\u2705\u00a0Profesionalita\u00a0\u2013 dlouholet\u00e9 zku\u0161enosti s v\u00fdukou<br \/>\u2705\u00a0Trp\u011blivost\u00a0\u2013 individu\u00e1ln\u00ed p\u0159\u00edstup ke ka\u017ed\u00e9mu studentovi<br \/>\u2705\u00a0Nad\u0161en\u00ed\u00a0\u2013 tanec je na\u0161e v\u00e1\u0161e\u0148!<br \/>\u2705\u00a0P\u0159\u00e1telskost\u00a0\u2013 vytv\u00e1\u0159\u00edme rodinnou atmosf\u00e9ru<\/p><p>Na\u0161i hlavn\u00ed lekto\u0159i:<\/p><p><a href=\"https:\/\/www.daretodance.cz\/en\/home\/o-nas\/nas-tym\/andrea\/\"><strong>Andrea<\/strong> <\/a>\u2013 Specialistka na salsu cubana, bachatu a lady styling. Zku\u0161en\u00e1 lektorka s l\u00e1skou k detail a \u017eenskosti v tanci.<\/p><p><a href=\"https:\/\/www.daretodance.cz\/en\/home\/o-nas\/nas-tym\/standa\/\"><strong>Standa<\/strong> <\/a>\u2013 Expert na veden\u00ed, partnerwork a rueda de casino. Trp\u011bliv\u00fd lektor, kter\u00fd dok\u00e1\u017ee nau\u010dit tan\u010dit ka\u017ed\u00e9ho.<\/p><p><a href=\"https:\/\/www.daretodance.cz\/en\/home\/o-nas\/nas-tym\/ivana\/\"><strong>Iv\u010da<\/strong> <\/a>\u2013 Lektorka brazilsk\u00e9 samby a bachaty. V\u00e1\u0161niv\u00e1 tane\u010dnice pln\u00e1 energie a radosti.<\/p><p>A dal\u0161\u00ed skv\u011bl\u00ed lekto\u0159i, kte\u0159\u00ed se k n\u00e1m pravideln\u011b p\u0159ipojuj\u00ed na z\u00e1jezdech a workshopech!<\/p><p>\u27a1\ufe0f\u00a0<a href=\"https:\/\/www.daretodance.cz\/en\/home\/o-nas\/nas-tym\/\">Seznamte se s t\u00fdmem<\/a><\/p><h3>\u00a0<\/h3><h3><strong>CO O N\u00c1S \u0158\u00cdKAJ\u00cd<\/strong><\/h3><p>\u00a0<\/p><p>Recenze od na\u0161ich spokojen\u00fdch tane\u010dn\u00edk\u016f<\/p><p>\u2b50\u2b50\u2b50\u2b50\u2b50<br \/><em>&#8222;U\u017eil som si s Daretodance tane\u010dn\u00fa dovolenku v Chorv\u00e1tsku. Ve\u013emi som ocenil skvel\u00fd pr\u00edstup in\u0161truktorov a ve\u013ek\u00fa flexibilitu organizatorov pri \u00faprav\u00e1ch programu pod\u013ea po\u017eiadaviek \u00fa\u010dastn\u00edkov(v\u017edy v\u0161ak po dohode s celou skupinou). Vrelo odpor\u00fa\u010dam <\/em><em>\ud83d\ude0a\u201c<\/em><br \/>\u2013 Jan K., SK<\/p><p>\u2b50\u2b50\u2b50\u2b50\u2b50<br \/><em>&#8222;So skupinou Dare2dance som absolvoval tane\u010dn\u00fd t\u00fd\u017ede\u0148 v Chorvatsku August 2025<br \/>Chv\u00e1lim ve\u013emi pr\u00edjemn\u00fd kolekt\u00edv lektorov, skvel\u00e9 uk\u00e1\u017eky a prevedenie tane\u010dn\u00fdch kre\u00e1ci\u00ed, ve\u013emi pr\u00edjemne zorganizovan\u00e9 lekcie a dobr\u00e1 flexibilita pri po\u017eadovan\u00fdch zmen\u00e1ch.<br \/>Dok\u00e1zali velmi zdatne spoji\u0165 a vyhovie\u0165 v\u0161etk\u00fdm \u00farovniam pr\u00edtomn\u00fdch tane\u010dn\u00edkov.<br \/>Denn\u00fd rozvrh hod\u00edn tanca a oddychu bol tie\u017e velmi praktick\u00fd.\u201c<\/em><br \/>\u2013 Peter T., SK<\/p><p>\u2b50\u2b50\u2b50\u2b50\u2b50<br \/><em>&#8222;Kvalitn\u00ed lekto\u0159i, p\u0159\u00e1telsk\u00fd p\u0159\u00edstup a kopec srandy. Co v\u00edc si m\u016f\u017eete na tane\u010dn\u00ed dovolen\u00e9 p\u0159\u00e1t? Jela bych klidn\u011b znova.\u201c<\/em><br \/>\u2013 Marta B., Zl\u00edn<\/p><p>\u2b50\u2b50\u2b50\u2b50\u2b50<br \/><em>&#8222;Bezvadn\u00e1 parta, \u00fa\u017easn\u00e1 organizace a b\u00e1je\u010dn\u00e1 atmosf\u00e9ra!&#8220;<\/em><br \/>\u2013 Nikol M., Brno<\/p><p>\u2b50\u2b50\u2b50\u2b50\u2b50<br \/><em>&#8222;S Dare 2 Dance jsem byla v srpnu 2025 v Chorvatsku a rozhodn\u011b bych s nimi jela kamkoliv znovu. Byl to \u00fa\u017easn\u00fd pobyt \u2013 skv\u011bl\u00e9 lektorky a lekto\u0159i, i cel\u00fd organiza\u010dn\u00ed t\u00fdm. Starali se o n\u00e1s skute\u010dn\u011b jako o rodinu, nechyb\u011bla k\u00e1vi\u010dka, ovoce ani voda b\u011bhem lekc\u00ed. Program byl u\u017easn\u00fd \u2013 r\u00e1no j\u00f3ga, lekce salsy a bachaty, uk\u00e1zky kizomby, reggaetonu a dal\u0161\u00edch tanc\u016f, ve\u010dern\u00ed salsot\u00e9ky a spousta z\u00e1bavy mimo n\u011b, v\u010detn\u011b tance na molu, no\u010dn\u00edho koup\u00e1n\u00ed a v\u00fdlet\u016f. Ta energie byla neskute\u010dn\u00e1, je to skv\u011bl\u00e1 parta lid\u00ed. Moc d\u011bkuji!\u201c<\/em><br \/>\u2013 Zuzana F., \u010cesk\u00e9 Bud\u011bjovice<\/p><h3>\u00a0<\/h3><h3>PRO\u010c SI VYBRAT DARE TO DANCE?<\/h3><p>\u00a0<\/p><p><strong>P\u0159\u00e1telsk\u00e1 komunita<\/strong><\/p><ul><li>Nejsme jen tane\u010dn\u00ed \u0161kola \u2013 jsme tane\u010dn\u00ed rodina! U n\u00e1s nejen tan\u010d\u00edte, ale tak\u00e9 pozn\u00e1v\u00e1te skv\u011bl\u00e9 lidi se stejn\u00fdm z\u00e1jmem.<\/li><\/ul><p><strong>Profesion\u00e1ln\u00ed lekto\u0159i<\/strong><\/p><ul><li>Na\u0161i lekto\u0159i jsou certifikovan\u00ed instrukto\u0159i s dlouholetou prax\u00ed. Klademe d\u016fraz na spr\u00e1vnou techniku, ale i na radost z pohybu.<\/li><\/ul><p><strong>Unik\u00e1tn\u00ed tane\u010dn\u00ed z\u00e1jezdy<\/strong><\/p><ul><li>Jako jedin\u00ed v \u010cR nab\u00edz\u00edme tane\u010dn\u00ed z\u00e1jezdy s tak \u0161irokou nab\u00eddkou destinac\u00ed \u2013 It\u00e1lie, Chorvatsko, Sic\u00edlie. Kombinace tance, relaxace a pozn\u00e1v\u00e1n\u00ed je na\u0161e specialita.<\/li><\/ul><p><strong>Family-friendly<\/strong><\/p><ul><li>N\u011bkter\u00e9 na\u0161e z\u00e1jezdy nab\u00edzej\u00ed hl\u00edd\u00e1n\u00ed d\u011bt\u00ed, abyste si tanec mohli u\u017e\u00edt naplno, i kdy\u017e m\u00e1te rodinu.<\/li><\/ul><p><strong>Individu\u00e1ln\u00ed p\u0159\u00edstup<\/strong><\/p><ul><li>Ka\u017ed\u00fd student je pro n\u00e1s jedine\u010dn\u00fd. A\u0165 u\u017e jste za\u010d\u00e1te\u010dn\u00edk nebo pokro\u010dil\u00fd, p\u0159izp\u016fsob\u00edme se va\u0161im pot\u0159eb\u00e1m.<\/li><\/ul><p><strong>Bez stresu a tlaku<\/strong><\/p><ul><li>U n\u00e1s nejde o dokonalost \u2013 jde o radost z pohybu! Vytv\u00e1\u0159\u00edme atmosf\u00e9ru, kde se nikdo neboj\u00ed zkusit nov\u00e9 v\u011bci.<\/li><\/ul><h3>\u00a0<\/h3><h3>NA\u0160E HODNOTY<\/h3><p><em><strong>Tanec je pro v\u0161echny<\/strong><\/em><\/p><ul><li>V\u011b\u0159\u00edme, \u017ee tan\u010dit m\u016f\u017ee ka\u017ed\u00fd \u2013 bez ohledu na v\u011bk, zku\u0161enosti nebo fyzickou kondici.<\/li><\/ul><p><em><strong>Radost na prvn\u00edm m\u00edst\u011b<\/strong><\/em><\/p><ul><li>Tanec nen\u00ed o dokonalosti, ale o radosti z pohybu a spojen\u00ed s hudbou.<\/li><\/ul><p><em><strong>Komunita a podpora<\/strong><\/em><\/p><ul><li>Vytv\u00e1\u0159\u00edme prost\u0159ed\u00ed, kde se ka\u017ed\u00fd c\u00edt\u00ed v\u00edt\u00e1n a podporov\u00e1n. Jsme jedna velk\u00e1 tane\u010dn\u00ed rodina!<\/li><\/ul><p><em><strong>Kvalita a profesionalita<\/strong><\/em><\/p><ul><li>Na\u0161i lekto\u0159i jsou profesion\u00e1lov\u00e9, kte\u0159\u00ed neust\u00e1le pracuj\u00ed na sv\u00e9m rozvoji a p\u0159in\u00e1\u0161ej\u00ed to nejlep\u0161\u00ed student\u016fm.<\/li><\/ul><p><em><strong>Otev\u0159enost nov\u00fdm z\u00e1\u017eitk\u016fm<\/strong><\/em><\/p><ul><li>Tanec je cesta k nov\u00fdm p\u0159\u00e1telstv\u00edm, kultur\u00e1m a z\u00e1\u017eitk\u016fm. Proto po\u0159\u00e1d\u00e1me z\u00e1jezdy a workshopy po cel\u00e9m sv\u011bt\u011b.<\/li><\/ul><h3>\u00a0<\/h3><h3>JAK SE K N\u00c1M P\u0158IPOJIT?<\/h3><p>1\ufe0f\u20e3 <strong>Vyberte si aktivitu<\/strong><\/p><ul><li>Kurzy v Praze \u2013 pravideln\u00e9 lekce salsy, bachaty<\/li><li>Tane\u010dn\u00ed z\u00e1jezdy \u2013 dovolen\u00e1 s tancem u mo\u0159e<\/li><li>Svatebn\u00ed tanec \u2013 p\u0159\u00edprava na v\u00e1\u0161 velk\u00fd den<\/li><li>Vystoupen\u00ed \u2013 profesion\u00e1ln\u00ed show pro va\u0161i akci<\/li><li>Soukrom\u00e9 lekce \u2013 individu\u00e1ln\u00ed v\u00fduka<\/li><\/ul><p>2\ufe0f\u20e3 <strong>Kontaktujte n\u00e1s<\/strong><\/p><p>\ud83d\udce7\u00a0Email:\u00a0<a href=\"mailto:info@daretodance.cz\">info@daretodance.cz<\/a><br \/>\ud83d\udcf1\u00a0Telefon:\u00a0+420 721 115 911<br \/>\ud83c\udf10\u00a0Web:\u00a0<a href=\"http:\/\/www.daretodance.cz\/en\/\">www.daretodance.cz<\/a><\/p><p>3\ufe0f\u20e3 <strong>Za\u010dn\u011bte tan\u010dit!<\/strong><\/p><p>P\u0159ij\u010fte na prvn\u00ed lekci, z\u00e1jezd nebo akci a\u00a0objevte radost z tance\u00a0s n\u00e1mi!<\/p><h3>\u00a0<\/h3><h3>SLEDUJTE N\u00c1S NA SOCI\u00c1LN\u00cdCH S\u00cdT\u00cdCH<\/h3><p>Chcete b\u00fdt v obraze o na\u0161ich aktivit\u00e1ch, z\u00e1jezdech a akc\u00edch?<\/p><p>\ud83d\udcd8\u00a0Facebook:\u00a0<a href=\"https:\/\/www.facebook.com\/daretodance.fb\" target=\"_blank\" rel=\"noopener\">Dare to Dance<\/a>\u00a0\u2013 fotky, videa, informace o kurzech<br \/>\ud83d\udcf8\u00a0Instagram:\u00a0<a href=\"https:\/\/www.instagram.com\/daretodance.cz\" target=\"_blank\" rel=\"noopener\">@daretodance.cz<\/a>\u00a0\u2013 z\u00e1kulis\u00ed, tane\u010dn\u00ed tipy, inspirace<br \/>\ud83c\udfa5\u00a0YouTube:\u00a0<a href=\"https:\/\/www.youtube.com\/@Daretodance_cz\" target=\"_blank\" rel=\"noopener\">Dare to Dance<\/a>\u00a0\u2013 video tutori\u00e1ly, vystoupen\u00ed<\/p><h3>\u00a0<\/h3><h3>KDE N\u00c1S NAJDETE?<\/h3><p>\ud83d\udccd <strong>Tane\u010dn\u00ed kurzy:<\/strong><\/p><p>Beachklub L\u00e1dv\u00ed<br \/>\u017dernoseck\u00e1 1895\/2, Praha 8 \u2013 L\u00e1dv\u00ed<br \/>\ud83d\ude87 Metro C \u2013 L\u00e1dv\u00ed (5 minut ch\u016fze)<\/p><p><strong>Soukrom\u00e9 lekce:<\/strong><\/p><p>M\u00edsto dle domluvy (na\u0161e studio, v\u00e1\u0161 domov, pronajat\u00fd s\u00e1l)<\/p><h3>\u00a0<\/h3><h3>T\u011a\u0160\u00cdME SE NA V\u00c1S!<\/h3><p>Dare to Dance nen\u00ed jen o tanci \u2013 je to o \u017eivotn\u00edm stylu, radosti a p\u0159\u00e1telstv\u00ed.<\/p><p>P\u0159idejte se k n\u00e1m a objevte, \u017ee\u00a0tan\u010dit nen\u00ed jen dovednost, ale cesta, kter\u00e1 v\u00e1s napln\u00ed energi\u00ed, sebev\u011bdom\u00edm a \u0161t\u011bst\u00edm.<\/p><p><strong>Poj\u010fte tan\u010dit s n\u00e1mi!<\/strong>\u00a0\ud83d\udc83\ud83d\udd7a<\/p>\t\t\t\t\t\t\t\t<\/div>\n\t\t\t\t<\/div>\n\t\t\t\t<\/div>\n\t\t\t\t\t<\/div>\n\t\t\t\t<\/div>\n\t\t\t\t<\/div>","protected":false},"excerpt":{"rendered":"<p>O n\u00e1s &#8222;Tanec je na\u0161e v\u00e1\u0161e\u0148, n\u00e1\u0161 sv\u011bt a na\u0161e mise&#8220; \u00a0 KDO JSME? Dare to Dance\u00a0je\u00a0tane\u010dn\u00ed \u0161kola a agentura, kter\u00e1 p\u0159in\u00e1\u0161\u00ed radost z tance lidem po cel\u00e9 \u010cesk\u00e9 republice i zahrani\u010d\u00ed. Jsme\u00a0t\u00fdm profesion\u00e1ln\u00edch tane\u010dn\u00edk\u016f, lektor\u016f a choreograf\u016f\u00a0se spole\u010dn\u00fdm snem \u2013\u00a0uk\u00e1zat sv\u011btu, \u017ee tan\u010dit m\u016f\u017ee ka\u017ed\u00fd. V\u011b\u0159\u00edme, \u017ee tanec nen\u00ed jen o kroc\u00edch a figur\u00e1ch&#8230;.<\/p>","protected":false},"author":1,"featured_media":0,"parent":10,"menu_order":0,"comment_status":"closed","ping_status":"closed","template":"","meta":{"_kadence_starter_templates_imported_post":false,"_kad_post_transparent":"","_kad_post_title":"hide","_kad_post_layout":"fullwidth","_kad_post_sidebar_id":"","_kad_post_content_style":"unboxed","_kad_post_vertical_padding":"hide","_kad_post_feature":"hide","_kad_post_feature_position":"","_kad_post_header":false,"_kad_post_footer":false,"footnotes":""},"class_list":["post-3896","page","type-page","status-publish","hentry"],"_links":{"self":[{"href":"https:\/\/www.daretodance.cz\/en\/wp-json\/wp\/v2\/pages\/3896","targetHints":{"allow":["GET"]}}],"collection":[{"href":"https:\/\/www.daretodance.cz\/en\/wp-json\/wp\/v2\/pages"}],"about":[{"href":"https:\/\/www.daretodance.cz\/en\/wp-json\/wp\/v2\/types\/page"}],"author":[{"embeddable":true,"href":"https:\/\/www.daretodance.cz\/en\/wp-json\/wp\/v2\/users\/1"}],"replies":[{"embeddable":true,"href":"https:\/\/www.daretodance.cz\/en\/wp-json\/wp\/v2\/comments?post=3896"}],"version-history":[{"count":67,"href":"https:\/\/www.daretodance.cz\/en\/wp-json\/wp\/v2\/pages\/3896\/revisions"}],"predecessor-version":[{"id":5005,"href":"https:\/\/www.daretodance.cz\/en\/wp-json\/wp\/v2\/pages\/3896\/revisions\/5005"}],"up":[{"embeddable":true,"href":"https:\/\/www.daretodance.cz\/en\/wp-json\/wp\/v2\/pages\/10"}],"wp:attachment":[{"href":"https:\/\/www.daretodance.cz\/en\/wp-json\/wp\/v2\/media?parent=3896"}],"curies":[{"name":"wp","href":"https:\/\/api.w.org\/{rel}","templated":true}]}}