{"id":4201,"date":"2026-01-15T21:28:08","date_gmt":"2026-01-15T20:28:08","guid":{"rendered":"https:\/\/www.daretodance.cz\/?page_id=4201"},"modified":"2026-04-03T15:06:21","modified_gmt":"2026-04-03T13:06:21","slug":"nejblizsi-akce","status":"publish","type":"page","link":"https:\/\/www.daretodance.cz\/en\/home\/nejblizsi-akce\/","title":{"rendered":"Upcoming events"},"content":{"rendered":"<div data-elementor-type=\"wp-page\" data-elementor-id=\"4201\" class=\"elementor elementor-4201\">\n\t\t\t\t<div class=\"elementor-element elementor-element-15f9b84 e-flex e-con-boxed e-con e-parent\" data-id=\"15f9b84\" data-element_type=\"container\" data-e-type=\"container\">\n\t\t\t\t\t<div class=\"e-con-inner\">\n\t\t\t\t<div class=\"elementor-element elementor-element-cdcf05e elementor-widget elementor-widget-heading\" data-id=\"cdcf05e\" data-element_type=\"widget\" data-e-type=\"widget\" data-widget_type=\"heading.default\">\n\t\t\t\t<div class=\"elementor-widget-container\">\n\t\t\t\t\t<h2 class=\"elementor-heading-title elementor-size-default\">P\u0159ipravovan\u00e9 tane\u010dn\u00ed z\u00e1jezdy 2026<\/h2>\t\t\t\t<\/div>\n\t\t\t\t<\/div>\n\t\t\t\t\t<\/div>\n\t\t\t\t<\/div>\n\t\t<div class=\"elementor-element elementor-element-e40bd10 e-flex e-con-boxed e-con e-parent\" data-id=\"e40bd10\" data-element_type=\"container\" data-e-type=\"container\">\n\t\t\t\t\t<div class=\"e-con-inner\">\n\t\t<div class=\"elementor-element elementor-element-f05a8bc e-con-full e-flex e-con e-child\" data-id=\"f05a8bc\" data-element_type=\"container\" data-e-type=\"container\">\n\t\t<div class=\"elementor-element elementor-element-f77945d e-con-full e-flex e-con e-child\" data-id=\"f77945d\" data-element_type=\"container\" data-e-type=\"container\">\n\t\t\t\t<div class=\"elementor-element elementor-element-e36b99c elementor-widget elementor-widget-image\" data-id=\"e36b99c\" data-element_type=\"widget\" data-e-type=\"widget\" data-widget_type=\"image.default\">\n\t\t\t\t<div class=\"elementor-widget-container\">\n\t\t\t\t\t\t\t\t\t\t\t\t\t\t\t\t<a href=\"https:\/\/www.daretodance.cz\/en\/zajezdy\/sicilie2026\/\">\n\t\t\t\t\t\t\t<img fetchpriority=\"high\" decoding=\"async\" width=\"726\" height=\"1024\" src=\"https:\/\/www.daretodance.cz\/wp-content\/uploads\/2026\/01\/Letak-Sicilie2026-726x1024.jpg\" class=\"attachment-large size-large wp-image-3799\" alt=\"\" srcset=\"https:\/\/www.daretodance.cz\/wp-content\/uploads\/2026\/01\/Letak-Sicilie2026-726x1024.jpg 726w, https:\/\/www.daretodance.cz\/wp-content\/uploads\/2026\/01\/Letak-Sicilie2026-213x300.jpg 213w, https:\/\/www.daretodance.cz\/wp-content\/uploads\/2026\/01\/Letak-Sicilie2026-768x1083.jpg 768w, https:\/\/www.daretodance.cz\/wp-content\/uploads\/2026\/01\/Letak-Sicilie2026-1090x1536.jpg 1090w, https:\/\/www.daretodance.cz\/wp-content\/uploads\/2026\/01\/Letak-Sicilie2026-9x12.jpg 9w, https:\/\/www.daretodance.cz\/wp-content\/uploads\/2026\/01\/Letak-Sicilie2026.jpg 1240w\" sizes=\"(max-width: 726px) 100vw, 726px\" \/>\t\t\t\t\t\t\t\t<\/a>\n\t\t\t\t\t\t\t\t\t\t\t\t\t\t\t<\/div>\n\t\t\t\t<\/div>\n\t\t\t\t<div class=\"elementor-element elementor-element-9f38072 elementor-widget elementor-widget-heading\" data-id=\"9f38072\" data-element_type=\"widget\" data-e-type=\"widget\" data-widget_type=\"heading.default\">\n\t\t\t\t<div class=\"elementor-widget-container\">\n\t\t\t\t\t<h3 class=\"elementor-heading-title elementor-size-default\">Goddess of Sicily<\/h3>\t\t\t\t<\/div>\n\t\t\t\t<\/div>\n\t\t\t\t<div class=\"elementor-element elementor-element-7184631 elementor-widget elementor-widget-text-editor\" data-id=\"7184631\" data-element_type=\"widget\" data-e-type=\"widget\" data-widget_type=\"text-editor.default\">\n\t\t\t\t<div class=\"elementor-widget-container\">\n\t\t\t\t\t\t\t\t\t<p style=\"text-align: center;\">Dancing Souls<\/p>\t\t\t\t\t\t\t\t<\/div>\n\t\t\t\t<\/div>\n\t\t\t\t<div class=\"elementor-element elementor-element-ed9bb24 elementor-widget elementor-widget-text-editor\" data-id=\"ed9bb24\" data-element_type=\"widget\" data-e-type=\"widget\" data-widget_type=\"text-editor.default\">\n\t\t\t\t<div class=\"elementor-widget-container\">\n\t\t\t\t\t\t\t\t\t<p style=\"text-align: center;\">Term\u00edn : 28.4. \u2013 3.5.2026<\/p><p style=\"text-align: center;\"><strong>Cena : 19.990,- K\u010d<\/strong><\/p>\t\t\t\t\t\t\t\t<\/div>\n\t\t\t\t<\/div>\n\t\t<div class=\"elementor-element elementor-element-bee7368 e-con-full e-flex e-con e-child\" data-id=\"bee7368\" data-element_type=\"container\" data-e-type=\"container\">\n\t\t\t\t<div class=\"elementor-element elementor-element-574576f elementor-widget elementor-widget-button\" data-id=\"574576f\" data-element_type=\"widget\" data-e-type=\"widget\" data-widget_type=\"button.default\">\n\t\t\t\t<div class=\"elementor-widget-container\">\n\t\t\t\t\t\t\t\t\t<div class=\"elementor-button-wrapper\">\n\t\t\t\t\t<a class=\"elementor-button elementor-button-link elementor-size-sm\" href=\"https:\/\/www.daretodance.cz\/en\/zajezdy\/sicilie2026\/\">\n\t\t\t\t\t\t<span class=\"elementor-button-content-wrapper\">\n\t\t\t\t\t\t\t\t\t<span class=\"elementor-button-text\">More information<\/span>\n\t\t\t\t\t<\/span>\n\t\t\t\t\t<\/a>\n\t\t\t\t<\/div>\n\t\t\t\t\t\t\t\t<\/div>\n\t\t\t\t<\/div>\n\t\t\t\t<div class=\"elementor-element elementor-element-cd71b77 elementor-widget elementor-widget-button\" data-id=\"cd71b77\" data-element_type=\"widget\" data-e-type=\"widget\" data-widget_type=\"button.default\">\n\t\t\t\t<div class=\"elementor-widget-container\">\n\t\t\t\t\t\t\t\t\t<div class=\"elementor-button-wrapper\">\n\t\t\t\t\t<a class=\"elementor-button elementor-button-link elementor-size-sm\" href=\"https:\/\/www.daretodance.cz\/en\/zajezdy\/sicilie2026\/#regsic\">\n\t\t\t\t\t\t<span class=\"elementor-button-content-wrapper\">\n\t\t\t\t\t\t\t\t\t<span class=\"elementor-button-text\">Reservation<\/span>\n\t\t\t\t\t<\/span>\n\t\t\t\t\t<\/a>\n\t\t\t\t<\/div>\n\t\t\t\t\t\t\t\t<\/div>\n\t\t\t\t<\/div>\n\t\t\t\t<\/div>\n\t\t\t\t<\/div>\n\t\t<div class=\"elementor-element elementor-element-8a4d9d1 e-con-full e-flex e-con e-child\" data-id=\"8a4d9d1\" data-element_type=\"container\" data-e-type=\"container\">\n\t\t\t\t<div class=\"elementor-element elementor-element-d29c85a elementor-widget elementor-widget-image\" data-id=\"d29c85a\" data-element_type=\"widget\" data-e-type=\"widget\" data-widget_type=\"image.default\">\n\t\t\t\t<div class=\"elementor-widget-container\">\n\t\t\t\t\t\t\t\t\t\t\t\t\t\t\t\t<a href=\"https:\/\/www.daretodance.cz\/en\/zajezdy\/chorvatsko2026\/\">\n\t\t\t\t\t\t\t<img decoding=\"async\" width=\"1086\" height=\"1536\" src=\"https:\/\/www.daretodance.cz\/wp-content\/uploads\/2026\/03\/Letak-Jesus-Chorvatsko2026-1086x1536.jpg\" class=\"attachment-1536x1536 size-1536x1536 wp-image-5225\" alt=\"\" srcset=\"https:\/\/www.daretodance.cz\/wp-content\/uploads\/2026\/03\/Letak-Jesus-Chorvatsko2026-1086x1536.jpg 1086w, https:\/\/www.daretodance.cz\/wp-content\/uploads\/2026\/03\/Letak-Jesus-Chorvatsko2026-212x300.jpg 212w, https:\/\/www.daretodance.cz\/wp-content\/uploads\/2026\/03\/Letak-Jesus-Chorvatsko2026-724x1024.jpg 724w, https:\/\/www.daretodance.cz\/wp-content\/uploads\/2026\/03\/Letak-Jesus-Chorvatsko2026-768x1086.jpg 768w, https:\/\/www.daretodance.cz\/wp-content\/uploads\/2026\/03\/Letak-Jesus-Chorvatsko2026-8x12.jpg 8w, https:\/\/www.daretodance.cz\/wp-content\/uploads\/2026\/03\/Letak-Jesus-Chorvatsko2026.jpg 1414w\" sizes=\"(max-width: 1086px) 100vw, 1086px\" \/>\t\t\t\t\t\t\t\t<\/a>\n\t\t\t\t\t\t\t\t\t\t\t\t\t\t\t<\/div>\n\t\t\t\t<\/div>\n\t\t\t\t<div class=\"elementor-element elementor-element-1a2045a elementor-widget elementor-widget-heading\" data-id=\"1a2045a\" data-element_type=\"widget\" data-e-type=\"widget\" data-widget_type=\"heading.default\">\n\t\t\t\t<div class=\"elementor-widget-container\">\n\t\t\t\t\t<h3 class=\"elementor-heading-title elementor-size-default\">Salsa u mo\u0159e s Jesusem<\/h3>\t\t\t\t<\/div>\n\t\t\t\t<\/div>\n\t\t\t\t<div class=\"elementor-element elementor-element-452f79f elementor-widget elementor-widget-text-editor\" data-id=\"452f79f\" data-element_type=\"widget\" data-e-type=\"widget\" data-widget_type=\"text-editor.default\">\n\t\t\t\t<div class=\"elementor-widget-container\">\n\t\t\t\t\t\t\t\t\t<p style=\"text-align: center;\">intermediate<\/p>\t\t\t\t\t\t\t\t<\/div>\n\t\t\t\t<\/div>\n\t\t\t\t<div class=\"elementor-element elementor-element-a1b4020 elementor-widget elementor-widget-text-editor\" data-id=\"a1b4020\" data-element_type=\"widget\" data-e-type=\"widget\" data-widget_type=\"text-editor.default\">\n\t\t\t\t<div class=\"elementor-widget-container\">\n\t\t\t\t\t\t\t\t\t<p>Dates: August 15 \u2013 August 22, 2026<\/p><p><strong>Price : 17.550,- CZK<\/strong> \/ dosp\u011bl\u00fd v\u010d. full passu a polopenze<\/p>\t\t\t\t\t\t\t\t<\/div>\n\t\t\t\t<\/div>\n\t\t<div class=\"elementor-element elementor-element-f0f818e e-con-full e-flex e-con e-child\" data-id=\"f0f818e\" data-element_type=\"container\" data-e-type=\"container\">\n\t\t\t\t<div class=\"elementor-element elementor-element-634f822 elementor-widget elementor-widget-button\" data-id=\"634f822\" data-element_type=\"widget\" data-e-type=\"widget\" data-widget_type=\"button.default\">\n\t\t\t\t<div class=\"elementor-widget-container\">\n\t\t\t\t\t\t\t\t\t<div class=\"elementor-button-wrapper\">\n\t\t\t\t\t<a class=\"elementor-button elementor-button-link elementor-size-sm\" href=\"https:\/\/www.daretodance.cz\/en\/zajezdy\/chorvatsko2026\/\">\n\t\t\t\t\t\t<span class=\"elementor-button-content-wrapper\">\n\t\t\t\t\t\t\t\t\t<span class=\"elementor-button-text\">More information<\/span>\n\t\t\t\t\t<\/span>\n\t\t\t\t\t<\/a>\n\t\t\t\t<\/div>\n\t\t\t\t\t\t\t\t<\/div>\n\t\t\t\t<\/div>\n\t\t\t\t<div class=\"elementor-element elementor-element-a4ad4e2 elementor-widget elementor-widget-button\" data-id=\"a4ad4e2\" data-element_type=\"widget\" data-e-type=\"widget\" data-widget_type=\"button.default\">\n\t\t\t\t<div class=\"elementor-widget-container\">\n\t\t\t\t\t\t\t\t\t<div class=\"elementor-button-wrapper\">\n\t\t\t\t\t<a class=\"elementor-button elementor-button-link elementor-size-sm\" href=\"https:\/\/www.daretodance.cz\/en\/zajezdy\/chorvatsko2026\/#reghr\">\n\t\t\t\t\t\t<span class=\"elementor-button-content-wrapper\">\n\t\t\t\t\t\t\t\t\t<span class=\"elementor-button-text\">Reservation<\/span>\n\t\t\t\t\t<\/span>\n\t\t\t\t\t<\/a>\n\t\t\t\t<\/div>\n\t\t\t\t\t\t\t\t<\/div>\n\t\t\t\t<\/div>\n\t\t\t\t<\/div>\n\t\t\t\t<\/div>\n\t\t<div class=\"elementor-element elementor-element-7d408d9 e-con-full e-flex e-con e-child\" data-id=\"7d408d9\" data-element_type=\"container\" data-e-type=\"container\">\n\t\t\t\t<\/div>\n\t\t<div class=\"elementor-element elementor-element-0ea2c8a e-con-full e-flex e-con e-child\" data-id=\"0ea2c8a\" data-element_type=\"container\" data-e-type=\"container\">\n\t\t\t\t<\/div>\n\t\t\t\t<\/div>\n\t\t\t\t\t<\/div>\n\t\t\t\t<\/div>\n\t\t\t\t<\/div>","protected":false},"excerpt":{"rendered":"<p>P\u0159ipravovan\u00e9 tane\u010dn\u00ed z\u00e1jezdy 2026 Bohyn\u011b Sic\u00edlie Tan\u010d\u00edc\u00ed du\u0161e Term\u00edn : 28.4. \u2013 3.5.2026 Cena : 19.990,- K\u010d V\u00edce informac\u00ed Rezervace Salsa u mo\u0159e s Jesusem st\u0159edn\u011b pokro\u010dil\u00ed Term\u00edn : 15.8. &#8211; 22.8.2026 Cena : 17.550,-K\u010d \/ dosp\u011bl\u00fd v\u010d. full passu a polopenze V\u00edce informac\u00ed Rezervace<\/p>","protected":false},"author":1,"featured_media":0,"parent":10,"menu_order":0,"comment_status":"closed","ping_status":"closed","template":"","meta":{"_kadence_starter_templates_imported_post":false,"_kad_post_transparent":"","_kad_post_title":"hide","_kad_post_layout":"fullwidth","_kad_post_sidebar_id":"","_kad_post_content_style":"unboxed","_kad_post_vertical_padding":"hide","_kad_post_feature":"hide","_kad_post_feature_position":"","_kad_post_header":false,"_kad_post_footer":false,"footnotes":""},"class_list":["post-4201","page","type-page","status-publish","hentry"],"_links":{"self":[{"href":"https:\/\/www.daretodance.cz\/en\/wp-json\/wp\/v2\/pages\/4201","targetHints":{"allow":["GET"]}}],"collection":[{"href":"https:\/\/www.daretodance.cz\/en\/wp-json\/wp\/v2\/pages"}],"about":[{"href":"https:\/\/www.daretodance.cz\/en\/wp-json\/wp\/v2\/types\/page"}],"author":[{"embeddable":true,"href":"https:\/\/www.daretodance.cz\/en\/wp-json\/wp\/v2\/users\/1"}],"replies":[{"embeddable":true,"href":"https:\/\/www.daretodance.cz\/en\/wp-json\/wp\/v2\/comments?post=4201"}],"version-history":[{"count":22,"href":"https:\/\/www.daretodance.cz\/en\/wp-json\/wp\/v2\/pages\/4201\/revisions"}],"predecessor-version":[{"id":5288,"href":"https:\/\/www.daretodance.cz\/en\/wp-json\/wp\/v2\/pages\/4201\/revisions\/5288"}],"up":[{"embeddable":true,"href":"https:\/\/www.daretodance.cz\/en\/wp-json\/wp\/v2\/pages\/10"}],"wp:attachment":[{"href":"https:\/\/www.daretodance.cz\/en\/wp-json\/wp\/v2\/media?parent=4201"}],"curies":[{"name":"wp","href":"https:\/\/api.w.org\/{rel}","templated":true}]}}