{"id":4529,"date":"2026-01-23T10:57:34","date_gmt":"2026-01-23T09:57:34","guid":{"rendered":"https:\/\/www.daretodance.cz\/?page_id=4529"},"modified":"2026-01-23T15:03:56","modified_gmt":"2026-01-23T14:03:56","slug":"obchodni-podminky","status":"publish","type":"page","link":"https:\/\/www.daretodance.cz\/en\/obchodni-podminky\/","title":{"rendered":"Obchodn\u00ed podm\u00ednky"},"content":{"rendered":"<div data-elementor-type=\"wp-page\" data-elementor-id=\"4529\" class=\"elementor elementor-4529\">\n\t\t\t\t<div class=\"elementor-element elementor-element-39df40d e-flex e-con-boxed e-con e-parent\" data-id=\"39df40d\" data-element_type=\"container\" data-e-type=\"container\">\n\t\t\t\t\t<div class=\"e-con-inner\">\n\t\t\t\t<div class=\"elementor-element elementor-element-050050f elementor-widget elementor-widget-heading\" data-id=\"050050f\" data-element_type=\"widget\" data-e-type=\"widget\" data-widget_type=\"heading.default\">\n\t\t\t\t<div class=\"elementor-widget-container\">\n\t\t\t\t\t<h2 class=\"elementor-heading-title elementor-size-default\">V\u0161eobecn\u00e9 obchodn\u00ed podm\u00ednky<\/h2>\t\t\t\t<\/div>\n\t\t\t\t<\/div>\n\t\t\t\t\t<\/div>\n\t\t\t\t<\/div>\n\t\t<div class=\"elementor-element elementor-element-f1097b6 e-flex e-con-boxed e-con e-parent\" data-id=\"f1097b6\" data-element_type=\"container\" data-e-type=\"container\">\n\t\t\t\t\t<div class=\"e-con-inner\">\n\t\t\t\t<div class=\"elementor-element elementor-element-c1d9aad elementor-widget elementor-widget-text-editor\" data-id=\"c1d9aad\" data-element_type=\"widget\" data-e-type=\"widget\" data-widget_type=\"text-editor.default\">\n\t\t\t\t<div class=\"elementor-widget-container\">\n\t\t\t\t\t\t\t\t\t<p data-path-to-node=\"13\"><b data-path-to-node=\"13\" data-index-in-node=\"0\">I. \u00davodn\u00ed ustanoven\u00ed<\/b><\/p><p data-path-to-node=\"13\">Tyto v\u0161eobecn\u00e9 obchodn\u00ed podm\u00ednky (d\u00e1le jen \u201eVOP\u201c) upravuj\u00ed vz\u00e1jemn\u00e1 pr\u00e1va a povinnosti mezi poskytovatelem slu\u017eeb <b data-path-to-node=\"13\" data-index-in-node=\"135\">Dare To Dance &#8211; Andrea Sm\u011bl\u00edkov\u00e1<\/b>, se s\u00eddlem <strong><span class=\"cmplz-contact-address\">Lazy VI 2889, Zl\u00edn 760 01, <\/span><\/strong><strong><span class=\"cmplz-contact-country\">\u010cesk\u00e1 republika<\/span><\/strong>, I\u010cO: <strong>75761521\u00a0<\/strong>(d\u00e1le jen \u201ePoskytovatel\u201c) a \u00fa\u010dastn\u00edkem kurz\u016f \u010di akc\u00ed (d\u00e1le jen \u201eKlient\u201c).<\/p><p data-path-to-node=\"14\"><b data-path-to-node=\"14\" data-index-in-node=\"0\">II. Objedn\u00e1vka a uzav\u0159en\u00ed smlouvy<\/b><\/p><ol start=\"1\" data-path-to-node=\"15\"><li><p data-path-to-node=\"15,0,0\">P\u0159ihl\u00e1\u0161en\u00edm na kurz, workshop nebo z\u00e1jezd prost\u0159ednictv\u00edm webov\u00e9ho formul\u00e1\u0159e na www.daretodance.cz nebo e-mailem, projevuje Klient z\u00e1jem o uzav\u0159en\u00ed smlouvy.<\/p><\/li><li><p data-path-to-node=\"15,1,0\">Smlouva je uzav\u0159ena okam\u017eikem potvrzen\u00ed p\u0159ihl\u00e1\u0161ky Poskytovatelem nebo uhrazen\u00edm z\u00e1lohy\/ceny slu\u017eby Klientem.<\/p><\/li><li><p data-path-to-node=\"15,2,0\">Odesl\u00e1n\u00edm p\u0159ihl\u00e1\u0161ky Klient stvrzuje, \u017ee se sezn\u00e1mil s t\u011bmito VOP a souhlas\u00ed s nimi.<\/p><\/li><\/ol><p data-path-to-node=\"16\"><b data-path-to-node=\"16\" data-index-in-node=\"0\">III. Platebn\u00ed podm\u00ednky<\/b><\/p><ol start=\"1\" data-path-to-node=\"17\"><li><p data-path-to-node=\"17,0,0\">Cena za slu\u017eby je uvedena u konkr\u00e9tn\u00ed nab\u00eddky na webu.<\/p><\/li><li><p data-path-to-node=\"17,1,0\">\u00dahrada prob\u00edh\u00e1\u00a0 v p\u0159\u00edpad\u011b kurz\u016f a workshop\u016f p\u0159evodem na bankovn\u00ed \u00fa\u010det Poskytovatele \u010d.2264113040\/3030 pod p\u0159i\u0159azen\u00fdm variabiln\u00edm symbolem, nebo na \u00fa\u010det CK v p\u0159\u00edpad\u011b z\u00e1jezd\u016f<\/p><\/li><li><p data-path-to-node=\"17,2,0\">Splatnost kurzovn\u00e9ho je <b data-path-to-node=\"17,2,0\" data-index-in-node=\"24\">do 3 dn\u016f p\u0159ed zah\u00e1jen\u00edm kurzu.<\/b>\u00a0M\u00edsto na kurzu je rezervov\u00e1no a\u017e po p\u0159ips\u00e1n\u00ed platby.<\/p><\/li><\/ol><p data-path-to-node=\"18\"><b data-path-to-node=\"18\" data-index-in-node=\"0\">IV. Storno podm\u00ednky a n\u00e1hrady<\/b><\/p><ol start=\"1\" data-path-to-node=\"19\"><li><p data-path-to-node=\"19,0,0\">Nem\u016f\u017ee-li se Klient z\u00fa\u010dastnit:<\/p><ul data-path-to-node=\"19,0,1\"><li><p data-path-to-node=\"19,0,1,0,0\">P\u0159i odhl\u00e1\u0161en\u00ed v\u00edce ne\u017e <b data-path-to-node=\"19,0,1,0,0\" data-index-in-node=\"23\">14<\/b>\u00a0dn\u00ed p\u0159ed zah\u00e1jen\u00edm: vrac\u00edme 100 % \u010d\u00e1stky.<\/p><\/li><li><p data-path-to-node=\"19,0,1,1,0\">P\u0159i odhl\u00e1\u0161en\u00ed m\u00e9n\u011b ne\u017e <b data-path-to-node=\"19,0,1,1,0\" data-index-in-node=\"23\">14<\/b>\u00a0dn\u00ed p\u0159ed zah\u00e1jen\u00edm: storno poplatek \u010din\u00ed <b data-path-to-node=\"19,0,1,1,0\" data-index-in-node=\"75\">50 %<\/b>\u00a0z ceny.<\/p><\/li><li><p data-path-to-node=\"19,0,1,2,0\">P\u0159i odhl\u00e1\u0161en\u00ed m\u00e9n\u011b ne\u017e <b data-path-to-node=\"19,0,1,2,0\" data-index-in-node=\"23\">48 hodin<\/b>\u00a0p\u0159ed zah\u00e1jen\u00edm nebo ne\u00fa\u010dasti: storno poplatek je 100 %.<\/p><\/li><\/ul><\/li><li><p data-path-to-node=\"19,1,0\">Klient m\u016f\u017ee za sebe poslat n\u00e1hradn\u00edka. Tuto zm\u011bnu je nutn\u00e9 nahl\u00e1sit p\u0159edem.<\/p><\/li><li><p data-path-to-node=\"19,2,0\">V p\u0159\u00edpad\u011b zru\u0161en\u00ed akce ze strany Poskytovatele bude Klientovi vr\u00e1cena cel\u00e1 \u010d\u00e1stka.<\/p><\/li><\/ol><p data-path-to-node=\"20\"><b data-path-to-node=\"20\" data-index-in-node=\"0\">V. Odstoupen\u00ed od smlouvy (Spot\u0159ebitel)<\/b><\/p><p data-path-to-node=\"20\">Dle \u00a7 1837 p\u00edsm. j) ob\u010dansk\u00e9ho z\u00e1kon\u00edku <b data-path-to-node=\"20\" data-index-in-node=\"79\">nem\u00e1 spot\u0159ebitel pr\u00e1vo na odstoupen\u00ed od smlouvy<\/b> ve lh\u016ft\u011b 14 dn\u016f bez ud\u00e1n\u00ed d\u016fvodu, jedn\u00e1-li se o smlouvu o vyu\u017eit\u00ed voln\u00e9ho \u010dasu (tane\u010dn\u00ed kurzy, z\u00e1jezdy), pokud poskytovatel toto pln\u011bn\u00ed poskytuje v ur\u010den\u00e9m term\u00ednu.<\/p><p data-path-to-node=\"21\"><b data-path-to-node=\"21\" data-index-in-node=\"0\">VI. Odpov\u011bdnost a bezpe\u010dnost<\/b><\/p><ol start=\"1\" data-path-to-node=\"22\"><li><p data-path-to-node=\"22,0,0\">Klient se \u00fa\u010dastn\u00ed tane\u010dn\u00edch aktivit na vlastn\u00ed nebezpe\u010d\u00ed a odpov\u011bdnost. Prohla\u0161uje, \u017ee je zdravotn\u011b zp\u016fsobil\u00fd k absolvov\u00e1n\u00ed kurzu.<\/p><\/li><li><p data-path-to-node=\"22,1,0\">Poskytovatel neodpov\u00edd\u00e1 za zran\u011bn\u00ed \u010di \u00farazy vznikl\u00e9 b\u011bhem lekce, pokud nebyly zp\u016fsobeny p\u0159\u00edm\u00fdm zanedb\u00e1n\u00edm povinnost\u00ed Poskytovatele.<\/p><\/li><li><p data-path-to-node=\"22,2,0\">Poskytovatel neodpov\u00edd\u00e1 za cennosti odlo\u017een\u00e9 v prostor\u00e1ch kon\u00e1n\u00ed akce.<\/p><\/li><\/ol><p data-path-to-node=\"23\"><b data-path-to-node=\"23\" data-index-in-node=\"0\">VII. Ochrana osobn\u00edch \u00fadaj\u016f<\/b><\/p><p data-path-to-node=\"23\">Informace o zpracov\u00e1n\u00ed osobn\u00edch \u00fadaj\u016f jsou uvedeny v samostatn\u00e9m dokumentu \u201eZ\u00e1sady ochrany osobn\u00edch \u00fadaj\u016f\u201c dostupn\u00e9m na webu.<\/p><p data-path-to-node=\"24\"><b data-path-to-node=\"24\" data-index-in-node=\"0\">VIII. \u0158e\u0161en\u00ed spor\u016f<\/b><\/p><p data-path-to-node=\"24\">V p\u0159\u00edpad\u011b, \u017ee dojde mezi n\u00e1mi a spot\u0159ebitelem ke vzniku spot\u0159ebitelsk\u00e9ho sporu, kter\u00fd se nepoda\u0159\u00ed vy\u0159e\u0161it vz\u00e1jemnou dohodou, m\u016f\u017ee spot\u0159ebitel podat n\u00e1vrh na mimosoudn\u00ed \u0159e\u0161en\u00ed takov\u00e9ho sporu ur\u010den\u00e9mu subjektu mimosoudn\u00edho \u0159e\u0161en\u00ed spot\u0159ebitelsk\u00fdch spor\u016f, kter\u00fdm je: <b data-path-to-node=\"24\" data-index-in-node=\"282\">\u010cesk\u00e1 obchodn\u00ed inspekce<\/b>, \u00dast\u0159edn\u00ed inspektor\u00e1t \u2013 odd\u011blen\u00ed ADR, \u0160t\u011bp\u00e1nsk\u00e1 15, 120 00 Praha 2. Web: adr.coi.cz.<\/p><p data-path-to-node=\"25\">Tyto podm\u00ednky jsou platn\u00e9 od 23.1.2026.<\/p>\t\t\t\t\t\t\t\t<\/div>\n\t\t\t\t<\/div>\n\t\t\t\t\t<\/div>\n\t\t\t\t<\/div>\n\t\t\t\t<\/div>","protected":false},"excerpt":{"rendered":"<p>V\u0161eobecn\u00e9 obchodn\u00ed podm\u00ednky I. \u00davodn\u00ed ustanoven\u00ed Tyto v\u0161eobecn\u00e9 obchodn\u00ed podm\u00ednky (d\u00e1le jen \u201eVOP\u201c) upravuj\u00ed vz\u00e1jemn\u00e1 pr\u00e1va a povinnosti mezi poskytovatelem slu\u017eeb Dare To Dance &#8211; Andrea Sm\u011bl\u00edkov\u00e1, se s\u00eddlem Lazy VI 2889, Zl\u00edn 760 01, \u010cesk\u00e1 republika, I\u010cO: 75761521\u00a0(d\u00e1le jen \u201ePoskytovatel\u201c) a \u00fa\u010dastn\u00edkem kurz\u016f \u010di akc\u00ed (d\u00e1le jen \u201eKlient\u201c). II. Objedn\u00e1vka a uzav\u0159en\u00ed smlouvy P\u0159ihl\u00e1\u0161en\u00edm&#8230;<\/p>","protected":false},"author":1,"featured_media":0,"parent":0,"menu_order":0,"comment_status":"closed","ping_status":"closed","template":"","meta":{"_kadence_starter_templates_imported_post":false,"_kad_post_transparent":"","_kad_post_title":"hide","_kad_post_layout":"fullwidth","_kad_post_sidebar_id":"","_kad_post_content_style":"unboxed","_kad_post_vertical_padding":"hide","_kad_post_feature":"hide","_kad_post_feature_position":"","_kad_post_header":false,"_kad_post_footer":false,"footnotes":""},"class_list":["post-4529","page","type-page","status-publish","hentry"],"_links":{"self":[{"href":"https:\/\/www.daretodance.cz\/en\/wp-json\/wp\/v2\/pages\/4529","targetHints":{"allow":["GET"]}}],"collection":[{"href":"https:\/\/www.daretodance.cz\/en\/wp-json\/wp\/v2\/pages"}],"about":[{"href":"https:\/\/www.daretodance.cz\/en\/wp-json\/wp\/v2\/types\/page"}],"author":[{"embeddable":true,"href":"https:\/\/www.daretodance.cz\/en\/wp-json\/wp\/v2\/users\/1"}],"replies":[{"embeddable":true,"href":"https:\/\/www.daretodance.cz\/en\/wp-json\/wp\/v2\/comments?post=4529"}],"version-history":[{"count":10,"href":"https:\/\/www.daretodance.cz\/en\/wp-json\/wp\/v2\/pages\/4529\/revisions"}],"predecessor-version":[{"id":4550,"href":"https:\/\/www.daretodance.cz\/en\/wp-json\/wp\/v2\/pages\/4529\/revisions\/4550"}],"wp:attachment":[{"href":"https:\/\/www.daretodance.cz\/en\/wp-json\/wp\/v2\/media?parent=4529"}],"curies":[{"name":"wp","href":"https:\/\/api.w.org\/{rel}","templated":true}]}}