{"id":4531,"date":"2026-01-23T10:58:15","date_gmt":"2026-01-23T09:58:15","guid":{"rendered":"https:\/\/www.daretodance.cz\/?page_id=4531"},"modified":"2026-01-23T15:08:27","modified_gmt":"2026-01-23T14:08:27","slug":"zpracovani-osobnich-udaju","status":"publish","type":"page","link":"https:\/\/www.daretodance.cz\/en\/zpracovani-osobnich-udaju\/","title":{"rendered":"Zpracov\u00e1n\u00ed osobn\u00edch \u00fadaj\u016f"},"content":{"rendered":"<div data-elementor-type=\"wp-page\" data-elementor-id=\"4531\" class=\"elementor elementor-4531\">\n\t\t\t\t<div class=\"elementor-element elementor-element-5da5142 e-flex e-con-boxed e-con e-parent\" data-id=\"5da5142\" data-element_type=\"container\" data-e-type=\"container\">\n\t\t\t\t\t<div class=\"e-con-inner\">\n\t\t\t\t<div class=\"elementor-element elementor-element-9cad7b7 elementor-widget elementor-widget-heading\" data-id=\"9cad7b7\" data-element_type=\"widget\" data-e-type=\"widget\" data-widget_type=\"heading.default\">\n\t\t\t\t<div class=\"elementor-widget-container\">\n\t\t\t\t\t<h2 class=\"elementor-heading-title elementor-size-default\">Z\u00c1SADY OCHRANY OSOBN\u00cdCH \u00daDAJ\u016e<\/h2>\t\t\t\t<\/div>\n\t\t\t\t<\/div>\n\t\t\t\t\t<\/div>\n\t\t\t\t<\/div>\n\t\t<div class=\"elementor-element elementor-element-7ee5cf3 e-flex e-con-boxed e-con e-parent\" data-id=\"7ee5cf3\" data-element_type=\"container\" data-e-type=\"container\">\n\t\t\t\t\t<div class=\"e-con-inner\">\n\t\t\t\t<div class=\"elementor-element elementor-element-348172e elementor-widget elementor-widget-text-editor\" data-id=\"348172e\" data-element_type=\"widget\" data-e-type=\"widget\" data-widget_type=\"text-editor.default\">\n\t\t\t\t<div class=\"elementor-widget-container\">\n\t\t\t\t\t\t\t\t\t<p data-path-to-node=\"30\">Provozovatel webu <b data-path-to-node=\"30\" data-index-in-node=\"18\">Andrea Sm\u011bl\u00edkov\u00e1<\/b>, I\u010cO: <strong>75761521<\/strong>, se s\u00eddlem <strong><span class=\"cmplz-contact-address\">Lazy VI 2889, Zl\u00edn 760 01, <\/span><span class=\"cmplz-contact-country\">\u010cesk\u00e1 republika<\/span><\/strong>\u00a0(d\u00e1le jen \u201eSpr\u00e1vce\u201c), zpracov\u00e1v\u00e1 osobn\u00ed \u00fadaje v souladu s Na\u0159\u00edzen\u00edm Evropsk\u00e9ho parlamentu a Rady (EU) 2016\/679 (GDPR).<\/p><p data-path-to-node=\"31\"><b data-path-to-node=\"31\" data-index-in-node=\"0\">1. Jak\u00e9 \u00fadaje zpracov\u00e1v\u00e1me?<\/b> Zpracov\u00e1v\u00e1me \u00fadaje, kter\u00e9 n\u00e1m poskytnete p\u0159i p\u0159ihl\u00e1\u0161en\u00ed na kurz, z\u00e1jezd nebo p\u0159i kontaktov\u00e1n\u00ed:<\/p><ul data-path-to-node=\"32\"><li><p data-path-to-node=\"32,0,0\">Jm\u00e9no a p\u0159\u00edjmen\u00ed<\/p><\/li><li>Date of birth<\/li><li><p data-path-to-node=\"32,1,0\">E-mailov\u00e1 adresa<\/p><\/li><li><p data-path-to-node=\"32,2,0\">Telefonn\u00ed \u010d\u00edslo<\/p><\/li><li>Address<\/li><li><p data-path-to-node=\"32,4,0\">Fotografie\/videa z akc\u00ed (pouze s va\u0161\u00edm v\u011bdom\u00edm\/souhlasem pro report\u00e1\u017en\u00ed \u00fa\u010dely).<\/p><\/li><\/ul><p data-path-to-node=\"33\"><b data-path-to-node=\"33\" data-index-in-node=\"0\">2. Pro\u010d \u00fadaje zpracov\u00e1v\u00e1me?<\/b><\/p><ul data-path-to-node=\"34\"><li><p data-path-to-node=\"34,0,0\"><b data-path-to-node=\"34,0,0\" data-index-in-node=\"0\">Pln\u011bn\u00ed smlouvy:<\/b> Abychom v\u00e1s mohli zaregistrovat na kurz, informovat o zm\u011bn\u00e1ch a vystavit doklad.<\/p><\/li><li><p data-path-to-node=\"34,1,0\"><b data-path-to-node=\"34,1,0\" data-index-in-node=\"0\">Opr\u00e1vn\u011bn\u00fd z\u00e1jem:<\/b> Pro komunikaci s v\u00e1mi a p\u0159\u00edm\u00fd marketing (zas\u00edl\u00e1n\u00ed novinek o podobn\u00fdch kurzech st\u00e1vaj\u00edc\u00edm klient\u016fm).<\/p><\/li><li><p data-path-to-node=\"34,2,0\"><b data-path-to-node=\"34,2,0\" data-index-in-node=\"0\">Pln\u011bn\u00ed z\u00e1konn\u00fdch povinnost\u00ed:<\/b> Veden\u00ed \u00fa\u010detnictv\u00ed a da\u0148ov\u00e9 evidence (archivace doklad\u016f po dobu 10 let).<\/p><\/li><\/ul><p data-path-to-node=\"35\"><b data-path-to-node=\"35\" data-index-in-node=\"0\">3. Kdo m\u00e1 k \u00fadaj\u016fm p\u0159\u00edstup?<\/b> Va\u0161e \u00fadaje jsou u n\u00e1s v bezpe\u010d\u00ed. P\u0159\u00edstup k nim m\u00e1 pouze Spr\u00e1vce a prov\u011b\u0159en\u00ed zpracovatel\u00e9, kte\u0159\u00ed n\u00e1m pom\u00e1haj\u00ed s chodem webu a slu\u017eeb:<\/p><ul data-path-to-node=\"36\"><li><p data-path-to-node=\"36,0,0\">Poskytovatel webhostingu<\/p><\/li><li><p data-path-to-node=\"36,1,0\">Poskytovatel e-mailov\u00fdch a \u00fa\u010detn\u00edch slu\u017eeb<\/p><\/li><li><p data-path-to-node=\"36,2,0\">P\u0159\u00edpadn\u011b ubytovac\u00ed za\u0159\u00edzen\u00ed (u tane\u010dn\u00edch z\u00e1jezd\u016f).<\/p><\/li><\/ul><p data-path-to-node=\"37\"><b data-path-to-node=\"37\" data-index-in-node=\"0\">4. Jak dlouho \u00fadaje uchov\u00e1v\u00e1me?<\/b> Osobn\u00ed \u00fadaje uchov\u00e1v\u00e1me po dobu nezbytnou k v\u00fdkonu pr\u00e1v a povinnost\u00ed vypl\u00fdvaj\u00edc\u00edch ze smluvn\u00edho vztahu a d\u00e1le po dobu vy\u017eadovanou pr\u00e1vn\u00edmi p\u0159edpisy (nap\u0159. u da\u0148ov\u00fdch doklad\u016f 10 let). Marketingov\u00e1 data (e-mail) uchov\u00e1v\u00e1me do doby, ne\u017e se odhl\u00e1s\u00edte z odb\u011bru novinek.<\/p><p data-path-to-node=\"38\"><b data-path-to-node=\"38\" data-index-in-node=\"0\">5. Jak\u00e1 m\u00e1te pr\u00e1va?<\/b> M\u00e1te pr\u00e1vo po\u017eadovat od n\u00e1s p\u0159\u00edstup k va\u0161im osobn\u00edm \u00fadaj\u016fm, jejich opravu, v\u00fdmaz, pop\u0159\u00edpad\u011b omezen\u00ed zpracov\u00e1n\u00ed. M\u00e1te pr\u00e1vo vzn\u00e9st n\u00e1mitku proti zpracov\u00e1n\u00ed a pr\u00e1vo na p\u0159enositelnost \u00fadaj\u016f. Rovn\u011b\u017e m\u00e1te pr\u00e1vo podat st\u00ed\u017enost u \u00da\u0159adu pro ochranu osobn\u00edch \u00fadaj\u016f (www.uoou.cz), pokud se domn\u00edv\u00e1te, \u017ee p\u0159i zpracov\u00e1n\u00ed do\u0161lo k poru\u0161en\u00ed p\u0159edpis\u016f.<\/p><p data-path-to-node=\"39\"><b data-path-to-node=\"39\" data-index-in-node=\"0\">6. Cookies<\/b> Tento web pou\u017e\u00edv\u00e1 soubory cookies. Podrobn\u00e9 nastaven\u00ed a informace o cookies naleznete v li\u0161t\u011b souhlasu\u00a0 p\u0159i vstupu na web nebo v nastaven\u00ed prohl\u00ed\u017ee\u010de.<\/p>\t\t\t\t\t\t\t\t<\/div>\n\t\t\t\t<\/div>\n\t\t\t\t\t<\/div>\n\t\t\t\t<\/div>\n\t\t\t\t<\/div>","protected":false},"excerpt":{"rendered":"<p>Z\u00c1SADY OCHRANY OSOBN\u00cdCH \u00daDAJ\u016e Provozovatel webu Andrea Sm\u011bl\u00edkov\u00e1, I\u010cO: 75761521, se s\u00eddlem Lazy VI 2889, Zl\u00edn 760 01, \u010cesk\u00e1 republika\u00a0(d\u00e1le jen \u201eSpr\u00e1vce\u201c), zpracov\u00e1v\u00e1 osobn\u00ed \u00fadaje v souladu s Na\u0159\u00edzen\u00edm Evropsk\u00e9ho parlamentu a Rady (EU) 2016\/679 (GDPR). 1. Jak\u00e9 \u00fadaje zpracov\u00e1v\u00e1me? Zpracov\u00e1v\u00e1me \u00fadaje, kter\u00e9 n\u00e1m poskytnete p\u0159i p\u0159ihl\u00e1\u0161en\u00ed na kurz, z\u00e1jezd nebo p\u0159i kontaktov\u00e1n\u00ed: Jm\u00e9no a&#8230;<\/p>","protected":false},"author":1,"featured_media":0,"parent":0,"menu_order":0,"comment_status":"closed","ping_status":"closed","template":"","meta":{"_kadence_starter_templates_imported_post":false,"_kad_post_transparent":"","_kad_post_title":"hide","_kad_post_layout":"fullwidth","_kad_post_sidebar_id":"","_kad_post_content_style":"unboxed","_kad_post_vertical_padding":"hide","_kad_post_feature":"hide","_kad_post_feature_position":"","_kad_post_header":false,"_kad_post_footer":false,"footnotes":""},"class_list":["post-4531","page","type-page","status-publish","hentry"],"_links":{"self":[{"href":"https:\/\/www.daretodance.cz\/en\/wp-json\/wp\/v2\/pages\/4531","targetHints":{"allow":["GET"]}}],"collection":[{"href":"https:\/\/www.daretodance.cz\/en\/wp-json\/wp\/v2\/pages"}],"about":[{"href":"https:\/\/www.daretodance.cz\/en\/wp-json\/wp\/v2\/types\/page"}],"author":[{"embeddable":true,"href":"https:\/\/www.daretodance.cz\/en\/wp-json\/wp\/v2\/users\/1"}],"replies":[{"embeddable":true,"href":"https:\/\/www.daretodance.cz\/en\/wp-json\/wp\/v2\/comments?post=4531"}],"version-history":[{"count":4,"href":"https:\/\/www.daretodance.cz\/en\/wp-json\/wp\/v2\/pages\/4531\/revisions"}],"predecessor-version":[{"id":4553,"href":"https:\/\/www.daretodance.cz\/en\/wp-json\/wp\/v2\/pages\/4531\/revisions\/4553"}],"wp:attachment":[{"href":"https:\/\/www.daretodance.cz\/en\/wp-json\/wp\/v2\/media?parent=4531"}],"curies":[{"name":"wp","href":"https:\/\/api.w.org\/{rel}","templated":true}]}}