{"id":4533,"date":"2026-01-23T11:01:15","date_gmt":"2026-01-23T10:01:15","guid":{"rendered":"https:\/\/www.daretodance.cz\/?page_id=4533"},"modified":"2026-01-23T12:54:08","modified_gmt":"2026-01-23T11:54:08","slug":"identifikacni-udaje","status":"publish","type":"page","link":"https:\/\/www.daretodance.cz\/en\/identifikacni-udaje\/","title":{"rendered":"Identifika\u010dn\u00ed \u00fadaje"},"content":{"rendered":"<div data-elementor-type=\"wp-page\" data-elementor-id=\"4533\" class=\"elementor elementor-4533\">\n\t\t\t\t<div class=\"elementor-element elementor-element-417d870 e-flex e-con-boxed e-con e-parent\" data-id=\"417d870\" data-element_type=\"container\" data-e-type=\"container\">\n\t\t\t\t\t<div class=\"e-con-inner\">\n\t\t\t\t<div class=\"elementor-element elementor-element-086b5a1 elementor-widget elementor-widget-heading\" data-id=\"086b5a1\" data-element_type=\"widget\" data-e-type=\"widget\" data-widget_type=\"heading.default\">\n\t\t\t\t<div class=\"elementor-widget-container\">\n\t\t\t\t\t<h2 class=\"elementor-heading-title elementor-size-default\">Identifika\u010dn\u00ed \u00fadaje<\/h2>\t\t\t\t<\/div>\n\t\t\t\t<\/div>\n\t\t\t\t\t<\/div>\n\t\t\t\t<\/div>\n\t\t<div class=\"elementor-element elementor-element-fad28d6 e-flex e-con-boxed e-con e-parent\" data-id=\"fad28d6\" data-element_type=\"container\" data-e-type=\"container\">\n\t\t\t\t\t<div class=\"e-con-inner\">\n\t\t\t\t<div class=\"elementor-element elementor-element-248fc85 elementor-widget elementor-widget-text-editor\" data-id=\"248fc85\" data-element_type=\"widget\" data-e-type=\"widget\" data-widget_type=\"text-editor.default\">\n\t\t\t\t<div class=\"elementor-widget-container\">\n\t\t\t\t\t\t\t\t\t<p data-path-to-node=\"5\"><b data-path-to-node=\"5\" data-index-in-node=\"0\">Provozovatel webu a poskytovatel slu\u017eeb:<\/b><\/p><p data-path-to-node=\"5\"><strong>Subjekt<\/strong> : Andrea Sm\u011bl\u00edkov\u00e1<\/p><p data-path-to-node=\"5\"><strong>S\u00eddlo<\/strong>: <span class=\"cmplz-contact-address\">Lazy VI 2889<br \/>Zl\u00edn 760 01<\/span><br \/><span class=\"cmplz-contact-country\">\u010cesk\u00e1 republika<\/span><\/p><p data-path-to-node=\"5\"><strong>I\u010cO<\/strong>: 75761521<br \/>Zaps\u00e1n\/a v \u017eivnostensk\u00e9m rejst\u0159\u00edku veden\u00e9m u Magistr\u00e1t m\u011bsta Zl\u00edn<\/p><p data-path-to-node=\"7\"><strong>Kontaktn\u00ed e-mail<\/strong>: info@daretodance.cz <strong>Kontaktn\u00ed telefon<\/strong>: +420 721 115 911<\/p><p data-path-to-node=\"8\"><strong>Bankovn\u00ed spojen\u00ed<\/strong>: 2264113040\/3030<\/p>\t\t\t\t\t\t\t\t<\/div>\n\t\t\t\t<\/div>\n\t\t\t\t\t<\/div>\n\t\t\t\t<\/div>\n\t\t\t\t<\/div>","protected":false},"excerpt":{"rendered":"<p>Identifika\u010dn\u00ed \u00fadaje Provozovatel webu a poskytovatel slu\u017eeb: Subjekt : Andrea Sm\u011bl\u00edkov\u00e1 S\u00eddlo: Lazy VI 2889Zl\u00edn 760 01\u010cesk\u00e1 republika I\u010cO: 75761521Zaps\u00e1n\/a v \u017eivnostensk\u00e9m rejst\u0159\u00edku veden\u00e9m u Magistr\u00e1t m\u011bsta Zl\u00edn Kontaktn\u00ed e-mail: info@daretodance.cz Kontaktn\u00ed telefon: +420 721 115 911 Bankovn\u00ed spojen\u00ed: 2264113040\/3030<\/p>","protected":false},"author":1,"featured_media":0,"parent":0,"menu_order":0,"comment_status":"closed","ping_status":"closed","template":"","meta":{"_kadence_starter_templates_imported_post":false,"_kad_post_transparent":"","_kad_post_title":"hide","_kad_post_layout":"fullwidth","_kad_post_sidebar_id":"","_kad_post_content_style":"unboxed","_kad_post_vertical_padding":"hide","_kad_post_feature":"hide","_kad_post_feature_position":"","_kad_post_header":false,"_kad_post_footer":false,"footnotes":""},"class_list":["post-4533","page","type-page","status-publish","hentry"],"_links":{"self":[{"href":"https:\/\/www.daretodance.cz\/en\/wp-json\/wp\/v2\/pages\/4533","targetHints":{"allow":["GET"]}}],"collection":[{"href":"https:\/\/www.daretodance.cz\/en\/wp-json\/wp\/v2\/pages"}],"about":[{"href":"https:\/\/www.daretodance.cz\/en\/wp-json\/wp\/v2\/types\/page"}],"author":[{"embeddable":true,"href":"https:\/\/www.daretodance.cz\/en\/wp-json\/wp\/v2\/users\/1"}],"replies":[{"embeddable":true,"href":"https:\/\/www.daretodance.cz\/en\/wp-json\/wp\/v2\/comments?post=4533"}],"version-history":[{"count":4,"href":"https:\/\/www.daretodance.cz\/en\/wp-json\/wp\/v2\/pages\/4533\/revisions"}],"predecessor-version":[{"id":4541,"href":"https:\/\/www.daretodance.cz\/en\/wp-json\/wp\/v2\/pages\/4533\/revisions\/4541"}],"wp:attachment":[{"href":"https:\/\/www.daretodance.cz\/en\/wp-json\/wp\/v2\/media?parent=4533"}],"curies":[{"name":"wp","href":"https:\/\/api.w.org\/{rel}","templated":true}]}}