{"id":4811,"date":"2026-02-05T10:58:45","date_gmt":"2026-02-05T09:58:45","guid":{"rendered":"https:\/\/www.daretodance.cz\/?page_id=4811"},"modified":"2026-04-03T14:32:06","modified_gmt":"2026-04-03T12:32:06","slug":"salsa-mirne-pokrocili","status":"publish","type":"page","link":"https:\/\/www.daretodance.cz\/en\/kurzy\/salsa-mirne-pokrocili\/","title":{"rendered":"Salsa m\u00edrn\u011b pokro\u010dil\u00ed"},"content":{"rendered":"<div data-elementor-type=\"wp-page\" data-elementor-id=\"4811\" class=\"elementor elementor-4811\">\n\t\t\t\t<div class=\"elementor-element elementor-element-0a2530a e-flex e-con-boxed e-con e-parent\" data-id=\"0a2530a\" data-element_type=\"container\" data-e-type=\"container\">\n\t\t\t\t\t<div class=\"e-con-inner\">\n\t\t<div class=\"elementor-element elementor-element-2eacc4c e-con-full e-flex e-con e-child\" data-id=\"2eacc4c\" data-element_type=\"container\" data-e-type=\"container\">\n\t\t\t\t<div class=\"elementor-element elementor-element-e70db17 elementor-widget elementor-widget-heading\" data-id=\"e70db17\" data-element_type=\"widget\" data-e-type=\"widget\" data-widget_type=\"heading.default\">\n\t\t\t\t<div class=\"elementor-widget-container\">\n\t\t\t\t\t<h2 class=\"elementor-heading-title elementor-size-default\">Kurzy Salsy a Bachaty pro za\u010d\u00e1te\u010dn\u00edky a m\u00edrn\u011b pokro\u010dil\u00e9<\/h2>\t\t\t\t<\/div>\n\t\t\t\t<\/div>\n\t\t\t\t<div class=\"elementor-element elementor-element-9ea25ee elementor-widget elementor-widget-text-editor\" data-id=\"9ea25ee\" data-element_type=\"widget\" data-e-type=\"widget\" data-widget_type=\"text-editor.default\">\n\t\t\t\t<div class=\"elementor-widget-container\">\n\t\t\t\t\t\t\t\t\t<p data-path-to-node=\"2\"><b data-path-to-node=\"2\" data-index-in-node=\"0\">Rozvi\u0148te svou Salsu a pronikn\u011bte do taj\u016f Bachaty. Z\u00edskejte jistotu a tan\u010dete s lehkost\u00ed!<\/b><\/p><p data-path-to-node=\"3\">Spojili jsme dynamiku kub\u00e1nsk\u00e9 salsy s v\u00e1\u0161n\u00ed bachaty do jednoho speci\u00e1ln\u00edho kurzu. Ka\u017ed\u00e9 pond\u011bl\u00ed v\u00e1s \u010dek\u00e1 nabit\u00fdch 90 minut (45 minut Salsy a 45 minut Bachaty), kter\u00e9 v\u00e1s zaru\u010den\u011b rozh\u0159ej\u00ed a probud\u00ed tane\u010dn\u00edka ve v\u00e1s!<\/p><p data-path-to-node=\"4\">Zat\u00edmco v <b data-path-to-node=\"4\" data-index-in-node=\"10\">Salse (pro m\u00edrn\u011b pokro\u010dil\u00e9)<\/b> nav\u00e1\u017eeme na va\u0161e dosavadn\u00ed znalosti a zam\u011b\u0159\u00edme se na lep\u0161\u00ed techniku, plynulost a sebev\u011bdom\u00ed, v <b data-path-to-node=\"4\" data-index-in-node=\"133\">Bachat\u011b (pro za\u010d\u00e1te\u010dn\u00edky\/m\u00edrn\u011b pokro\u010dil\u00e9)<\/b> v\u00e1s provedeme od prvn\u00edch krok\u016f a\u017e do bodu, kdy si na p\u00e1rty s jistotou zatan\u010d\u00edte i s pokro\u010dilej\u0161\u00edmi partnery.<\/p>\t\t\t\t\t\t\t\t<\/div>\n\t\t\t\t<\/div>\n\t\t\t\t<div class=\"elementor-element elementor-element-f92305e elementor-align-center elementor-widget elementor-widget-button\" data-id=\"f92305e\" data-element_type=\"widget\" data-e-type=\"widget\" data-widget_type=\"button.default\">\n\t\t\t\t<div class=\"elementor-widget-container\">\n\t\t\t\t\t\t\t\t\t<div class=\"elementor-button-wrapper\">\n\t\t\t\t\t<a class=\"elementor-button elementor-button-link elementor-size-sm\" href=\"https:\/\/www.daretodance.cz\/en\/kurzy\/#kurzy-regform\">\n\t\t\t\t\t\t<span class=\"elementor-button-content-wrapper\">\n\t\t\t\t\t\t\t\t\t<span class=\"elementor-button-text\">Registration<\/span>\n\t\t\t\t\t<\/span>\n\t\t\t\t\t<\/a>\n\t\t\t\t<\/div>\n\t\t\t\t\t\t\t\t<\/div>\n\t\t\t\t<\/div>\n\t\t\t\t<\/div>\n\t\t<div class=\"elementor-element elementor-element-050e1b4 e-con-full e-flex e-con e-child\" data-id=\"050e1b4\" data-element_type=\"container\" data-e-type=\"container\">\n\t\t\t\t<div class=\"elementor-element elementor-element-d8eb253 elementor-widget elementor-widget-image\" data-id=\"d8eb253\" data-element_type=\"widget\" data-e-type=\"widget\" data-widget_type=\"image.default\">\n\t\t\t\t<div class=\"elementor-widget-container\">\n\t\t\t\t\t\t\t\t\t\t\t\t\t\t\t<img fetchpriority=\"high\" decoding=\"async\" width=\"724\" height=\"1024\" src=\"https:\/\/www.daretodance.cz\/wp-content\/uploads\/2026\/04\/letak-salsa-bachata-jaro-2026-724x1024.jpg\" class=\"attachment-large size-large wp-image-5240\" alt=\"\" srcset=\"https:\/\/www.daretodance.cz\/wp-content\/uploads\/2026\/04\/letak-salsa-bachata-jaro-2026-724x1024.jpg 724w, https:\/\/www.daretodance.cz\/wp-content\/uploads\/2026\/04\/letak-salsa-bachata-jaro-2026-212x300.jpg 212w, https:\/\/www.daretodance.cz\/wp-content\/uploads\/2026\/04\/letak-salsa-bachata-jaro-2026-768x1086.jpg 768w, https:\/\/www.daretodance.cz\/wp-content\/uploads\/2026\/04\/letak-salsa-bachata-jaro-2026-1086x1536.jpg 1086w, https:\/\/www.daretodance.cz\/wp-content\/uploads\/2026\/04\/letak-salsa-bachata-jaro-2026-8x12.jpg 8w, https:\/\/www.daretodance.cz\/wp-content\/uploads\/2026\/04\/letak-salsa-bachata-jaro-2026.jpg 1414w\" sizes=\"(max-width: 724px) 100vw, 724px\" \/>\t\t\t\t\t\t\t\t\t\t\t\t\t\t\t<\/div>\n\t\t\t\t<\/div>\n\t\t\t\t<\/div>\n\t\t<div class=\"elementor-element elementor-element-7ce3d4a e-con-full e-flex e-con e-child\" data-id=\"7ce3d4a\" data-element_type=\"container\" data-e-type=\"container\">\n\t\t\t\t<div class=\"elementor-element elementor-element-5a0b3de elementor-widget elementor-widget-text-editor\" data-id=\"5a0b3de\" data-element_type=\"widget\" data-e-type=\"widget\" data-widget_type=\"text-editor.default\">\n\t\t\t\t<div class=\"elementor-widget-container\">\n\t\t\t\t\t\t\t\t\t<p>\ud83d\udcc5 <strong>Z\u00c1KLADN\u00cd INFORMACE O KURZU<\/strong><\/p><ul><li>Term\u00edn: 20.4. \u2013 22.6. 2026<\/li><li>Den:\u00a0pond\u011bl\u00ed<\/li><li>\u010cas: 18:30 \u2013 20:00<\/li><li>Po\u010det lekc\u00ed:\u00a010<\/li><li>D\u00e9lka lekce: 90 minut<\/li><li>Cena: 4.500 K\u010d \/ osoba<\/li><\/ul><p data-path-to-node=\"7\">\ud83d\udfe2 <b data-path-to-node=\"7\" data-index-in-node=\"3\">Pro koho je kurz ur\u010den?<\/b><\/p><ul data-path-to-node=\"8\"><li><p data-path-to-node=\"8,0,0\">\u2705 absolventy z\u00e1kladn\u00edch kurz\u016f salsy<\/p><\/li><li><p data-path-to-node=\"8,1,0\">\u2705 \u00fapln\u00e9 nov\u00e1\u010dky i m\u00edrn\u011b pokro\u010dil\u00e9 v bachat\u011b<\/p><\/li><li><p data-path-to-node=\"8,2,0\">\u2705 v\u0161echny, kte\u0159\u00ed cht\u011bj\u00ed na parketu tan\u010dit plynule a s jistotou<\/p><\/li><li><p data-path-to-node=\"8,3,0\">\u2705 jednotlivce i p\u00e1ry<\/p><\/li><\/ul><p data-path-to-node=\"9\">\ud83c\udfb5 <b data-path-to-node=\"9\" data-index-in-node=\"3\">Co se v kurzu nau\u010d\u00edte?<\/b><\/p><ul data-path-to-node=\"10\"><li><p data-path-to-node=\"10,0,0\"><b data-path-to-node=\"10,0,0\" data-index-in-node=\"0\">V Salse:<\/b> roz\u0161\u00ed\u0159en\u00ed reperto\u00e1ru figur, Rueda de Casino a plynul\u00e9 kombinace.<\/p><\/li><li><p data-path-to-node=\"10,1,0\"><b data-path-to-node=\"10,1,0\" data-index-in-node=\"0\">V Bachat\u011b:<\/b> z\u00e1kladn\u00ed kroky, oto\u010dky, figury a principy spr\u00e1vn\u00e9ho veden\u00ed a n\u00e1sledov\u00e1n\u00ed.<\/p><\/li><li><p data-path-to-node=\"10,2,0\"><b data-path-to-node=\"10,2,0\" data-index-in-node=\"0\">V obou tanc\u00edch:<\/b> musicalitu (reakce na hudbu), styling (zejm\u00e9na pro \u017eeny), sebev\u011bdomou komunikaci v p\u00e1ru a pr\u00e1ci s energi\u00ed a prostorem.<\/p><\/li><\/ul><p>Kurz je zam\u011b\u0159en\u00fd na\u00a0praktick\u00e9 vyu\u017eit\u00ed v re\u00e1ln\u00e9m tanci, ne jen na zapamatov\u00e1n\u00ed figur.<\/p><p>\ud83d\udccd <strong>M\u00edsto kon\u00e1n\u00ed<\/strong><\/p><p>Beachklub L\u00e1dv\u00ed<br \/>\u017dernoseck\u00e1 1895\/2, Praha 8 \u2013 L\u00e1dv\u00ed<br \/>\ud83d\udccd metro C \u2013 L\u00e1dv\u00ed<\/p><p>\ud83d\udc68\u200d\ud83c\udfeb <strong>Lekto\u0159i<\/strong><\/p><p><a href=\"https:\/\/www.daretodance.cz\/en\/home\/o-nas\/nas-tym\/andrea\/\">Andrea<\/a> &amp; <a href=\"https:\/\/www.daretodance.cz\/en\/home\/o-nas\/nas-tym\/standa\/\">Standa<\/a><br \/>Zku\u0161en\u00ed lekto\u0159i kub\u00e1nsk\u00e9 salsy, kte\u0159\u00ed kladou d\u016fraz na:<\/p><ul><li>technickou \u010distotu<\/li><li>plynulost a flow<\/li><li>radost z pohybu<\/li><li>respekt k partnerovi<\/li><\/ul><p>\ud83d\udc65 <strong>P\u0159ihl\u00e1\u0161en\u00ed \u2013 jak to funguje?<\/strong><\/p><ul><li>\u2705 lze se hl\u00e1sit\u00a0v p\u00e1ru i bez partnera<\/li><li>\u2705 p\u0159i s\u00f3lo p\u0159ihl\u00e1\u0161en\u00ed zvol\u00edte roli (leader \/ follower)<\/li><li>\u2705 st\u0159\u00edd\u00e1n\u00ed partner\u016f je b\u011b\u017enou sou\u010d\u00e1st\u00ed v\u00fduky<\/li><\/ul><p>\ud83d\udc5f <strong>Doporu\u010den\u00e1 obuv<\/strong><\/p><ul><li>\u2705 obuv bez podpatku<\/li><li>\u2705 hladk\u00e1 podr\u00e1\u017eka<\/li><li>\u274c podpatky (kv\u016fli parketu)<\/li><\/ul><p>\ud83d\udcb3 <strong>Platba<\/strong><\/p><ul><li>bankovn\u00ed p\u0159evod\u00a0nebo<\/li><li>hotov\u011b na\u00a01. nebo 2. lekci<\/li><\/ul><p>\ud83c\udfaf <strong>Pro\u010d j\u00edt do kurzu pro m\u00edrn\u011b pokro\u010dil\u00e9?<\/strong><\/p><ul><li>posunete se z \u201ekrok\u016f\u201c k tanci<\/li><li>zlep\u0161\u00edte jistotu na parketu<\/li><li>nau\u010d\u00edte se tan\u010dit na r\u016fzn\u00e9 typy hudby<\/li><li>za\u017eijete radost ze spole\u010dn\u00e9ho flow<\/li><li>p\u0159iprav\u00edte se na tan\u010d\u00edrny a festivaly<\/li><\/ul><p>\ud83d\udcde <strong>P\u0159ihl\u00e1\u0161ky a kontakt<\/strong><\/p><p>\ud83d\udce7\u00a0<a href=\"mailto:info@daretodance.cz\">info@daretodance.cz<\/a><br \/>\ud83d\udcf1\u00a0+420\u00a0721\u00a0115 911<br \/>\ud83c\udf10\u00a0<a href=\"http:\/\/www.daretodance.cz\/en\/\">www.daretodance.cz<\/a><\/p><p><strong>Registrace do kurzu<\/strong><\/p>\t\t\t\t\t\t\t\t<\/div>\n\t\t\t\t<\/div>\n\t\t\t\t<\/div>\n\t\t\t\t\t<\/div>\n\t\t\t\t<\/div>\n\t\t<div class=\"elementor-element elementor-element-3232791 e-flex e-con-boxed e-con e-parent\" data-id=\"3232791\" data-element_type=\"container\" data-e-type=\"container\">\n\t\t\t\t\t<div class=\"e-con-inner\">\n\t\t\t\t<div class=\"elementor-element elementor-element-45deea7 elementor-widget elementor-widget-button\" data-id=\"45deea7\" data-element_type=\"widget\" data-e-type=\"widget\" data-widget_type=\"button.default\">\n\t\t\t\t<div class=\"elementor-widget-container\">\n\t\t\t\t\t\t\t\t\t<div class=\"elementor-button-wrapper\">\n\t\t\t\t\t<a class=\"elementor-button elementor-button-link elementor-size-sm\" href=\"https:\/\/www.daretodance.cz\/en\/kurzy\/#kurzy-regform\">\n\t\t\t\t\t\t<span class=\"elementor-button-content-wrapper\">\n\t\t\t\t\t\t\t\t\t<span class=\"elementor-button-text\">Registration<\/span>\n\t\t\t\t\t<\/span>\n\t\t\t\t\t<\/a>\n\t\t\t\t<\/div>\n\t\t\t\t\t\t\t\t<\/div>\n\t\t\t\t<\/div>\n\t\t\t\t\t<\/div>\n\t\t\t\t<\/div>\n\t\t\t\t<\/div>","protected":false},"excerpt":{"rendered":"<p>Kurzy Salsy a Bachaty pro za\u010d\u00e1te\u010dn\u00edky a m\u00edrn\u011b pokro\u010dil\u00e9 Rozvi\u0148te svou Salsu a pronikn\u011bte do taj\u016f Bachaty. Z\u00edskejte jistotu a tan\u010dete s lehkost\u00ed! Spojili jsme dynamiku kub\u00e1nsk\u00e9 salsy s v\u00e1\u0161n\u00ed bachaty do jednoho speci\u00e1ln\u00edho kurzu. Ka\u017ed\u00e9 pond\u011bl\u00ed v\u00e1s \u010dek\u00e1 nabit\u00fdch 90 minut (45 minut Salsy a 45 minut Bachaty), kter\u00e9 v\u00e1s zaru\u010den\u011b rozh\u0159ej\u00ed a probud\u00ed&#8230;<\/p>","protected":false},"author":1,"featured_media":0,"parent":2995,"menu_order":0,"comment_status":"closed","ping_status":"closed","template":"","meta":{"_kadence_starter_templates_imported_post":false,"_kad_post_transparent":"","_kad_post_title":"hide","_kad_post_layout":"fullwidth","_kad_post_sidebar_id":"","_kad_post_content_style":"unboxed","_kad_post_vertical_padding":"hide","_kad_post_feature":"hide","_kad_post_feature_position":"","_kad_post_header":false,"_kad_post_footer":false,"footnotes":""},"class_list":["post-4811","page","type-page","status-publish","hentry"],"_links":{"self":[{"href":"https:\/\/www.daretodance.cz\/en\/wp-json\/wp\/v2\/pages\/4811","targetHints":{"allow":["GET"]}}],"collection":[{"href":"https:\/\/www.daretodance.cz\/en\/wp-json\/wp\/v2\/pages"}],"about":[{"href":"https:\/\/www.daretodance.cz\/en\/wp-json\/wp\/v2\/types\/page"}],"author":[{"embeddable":true,"href":"https:\/\/www.daretodance.cz\/en\/wp-json\/wp\/v2\/users\/1"}],"replies":[{"embeddable":true,"href":"https:\/\/www.daretodance.cz\/en\/wp-json\/wp\/v2\/comments?post=4811"}],"version-history":[{"count":38,"href":"https:\/\/www.daretodance.cz\/en\/wp-json\/wp\/v2\/pages\/4811\/revisions"}],"predecessor-version":[{"id":5269,"href":"https:\/\/www.daretodance.cz\/en\/wp-json\/wp\/v2\/pages\/4811\/revisions\/5269"}],"up":[{"embeddable":true,"href":"https:\/\/www.daretodance.cz\/en\/wp-json\/wp\/v2\/pages\/2995"}],"wp:attachment":[{"href":"https:\/\/www.daretodance.cz\/en\/wp-json\/wp\/v2\/media?parent=4811"}],"curies":[{"name":"wp","href":"https:\/\/api.w.org\/{rel}","templated":true}]}}