{"id":4920,"date":"2026-02-08T20:02:02","date_gmt":"2026-02-08T19:02:02","guid":{"rendered":"https:\/\/www.daretodance.cz\/?page_id=4920"},"modified":"2026-02-08T20:34:14","modified_gmt":"2026-02-08T19:34:14","slug":"tanecni-vystoupeni","status":"publish","type":"page","link":"https:\/\/www.daretodance.cz\/en\/svatby-events\/tanecni-vystoupeni\/","title":{"rendered":"Tane\u010dn\u00ed vystoupen\u00ed"},"content":{"rendered":"<div data-elementor-type=\"wp-page\" data-elementor-id=\"4920\" class=\"elementor elementor-4920\">\n\t\t\t\t<div class=\"elementor-element elementor-element-55a6c78 e-flex e-con-boxed e-con e-parent\" data-id=\"55a6c78\" data-element_type=\"container\" data-e-type=\"container\">\n\t\t\t\t\t<div class=\"e-con-inner\">\n\t\t\t\t<div class=\"elementor-element elementor-element-e414fe0 elementor-widget elementor-widget-heading\" data-id=\"e414fe0\" data-element_type=\"widget\" data-e-type=\"widget\" data-widget_type=\"heading.default\">\n\t\t\t\t<div class=\"elementor-widget-container\">\n\t\t\t\t\t<h2 class=\"elementor-heading-title elementor-size-default\">TANE\u010cN\u00cd VYSTOUPEN\u00cd<\/h2>\t\t\t\t<\/div>\n\t\t\t\t<\/div>\n\t\t\t\t<div class=\"elementor-element elementor-element-ef2af06 elementor-widget elementor-widget-text-editor\" data-id=\"ef2af06\" data-element_type=\"widget\" data-e-type=\"widget\" data-widget_type=\"text-editor.default\">\n\t\t\t\t<div class=\"elementor-widget-container\">\n\t\t\t\t\t\t\t\t\t<p>Profesion\u00e1ln\u00ed tane\u010dn\u00ed vystoupen\u00ed pro va\u0161i akci<\/p><p>O\u017eivte svou\u00a0firemn\u00ed akci, svatbu, oslavu nebo galave\u010der\u00a0profesion\u00e1ln\u00edm\u00a0tane\u010dn\u00edm vystoupen\u00edm, kter\u00e9 zaujme v\u0161echny hosty! Nab\u00edz\u00edme\u00a0show pln\u00e9 energie, elegance a emoc\u00ed\u00a0v pod\u00e1n\u00ed zku\u0161en\u00fdch tane\u010dn\u00edk\u016f.<\/p><p>\u2728 Co nab\u00edz\u00edme:<\/p><p>\u2705\u00a0Profesion\u00e1ln\u00ed tane\u010dn\u00edci\u00a0\u2013 zku\u0161en\u00ed performe\u0159i<br \/>\u2705\u00a0R\u016fzn\u00e9 tane\u010dn\u00ed styly\u00a0\u2013 salsa, bachata, samba, show dance, tango<br \/>\u2705\u00a0Vystoupen\u00ed na m\u00edru\u00a0\u2013 p\u0159izp\u016fsoben\u00e9 va\u0161\u00ed akci<br \/>\u2705\u00a0Kost\u00fdmy a choreografie\u00a0\u2013 vizu\u00e1ln\u011b p\u016fsobiv\u00e9<br \/>\u2705\u00a0Flexibiln\u00ed d\u00e9lka\u00a0\u2013 od 5 do 20 minut<br \/>\u2705\u00a0Interaktivn\u00ed show\u00a0\u2013 zapojen\u00ed publika<\/p><p>\ud83c\udfaf Pro jak\u00e9 akce:<\/p><p>\ud83c\udf89\u00a0Firemn\u00ed ve\u010d\u00edrky\u00a0\u2013 galave\u010dery, v\u00fdro\u010dn\u00ed oslavy<br \/>\ud83d\udc8d\u00a0Svatby\u00a0\u2013 p\u0159ekvapen\u00ed pro novoman\u017eele a hosty<br \/>\ud83c\udf82\u00a0Narozeninov\u00e9 oslavy\u00a0\u2013 kulat\u00e1 v\u00fdro\u010d\u00ed<br \/>\ud83c\udfc6\u00a0Konference a kongresy\u00a0\u2013 doprovodn\u00fd program<br \/>\ud83c\udfad\u00a0Kulturn\u00ed akce\u00a0\u2013 festivaly, m\u011bstsk\u00e9 slavnosti<\/p><p>\ud83d\udc83 Tane\u010dn\u00ed styly:<\/p><p>\ud83d\udd25\u00a0Salsa show\u00a0\u2013 kub\u00e1nsk\u00e1 energie a v\u00e1\u0161e\u0148<br \/>\ud83d\udc95\u00a0Bachata sensual\u00a0\u2013 romantick\u00e9 a smysln\u00e9<br \/>\ud83c\udfad\u00a0Karnevalov\u00e1 samba\u00a0\u2013 brazilsk\u00e1 radost a barvy<br \/>\ud83c\udf39\u00a0Argentinsk\u00e9 tango\u00a0\u2013 elegance a dramati\u010dnost<br \/>\u2728\u00a0Show dance\u00a0\u2013 modern\u00ed choreografie s efekty<\/p><p>\ud83d\udcde Objednejte si vystoupen\u00ed:<\/p>\t\t\t\t\t\t\t\t<\/div>\n\t\t\t\t<\/div>\n\t\t\t\t<div class=\"elementor-element elementor-element-9a46cfa elementor-widget elementor-widget-button\" data-id=\"9a46cfa\" data-element_type=\"widget\" data-e-type=\"widget\" data-widget_type=\"button.default\">\n\t\t\t\t<div class=\"elementor-widget-container\">\n\t\t\t\t\t\t\t\t\t<div class=\"elementor-button-wrapper\">\n\t\t\t\t\t<a class=\"elementor-button elementor-button-link elementor-size-sm\" href=\"https:\/\/www.daretodance.cz\/en\/svatby-events\/#tanprogform\">\n\t\t\t\t\t\t<span class=\"elementor-button-content-wrapper\">\n\t\t\t\t\t\t\t\t\t<span class=\"elementor-button-text\">Non-binding inquiry<\/span>\n\t\t\t\t\t<\/span>\n\t\t\t\t\t<\/a>\n\t\t\t\t<\/div>\n\t\t\t\t\t\t\t\t<\/div>\n\t\t\t\t<\/div>\n\t\t\t\t<div class=\"elementor-element elementor-element-c2c629a elementor-widget elementor-widget-text-editor\" data-id=\"c2c629a\" data-element_type=\"widget\" data-e-type=\"widget\" data-widget_type=\"text-editor.default\">\n\t\t\t\t<div class=\"elementor-widget-container\">\n\t\t\t\t\t\t\t\t\t<p>\ud83d\udce7\u00a0<a href=\"mailto:info@daretodance.cz\">info@daretodance.cz<\/a><br \/>\ud83d\udcf1\u00a0+420 721 115 911<br \/>\ud83c\udf10\u00a0<a href=\"http:\/\/www.daretodance.cz\/en\/\">www.daretodance.cz<\/a><\/p><p>#Tane\u010dn\u00edVystoupen\u00ed #ShowProgram #Firemn\u0131Akce #Profesion\u00e1ln\u00edTane\u010dn\u00edci #DaretoDance #Tane\u010dn\u00edShow<\/p>\t\t\t\t\t\t\t\t<\/div>\n\t\t\t\t<\/div>\n\t\t\t\t\t<\/div>\n\t\t\t\t<\/div>\n\t\t\t\t<\/div>","protected":false},"excerpt":{"rendered":"<p>TANE\u010cN\u00cd VYSTOUPEN\u00cd Profesion\u00e1ln\u00ed tane\u010dn\u00ed vystoupen\u00ed pro va\u0161i akci O\u017eivte svou\u00a0firemn\u00ed akci, svatbu, oslavu nebo galave\u010der\u00a0profesion\u00e1ln\u00edm\u00a0tane\u010dn\u00edm vystoupen\u00edm, kter\u00e9 zaujme v\u0161echny hosty! Nab\u00edz\u00edme\u00a0show pln\u00e9 energie, elegance a emoc\u00ed\u00a0v pod\u00e1n\u00ed zku\u0161en\u00fdch tane\u010dn\u00edk\u016f. \u2728 Co nab\u00edz\u00edme: \u2705\u00a0Profesion\u00e1ln\u00ed tane\u010dn\u00edci\u00a0\u2013 zku\u0161en\u00ed performe\u0159i\u2705\u00a0R\u016fzn\u00e9 tane\u010dn\u00ed styly\u00a0\u2013 salsa, bachata, samba, show dance, tango\u2705\u00a0Vystoupen\u00ed na m\u00edru\u00a0\u2013 p\u0159izp\u016fsoben\u00e9 va\u0161\u00ed akci\u2705\u00a0Kost\u00fdmy a choreografie\u00a0\u2013 vizu\u00e1ln\u011b p\u016fsobiv\u00e9\u2705\u00a0Flexibiln\u00ed d\u00e9lka\u00a0\u2013 od&#8230;<\/p>","protected":false},"author":1,"featured_media":0,"parent":3176,"menu_order":0,"comment_status":"closed","ping_status":"closed","template":"","meta":{"_kadence_starter_templates_imported_post":false,"_kad_post_transparent":"","_kad_post_title":"hide","_kad_post_layout":"fullwidth","_kad_post_sidebar_id":"","_kad_post_content_style":"unboxed","_kad_post_vertical_padding":"hide","_kad_post_feature":"hide","_kad_post_feature_position":"","_kad_post_header":false,"_kad_post_footer":false,"footnotes":""},"class_list":["post-4920","page","type-page","status-publish","hentry"],"_links":{"self":[{"href":"https:\/\/www.daretodance.cz\/en\/wp-json\/wp\/v2\/pages\/4920","targetHints":{"allow":["GET"]}}],"collection":[{"href":"https:\/\/www.daretodance.cz\/en\/wp-json\/wp\/v2\/pages"}],"about":[{"href":"https:\/\/www.daretodance.cz\/en\/wp-json\/wp\/v2\/types\/page"}],"author":[{"embeddable":true,"href":"https:\/\/www.daretodance.cz\/en\/wp-json\/wp\/v2\/users\/1"}],"replies":[{"embeddable":true,"href":"https:\/\/www.daretodance.cz\/en\/wp-json\/wp\/v2\/comments?post=4920"}],"version-history":[{"count":7,"href":"https:\/\/www.daretodance.cz\/en\/wp-json\/wp\/v2\/pages\/4920\/revisions"}],"predecessor-version":[{"id":4962,"href":"https:\/\/www.daretodance.cz\/en\/wp-json\/wp\/v2\/pages\/4920\/revisions\/4962"}],"up":[{"embeddable":true,"href":"https:\/\/www.daretodance.cz\/en\/wp-json\/wp\/v2\/pages\/3176"}],"wp:attachment":[{"href":"https:\/\/www.daretodance.cz\/en\/wp-json\/wp\/v2\/media?parent=4920"}],"curies":[{"name":"wp","href":"https:\/\/api.w.org\/{rel}","templated":true}]}}