{"id":4925,"date":"2026-02-08T20:03:55","date_gmt":"2026-02-08T19:03:55","guid":{"rendered":"https:\/\/www.daretodance.cz\/?page_id=4925"},"modified":"2026-02-08T20:35:56","modified_gmt":"2026-02-08T19:35:56","slug":"firemni-akce-a-teambuildingy","status":"publish","type":"page","link":"https:\/\/www.daretodance.cz\/en\/svatby-events\/firemni-akce-a-teambuildingy\/","title":{"rendered":"Firemn\u00ed akce a teambuildingy"},"content":{"rendered":"<div data-elementor-type=\"wp-page\" data-elementor-id=\"4925\" class=\"elementor elementor-4925\">\n\t\t\t\t<div class=\"elementor-element elementor-element-b216d1c e-flex e-con-boxed e-con e-parent\" data-id=\"b216d1c\" data-element_type=\"container\" data-e-type=\"container\">\n\t\t\t\t\t<div class=\"e-con-inner\">\n\t\t\t\t<div class=\"elementor-element elementor-element-af633c2 elementor-widget elementor-widget-heading\" data-id=\"af633c2\" data-element_type=\"widget\" data-e-type=\"widget\" data-widget_type=\"heading.default\">\n\t\t\t\t<div class=\"elementor-widget-container\">\n\t\t\t\t\t<h2 class=\"elementor-heading-title elementor-size-default\">FIREMN\u00cd AKCE A TEAMBUILDINGY<\/h2>\t\t\t\t<\/div>\n\t\t\t\t<\/div>\n\t\t\t\t<div class=\"elementor-element elementor-element-0bf79fd elementor-widget elementor-widget-text-editor\" data-id=\"0bf79fd\" data-element_type=\"widget\" data-e-type=\"widget\" data-widget_type=\"text-editor.default\">\n\t\t\t\t<div class=\"elementor-widget-container\">\n\t\t\t\t\t\t\t\t\t<p>Tane\u010dn\u00ed teambuilding \u2013 Stmelte t\u00fdm z\u00e1bavnou formou!<\/p><p>Hled\u00e1te\u00a0origin\u00e1ln\u00ed teambuilding, kter\u00fd\u00a0sjednot\u00ed v\u00e1\u0161 t\u00fdm, zlep\u0161\u00ed komunikaci a p\u0159inese spoustu z\u00e1bavy? Tane\u010dn\u00ed teambuilding je ide\u00e1ln\u00ed volba pro\u00a0firemn\u00ed akce, \u0161kolen\u00ed i v\u00fdjezdn\u00ed setk\u00e1n\u00ed!<\/p><p>\ud83c\udfaf Pro\u010d tane\u010dn\u00ed teambuilding:<\/p><p>\u2705\u00a0Zlep\u0161uje komunikaci\u00a0\u2013 veden\u00ed a n\u00e1sledov\u00e1n\u00ed v p\u00e1ru<br \/>\u2705\u00a0Posiluje d\u016fv\u011bru\u00a0\u2013 spolupr\u00e1ce a t\u00fdmov\u00e1 pr\u00e1ce<br \/>\u2705\u00a0Odbour\u00e1v\u00e1 stres\u00a0\u2013 pohyb a z\u00e1bava<br \/>\u2705\u00a0Vytv\u00e1\u0159\u00ed pozitivn\u00ed atmosf\u00e9ru\u00a0\u2013 sm\u00edch a radost<br \/>\u2705\u00a0Nezapomenuteln\u00fd z\u00e1\u017eitek\u00a0\u2013 n\u011bco jin\u00e9ho ne\u017e klasick\u00e9 teambuildingov\u00e9 aktivity<br \/>\u2705\u00a0Pro v\u0161echny \u00farovn\u011b\u00a0\u2013 za\u010d\u00e1te\u010dn\u00edci i pokro\u010dil\u00e9<\/p><p>\ud83d\udc83 Co nab\u00edz\u00edme:<\/p><p>\ud83d\udd25\u00a0Salsa teambuilding\u00a0\u2013 energie a kub\u00e1nsk\u00e1 atmosf\u00e9ra<br \/>\ud83d\udc95\u00a0Bachata workshop\u00a0\u2013 romantick\u00fd tanec pro p\u00e1ry<br \/>\ud83c\udf89\u00a0Rueda de casino\u00a0\u2013 skupinov\u00fd tanec, st\u0159\u00edd\u00e1n\u00ed partner\u016f<br \/>\ud83c\udfad\u00a0Tane\u010dn\u00ed v\u00fdzva\u00a0\u2013 sout\u011b\u017en\u00ed form\u00e1t<br \/>\u2728\u00a0Mix tanc\u016f\u00a0\u2013 ochutn\u00e1vka r\u016fzn\u00fdch styl\u016f<\/p><p>\ud83d\udccb Jak prob\u00edh\u00e1 tane\u010dn\u00ed teambuilding:<\/p><p>1\ufe0f\u20e3\u00a0\u00davodn\u00ed rozcvi\u010dka\u00a0\u2013 zah\u0159\u00e1t\u00ed a uvoln\u011bn\u00ed<br \/>2\ufe0f\u20e3\u00a0Z\u00e1kladn\u00ed kroky\u00a0\u2013 nau\u010d\u00edme v\u00e1s tan\u010dit od nuly<br \/>3\ufe0f\u20e3\u00a0P\u00e1rov\u00e9 tancov\u00e1n\u00ed\u00a0\u2013 veden\u00ed a n\u00e1sledov\u00e1n\u00ed<br \/>4\ufe0f\u20e3\u00a0Skupinov\u00e1 choreografie\u00a0\u2013 spole\u010dn\u00fd tanec<br \/>5\ufe0f\u20e3\u00a0Tane\u010dn\u00ed p\u00e1rty\u00a0\u2013 u\u017eijte si nau\u010den\u00e9!<\/p><p>\ud83c\udfe2 Vhodn\u00e9 pro:<\/p><p>\u2705\u00a0Firemn\u00ed ve\u010d\u00edrky a akce<br \/>\u2705\u00a0Teambuildingov\u00e9 v\u00fdjezdy<br \/>\u2705\u00a0\u0160kolen\u00ed a konference\u00a0(doprovodn\u00fd program)<br \/>\u2705\u00a0Oslavy a v\u00fdro\u010d\u00ed firmy<br \/>\u2705\u00a0Motiva\u010dn\u00ed akce pro zam\u011bstnance<\/p><p>\ud83d\udcde Kontaktujte n\u00e1s pro nab\u00eddku:<\/p>\t\t\t\t\t\t\t\t<\/div>\n\t\t\t\t<\/div>\n\t\t\t\t<div class=\"elementor-element elementor-element-f7adef2 elementor-widget elementor-widget-button\" data-id=\"f7adef2\" data-element_type=\"widget\" data-e-type=\"widget\" data-widget_type=\"button.default\">\n\t\t\t\t<div class=\"elementor-widget-container\">\n\t\t\t\t\t\t\t\t\t<div class=\"elementor-button-wrapper\">\n\t\t\t\t\t<a class=\"elementor-button elementor-button-link elementor-size-sm\" href=\"https:\/\/www.daretodance.cz\/en\/svatby-events\/#tanprogform\">\n\t\t\t\t\t\t<span class=\"elementor-button-content-wrapper\">\n\t\t\t\t\t\t\t\t\t<span class=\"elementor-button-text\">Non-binding inquiry<\/span>\n\t\t\t\t\t<\/span>\n\t\t\t\t\t<\/a>\n\t\t\t\t<\/div>\n\t\t\t\t\t\t\t\t<\/div>\n\t\t\t\t<\/div>\n\t\t\t\t<div class=\"elementor-element elementor-element-a0e6462 elementor-widget elementor-widget-text-editor\" data-id=\"a0e6462\" data-element_type=\"widget\" data-e-type=\"widget\" data-widget_type=\"text-editor.default\">\n\t\t\t\t<div class=\"elementor-widget-container\">\n\t\t\t\t\t\t\t\t\t<p>\ud83d\udce7\u00a0<a href=\"mailto:info@daretodance.cz\">info@daretodance.cz<\/a><br \/>\ud83d\udcf1\u00a0+420 721 115 911<br \/>\ud83c\udf10\u00a0<a href=\"http:\/\/www.daretodance.cz\/en\/\">www.daretodance.cz<\/a><\/p><p>#Tane\u010dn\u00edTeambuilding #Firemn\u0131Akce #Teambuilding #Firemn\u0131Ve\u010d\u00edrek #DaretoDance #T\u00fdmov\u00e1Spolupr\u00e1ce<\/p>\t\t\t\t\t\t\t\t<\/div>\n\t\t\t\t<\/div>\n\t\t\t\t\t<\/div>\n\t\t\t\t<\/div>\n\t\t\t\t<\/div>","protected":false},"excerpt":{"rendered":"<p>FIREMN\u00cd AKCE A TEAMBUILDINGY Tane\u010dn\u00ed teambuilding \u2013 Stmelte t\u00fdm z\u00e1bavnou formou! Hled\u00e1te\u00a0origin\u00e1ln\u00ed teambuilding, kter\u00fd\u00a0sjednot\u00ed v\u00e1\u0161 t\u00fdm, zlep\u0161\u00ed komunikaci a p\u0159inese spoustu z\u00e1bavy? Tane\u010dn\u00ed teambuilding je ide\u00e1ln\u00ed volba pro\u00a0firemn\u00ed akce, \u0161kolen\u00ed i v\u00fdjezdn\u00ed setk\u00e1n\u00ed! \ud83c\udfaf Pro\u010d tane\u010dn\u00ed teambuilding: \u2705\u00a0Zlep\u0161uje komunikaci\u00a0\u2013 veden\u00ed a n\u00e1sledov\u00e1n\u00ed v p\u00e1ru\u2705\u00a0Posiluje d\u016fv\u011bru\u00a0\u2013 spolupr\u00e1ce a t\u00fdmov\u00e1 pr\u00e1ce\u2705\u00a0Odbour\u00e1v\u00e1 stres\u00a0\u2013 pohyb a z\u00e1bava\u2705\u00a0Vytv\u00e1\u0159\u00ed pozitivn\u00ed atmosf\u00e9ru\u00a0\u2013&#8230;<\/p>","protected":false},"author":1,"featured_media":0,"parent":3176,"menu_order":0,"comment_status":"closed","ping_status":"closed","template":"","meta":{"_kadence_starter_templates_imported_post":false,"_kad_post_transparent":"","_kad_post_title":"hide","_kad_post_layout":"fullwidth","_kad_post_sidebar_id":"","_kad_post_content_style":"unboxed","_kad_post_vertical_padding":"hide","_kad_post_feature":"hide","_kad_post_feature_position":"","_kad_post_header":false,"_kad_post_footer":false,"footnotes":""},"class_list":["post-4925","page","type-page","status-publish","hentry"],"_links":{"self":[{"href":"https:\/\/www.daretodance.cz\/en\/wp-json\/wp\/v2\/pages\/4925","targetHints":{"allow":["GET"]}}],"collection":[{"href":"https:\/\/www.daretodance.cz\/en\/wp-json\/wp\/v2\/pages"}],"about":[{"href":"https:\/\/www.daretodance.cz\/en\/wp-json\/wp\/v2\/types\/page"}],"author":[{"embeddable":true,"href":"https:\/\/www.daretodance.cz\/en\/wp-json\/wp\/v2\/users\/1"}],"replies":[{"embeddable":true,"href":"https:\/\/www.daretodance.cz\/en\/wp-json\/wp\/v2\/comments?post=4925"}],"version-history":[{"count":7,"href":"https:\/\/www.daretodance.cz\/en\/wp-json\/wp\/v2\/pages\/4925\/revisions"}],"predecessor-version":[{"id":4965,"href":"https:\/\/www.daretodance.cz\/en\/wp-json\/wp\/v2\/pages\/4925\/revisions\/4965"}],"up":[{"embeddable":true,"href":"https:\/\/www.daretodance.cz\/en\/wp-json\/wp\/v2\/pages\/3176"}],"wp:attachment":[{"href":"https:\/\/www.daretodance.cz\/en\/wp-json\/wp\/v2\/media?parent=4925"}],"curies":[{"name":"wp","href":"https:\/\/api.w.org\/{rel}","templated":true}]}}