{"id":4930,"date":"2026-02-08T20:05:54","date_gmt":"2026-02-08T19:05:54","guid":{"rendered":"https:\/\/www.daretodance.cz\/?page_id=4930"},"modified":"2026-02-08T20:37:37","modified_gmt":"2026-02-08T19:37:37","slug":"tanecni-skolicka","status":"publish","type":"page","link":"https:\/\/www.daretodance.cz\/en\/svatby-events\/tanecni-skolicka\/","title":{"rendered":"Tane\u010dn\u00ed \u0161koli\u010dka"},"content":{"rendered":"<div data-elementor-type=\"wp-page\" data-elementor-id=\"4930\" class=\"elementor elementor-4930\">\n\t\t\t\t<div class=\"elementor-element elementor-element-dcc9923 e-flex e-con-boxed e-con e-parent\" data-id=\"dcc9923\" data-element_type=\"container\" data-e-type=\"container\">\n\t\t\t\t\t<div class=\"e-con-inner\">\n\t\t\t\t<div class=\"elementor-element elementor-element-ffaca8d elementor-widget elementor-widget-heading\" data-id=\"ffaca8d\" data-element_type=\"widget\" data-e-type=\"widget\" data-widget_type=\"heading.default\">\n\t\t\t\t<div class=\"elementor-widget-container\">\n\t\t\t\t\t<h2 class=\"elementor-heading-title elementor-size-default\">TANE\u010cN\u00cd \u0160KOLI\u010cKA PRO SVATEBN\u00cd HOSTY<\/h2>\t\t\t\t<\/div>\n\t\t\t\t<\/div>\n\t\t\t\t<div class=\"elementor-element elementor-element-56fa063 elementor-widget elementor-widget-text-editor\" data-id=\"56fa063\" data-element_type=\"widget\" data-e-type=\"widget\" data-widget_type=\"text-editor.default\">\n\t\t\t\t<div class=\"elementor-widget-container\">\n\t\t\t\t\t\t\t\t\t<p>Tane\u010dn\u00ed \u0161koli\u010dka na svatb\u011b \u2013 Z\u00e1bava pro v\u0161echny hosty!<\/p><p>Chcete, aby si na va\u0161\u00ed\u00a0svatb\u011b v\u0161ichni host\u00e9 u\u017eili tanec\u00a0a neb\u00e1li se vyj\u00edt na parket?\u00a0Tane\u010dn\u00ed \u0161koli\u010dka\u00a0je skv\u011bl\u00fd zp\u016fsob, jak\u00a0rozh\u00fdbat svateb\u010dany, vytvo\u0159it z\u00e1bavnou atmosf\u00e9ru\u00a0a nau\u010dit je z\u00e1klady obl\u00edben\u00fdch tanc\u016f!<\/p><p>\ud83c\udf89 Co je tane\u010dn\u00ed \u0161koli\u010dka:<\/p><p>\u2705\u00a0Kr\u00e1tk\u00fd tane\u010dn\u00ed workshop\u00a0(30-60 minut) pro v\u0161echny hosty<br \/>\u2705\u00a0Nau\u010d\u00edme z\u00e1klady\u00a0salsy, bachaty, val\u010d\u00edku nebo jin\u00e9ho tance<br \/>\u2705\u00a0Z\u00e1bavn\u00e1 a uvoln\u011bn\u00e1 atmosf\u00e9ra\u00a0\u2013 nikdo se nemus\u00ed b\u00e1t<br \/>\u2705\u00a0Pro za\u010d\u00e1te\u010dn\u00edky\u00a0\u2013 i ti, kdo nikdy netan\u010dili<br \/>\u2705\u00a0Aktivizace host\u016f\u00a0\u2013 v\u0161ichni se zapoj\u00ed a bav\u00ed<\/p><p>\ud83d\udca1 Jak to funguje:<\/p><p>1\ufe0f\u20e3\u00a0Zah\u00e1j\u00edme tanec novoman\u017eel\u016f\u00a0\u2013 v\u00e1\u0161 prvn\u00ed tanec jako inspirace<br \/>2\ufe0f\u20e3\u00a0Pozveme hosty na parket\u00a0\u2013 v\u0161ichni jsou v\u00edt\u00e1ni<br \/>3\ufe0f\u20e3\u00a0Nau\u010d\u00edme z\u00e1kladn\u00ed kroky\u00a0\u2013 jednodu\u0161e a srozumiteln\u011b<br \/>4\ufe0f\u20e3\u00a0Spole\u010dn\u00e9 tancov\u00e1n\u00ed\u00a0\u2013 v\u0161ichni tan\u010d\u00ed spolu<br \/>5\ufe0f\u20e3\u00a0Voln\u00e9 tancov\u00e1n\u00ed\u00a0\u2013 host\u00e9 pokra\u010duj\u00ed sami<\/p><p>\ud83d\udc83 Obl\u00edben\u00e9 tance pro \u0161koli\u010dku:<\/p><p>\ud83d\udd25\u00a0Salsa\u00a0\u2013 kub\u00e1nsk\u00e1 energie<br \/>\ud83d\udc95\u00a0Bachata\u00a0\u2013 romantick\u00fd tanec<br \/>\ud83c\udfb6\u00a0Val\u010d\u00edk\u00a0\u2013 klasika pro svatby<br \/>\ud83c\udf89\u00a0Polka\u00a0\u2013 \u010desk\u00e1 tradice<br \/>\u2728\u00a0Slow dance\u00a0\u2013 pomal\u00fd tanec pro v\u0161echny<\/p><p>\ud83c\udfaf V\u00fdhody tane\u010dn\u00ed \u0161koli\u010dky:<\/p><p>\u2705\u00a0Host\u00e9 se neboj\u00ed tan\u010dit\u00a0\u2013 v\u0161ichni se u\u010d\u00ed spole\u010dn\u011b<br \/>\u2705\u00a0Stmelen\u00ed svateb\u010dan\u016f\u00a0\u2013 spole\u010dn\u00e1 aktivita<br \/>\u2705\u00a0Z\u00e1bava garantov\u00e1na\u00a0\u2013 sm\u00edch a radost<br \/>\u2705\u00a0Origin\u00e1ln\u00ed program\u00a0\u2013 n\u011bco jin\u00e9ho ne\u017e klasick\u00e9 svatebn\u00ed hry<br \/>\u2705\u00a0Fotogenick\u00e9 momenty\u00a0\u2013 kr\u00e1sn\u00e9 vzpom\u00ednky<\/p><p>\ud83d\udcde Objednejte \u0161koli\u010dku na svatbu:<\/p>\t\t\t\t\t\t\t\t<\/div>\n\t\t\t\t<\/div>\n\t\t\t\t<div class=\"elementor-element elementor-element-732901e elementor-widget elementor-widget-button\" data-id=\"732901e\" data-element_type=\"widget\" data-e-type=\"widget\" data-widget_type=\"button.default\">\n\t\t\t\t<div class=\"elementor-widget-container\">\n\t\t\t\t\t\t\t\t\t<div class=\"elementor-button-wrapper\">\n\t\t\t\t\t<a class=\"elementor-button elementor-button-link elementor-size-sm\" href=\"https:\/\/www.daretodance.cz\/en\/svatby-events\/#tanprogform\">\n\t\t\t\t\t\t<span class=\"elementor-button-content-wrapper\">\n\t\t\t\t\t\t\t\t\t<span class=\"elementor-button-text\">Non-binding inquiry<\/span>\n\t\t\t\t\t<\/span>\n\t\t\t\t\t<\/a>\n\t\t\t\t<\/div>\n\t\t\t\t\t\t\t\t<\/div>\n\t\t\t\t<\/div>\n\t\t\t\t<div class=\"elementor-element elementor-element-2d06d18 elementor-widget elementor-widget-text-editor\" data-id=\"2d06d18\" data-element_type=\"widget\" data-e-type=\"widget\" data-widget_type=\"text-editor.default\">\n\t\t\t\t<div class=\"elementor-widget-container\">\n\t\t\t\t\t\t\t\t\t<p>\ud83d\udce7\u00a0<a href=\"mailto:info@daretodance.cz\">info@daretodance.cz<\/a><br \/>\ud83d\udcf1\u00a0+420 721 115 911<br \/>\ud83c\udf10\u00a0<a href=\"http:\/\/www.daretodance.cz\/en\/\">www.daretodance.cz<\/a><\/p><p>#Tane\u010dn\u00ed\u0160koli\u010dka #Svatebn\u00edZ\u00e1bava #SvatbaPraha #TanecNaSvatb\u011b #DaretoDance #Svatebn\u00edHost\u00e9<\/p>\t\t\t\t\t\t\t\t<\/div>\n\t\t\t\t<\/div>\n\t\t\t\t\t<\/div>\n\t\t\t\t<\/div>\n\t\t\t\t<\/div>","protected":false},"excerpt":{"rendered":"<p>TANE\u010cN\u00cd \u0160KOLI\u010cKA PRO SVATEBN\u00cd HOSTY Tane\u010dn\u00ed \u0161koli\u010dka na svatb\u011b \u2013 Z\u00e1bava pro v\u0161echny hosty! Chcete, aby si na va\u0161\u00ed\u00a0svatb\u011b v\u0161ichni host\u00e9 u\u017eili tanec\u00a0a neb\u00e1li se vyj\u00edt na parket?\u00a0Tane\u010dn\u00ed \u0161koli\u010dka\u00a0je skv\u011bl\u00fd zp\u016fsob, jak\u00a0rozh\u00fdbat svateb\u010dany, vytvo\u0159it z\u00e1bavnou atmosf\u00e9ru\u00a0a nau\u010dit je z\u00e1klady obl\u00edben\u00fdch tanc\u016f! \ud83c\udf89 Co je tane\u010dn\u00ed \u0161koli\u010dka: \u2705\u00a0Kr\u00e1tk\u00fd tane\u010dn\u00ed workshop\u00a0(30-60 minut) pro v\u0161echny hosty\u2705\u00a0Nau\u010d\u00edme z\u00e1klady\u00a0salsy, bachaty,&#8230;<\/p>","protected":false},"author":1,"featured_media":0,"parent":3176,"menu_order":0,"comment_status":"closed","ping_status":"closed","template":"","meta":{"_kadence_starter_templates_imported_post":false,"_kad_post_transparent":"","_kad_post_title":"hide","_kad_post_layout":"fullwidth","_kad_post_sidebar_id":"","_kad_post_content_style":"unboxed","_kad_post_vertical_padding":"hide","_kad_post_feature":"hide","_kad_post_feature_position":"","_kad_post_header":false,"_kad_post_footer":false,"footnotes":""},"class_list":["post-4930","page","type-page","status-publish","hentry"],"_links":{"self":[{"href":"https:\/\/www.daretodance.cz\/en\/wp-json\/wp\/v2\/pages\/4930","targetHints":{"allow":["GET"]}}],"collection":[{"href":"https:\/\/www.daretodance.cz\/en\/wp-json\/wp\/v2\/pages"}],"about":[{"href":"https:\/\/www.daretodance.cz\/en\/wp-json\/wp\/v2\/types\/page"}],"author":[{"embeddable":true,"href":"https:\/\/www.daretodance.cz\/en\/wp-json\/wp\/v2\/users\/1"}],"replies":[{"embeddable":true,"href":"https:\/\/www.daretodance.cz\/en\/wp-json\/wp\/v2\/comments?post=4930"}],"version-history":[{"count":7,"href":"https:\/\/www.daretodance.cz\/en\/wp-json\/wp\/v2\/pages\/4930\/revisions"}],"predecessor-version":[{"id":4968,"href":"https:\/\/www.daretodance.cz\/en\/wp-json\/wp\/v2\/pages\/4930\/revisions\/4968"}],"up":[{"embeddable":true,"href":"https:\/\/www.daretodance.cz\/en\/wp-json\/wp\/v2\/pages\/3176"}],"wp:attachment":[{"href":"https:\/\/www.daretodance.cz\/en\/wp-json\/wp\/v2\/media?parent=4930"}],"curies":[{"name":"wp","href":"https:\/\/api.w.org\/{rel}","templated":true}]}}