{"id":4935,"date":"2026-02-08T20:07:32","date_gmt":"2026-02-08T19:07:32","guid":{"rendered":"https:\/\/www.daretodance.cz\/?page_id=4935"},"modified":"2026-02-08T20:40:55","modified_gmt":"2026-02-08T19:40:55","slug":"choreografie-na-miru","status":"publish","type":"page","link":"https:\/\/www.daretodance.cz\/en\/svatby-events\/choreografie-na-miru\/","title":{"rendered":"Choreografie na m\u00edru"},"content":{"rendered":"<div data-elementor-type=\"wp-page\" data-elementor-id=\"4935\" class=\"elementor elementor-4935\">\n\t\t\t\t<div class=\"elementor-element elementor-element-933b277 e-flex e-con-boxed e-con e-parent\" data-id=\"933b277\" data-element_type=\"container\" data-e-type=\"container\">\n\t\t\t\t\t<div class=\"e-con-inner\">\n\t\t\t\t<div class=\"elementor-element elementor-element-59b44e4 elementor-widget elementor-widget-heading\" data-id=\"59b44e4\" data-element_type=\"widget\" data-e-type=\"widget\" data-widget_type=\"heading.default\">\n\t\t\t\t<div class=\"elementor-widget-container\">\n\t\t\t\t\t<h2 class=\"elementor-heading-title elementor-size-default\">CHOREOGRAFIE NA M\u00cdRU<\/h2>\t\t\t\t<\/div>\n\t\t\t\t<\/div>\n\t\t\t\t<div class=\"elementor-element elementor-element-a7068a7 elementor-widget elementor-widget-text-editor\" data-id=\"a7068a7\" data-element_type=\"widget\" data-e-type=\"widget\" data-widget_type=\"text-editor.default\">\n\t\t\t\t<div class=\"elementor-widget-container\">\n\t\t\t\t\t\t\t\t\t<p>Profesion\u00e1ln\u00ed choreografie pro va\u0161i akci nebo projekt<\/p><p>Pot\u0159ebujete\u00a0origin\u00e1ln\u00ed choreografii\u00a0pro\u00a0reklamn\u00ed spot, hudebn\u00ed video, firemn\u00ed akci nebo vystoupen\u00ed? Vytvo\u0159\u00edme pro v\u00e1s\u00a0choreografii na m\u00edru, kter\u00e1 dokonale sedne va\u0161im pot\u0159eb\u00e1m a vizu\u00e1ln\u00edmu stylu!<\/p><p>\u2728 Co nab\u00edz\u00edme:<\/p><p>\u2705\u00a0Choreografie na m\u00edru\u00a0\u2013 podle va\u0161\u00ed hudby a konceptu<br \/>\u2705\u00a0R\u016fzn\u00e9 tane\u010dn\u00ed styly\u00a0\u2013 salsa, hip-hop, show dance, contemporary<br \/>\u2705\u00a0Profesion\u00e1ln\u00ed tane\u010dn\u00edci\u00a0\u2013 zku\u0161en\u00ed performe\u0159i<br \/>\u2705\u00a0Flexibiln\u00ed spolupr\u00e1ce\u00a0\u2013 od n\u00e1vrhu po realizaci<br \/>\u2705\u00a0Kreativn\u00ed p\u0159\u00edstup\u00a0\u2013 origin\u00e1ln\u00ed n\u00e1pady<br \/>\u2705\u00a0V\u00fduka choreografie\u00a0\u2013 nau\u010d\u00edme va\u0161e tane\u010dn\u00edky<\/p><p>\ud83c\udfaf Pro jak\u00e9 projekty:<\/p><p>\ud83c\udfac\u00a0Reklamn\u00ed spoty\u00a0\u2013 tane\u010dn\u00ed sc\u00e9ny pro reklamu<br \/>\ud83c\udfa5\u00a0Hudebn\u00ed videoklipy\u00a0\u2013 choreografie pro interprety<br \/>\ud83c\udfad\u00a0Divadeln\u00ed p\u0159edstaven\u00ed\u00a0\u2013 tane\u010dn\u00ed \u010d\u00edsla<br \/>\ud83c\udfe2\u00a0Firemn\u00ed prezentace\u00a0\u2013 show program<br \/>\ud83c\udf89\u00a0Ud\u00e1losti a festivaly\u00a0\u2013 vystoupen\u00ed na akce<br \/>\ud83d\udc8d\u00a0Svatby\u00a0\u2013 p\u0159ekvapen\u00ed pro novoman\u017eele<\/p><p>\ud83d\udc83 Tane\u010dn\u00ed styly:<\/p><p>\ud83d\udd25\u00a0Latinsk\u00e9 tance\u00a0\u2013 salsa, bachata, samba<br \/>\ud83c\udfb5\u00a0Show dance\u00a0\u2013 modern\u00ed choreografie s efekty<br \/>\ud83d\udd7a\u00a0Hip-hop\/Street dance\u00a0\u2013 urb\u00e1nn\u00ed styl<br \/>\ud83c\udf39\u00a0Tango\u00a0\u2013 dramatick\u00e9 a elegantn\u00ed<br \/>\u2728\u00a0Contemporary\u00a0\u2013 modern\u00ed a expresivn\u00ed<br \/>\ud83c\udfad\u00a0Tematick\u00e9 choreografie\u00a0\u2013 podle va\u0161eho zad\u00e1n\u00ed<\/p><p>\ud83d\udccb Proces spolupr\u00e1ce:<\/p><p>1\ufe0f\u20e3\u00a0Konzultace\u00a0\u2013 sd\u011bl\u00edte n\u00e1m va\u0161i vizi a po\u017eadavky<br \/>2\ufe0f\u20e3\u00a0N\u00e1vrh choreografie\u00a0\u2013 vytvo\u0159\u00edme koncept<br \/>3\ufe0f\u20e3\u00a0P\u0159\u00edprava\u00a0\u2013 nacvi\u010d\u00edme s tane\u010dn\u00edky<br \/>4\ufe0f\u20e3\u00a0Realizace\u00a0\u2013 vystoupen\u00ed nebo nat\u00e1\u010den\u00ed<br \/>5\ufe0f\u20e3\u00a0Fin\u00e1ln\u00ed \u00fapravy\u00a0\u2013 podle va\u0161ich pot\u0159eb<\/p><p>\ud83d\udcde Kontaktujte n\u00e1s pro nab\u00eddku:<\/p>\t\t\t\t\t\t\t\t<\/div>\n\t\t\t\t<\/div>\n\t\t\t\t<div class=\"elementor-element elementor-element-1cf4552 elementor-widget elementor-widget-button\" data-id=\"1cf4552\" data-element_type=\"widget\" data-e-type=\"widget\" data-widget_type=\"button.default\">\n\t\t\t\t<div class=\"elementor-widget-container\">\n\t\t\t\t\t\t\t\t\t<div class=\"elementor-button-wrapper\">\n\t\t\t\t\t<a class=\"elementor-button elementor-button-link elementor-size-sm\" href=\"https:\/\/www.daretodance.cz\/en\/svatby-events\/#tanprogform\">\n\t\t\t\t\t\t<span class=\"elementor-button-content-wrapper\">\n\t\t\t\t\t\t\t\t\t<span class=\"elementor-button-text\">Non-binding inquiry<\/span>\n\t\t\t\t\t<\/span>\n\t\t\t\t\t<\/a>\n\t\t\t\t<\/div>\n\t\t\t\t\t\t\t\t<\/div>\n\t\t\t\t<\/div>\n\t\t\t\t<div class=\"elementor-element elementor-element-4d8e1ca elementor-widget elementor-widget-text-editor\" data-id=\"4d8e1ca\" data-element_type=\"widget\" data-e-type=\"widget\" data-widget_type=\"text-editor.default\">\n\t\t\t\t<div class=\"elementor-widget-container\">\n\t\t\t\t\t\t\t\t\t<p>\ud83d\udce7\u00a0<a href=\"mailto:info@daretodance.cz\">info@daretodance.cz<\/a><br \/>\ud83d\udcf1\u00a0+420 721 115 911<br \/>\ud83c\udf10\u00a0<a href=\"http:\/\/www.daretodance.cz\/en\/\">www.daretodance.cz<\/a><\/p><p>#ChoreografieNaM\u00edru #Tane\u010dn\u00edChoreografie #Reklamn\u00edSpot #Hudebn\u00edVideo #DaretoDance #Profesion\u00e1ln\u00edChoreograf<\/p>\t\t\t\t\t\t\t\t<\/div>\n\t\t\t\t<\/div>\n\t\t\t\t\t<\/div>\n\t\t\t\t<\/div>\n\t\t\t\t<\/div>","protected":false},"excerpt":{"rendered":"<p>CHOREOGRAFIE NA M\u00cdRU Profesion\u00e1ln\u00ed choreografie pro va\u0161i akci nebo projekt Pot\u0159ebujete\u00a0origin\u00e1ln\u00ed choreografii\u00a0pro\u00a0reklamn\u00ed spot, hudebn\u00ed video, firemn\u00ed akci nebo vystoupen\u00ed? Vytvo\u0159\u00edme pro v\u00e1s\u00a0choreografii na m\u00edru, kter\u00e1 dokonale sedne va\u0161im pot\u0159eb\u00e1m a vizu\u00e1ln\u00edmu stylu! \u2728 Co nab\u00edz\u00edme: \u2705\u00a0Choreografie na m\u00edru\u00a0\u2013 podle va\u0161\u00ed hudby a konceptu\u2705\u00a0R\u016fzn\u00e9 tane\u010dn\u00ed styly\u00a0\u2013 salsa, hip-hop, show dance, contemporary\u2705\u00a0Profesion\u00e1ln\u00ed tane\u010dn\u00edci\u00a0\u2013 zku\u0161en\u00ed performe\u0159i\u2705\u00a0Flexibiln\u00ed spolupr\u00e1ce\u00a0\u2013 od&#8230;<\/p>","protected":false},"author":1,"featured_media":0,"parent":3176,"menu_order":0,"comment_status":"closed","ping_status":"closed","template":"","meta":{"_kadence_starter_templates_imported_post":false,"_kad_post_transparent":"","_kad_post_title":"hide","_kad_post_layout":"fullwidth","_kad_post_sidebar_id":"","_kad_post_content_style":"unboxed","_kad_post_vertical_padding":"hide","_kad_post_feature":"hide","_kad_post_feature_position":"","_kad_post_header":false,"_kad_post_footer":false,"footnotes":""},"class_list":["post-4935","page","type-page","status-publish","hentry"],"_links":{"self":[{"href":"https:\/\/www.daretodance.cz\/en\/wp-json\/wp\/v2\/pages\/4935","targetHints":{"allow":["GET"]}}],"collection":[{"href":"https:\/\/www.daretodance.cz\/en\/wp-json\/wp\/v2\/pages"}],"about":[{"href":"https:\/\/www.daretodance.cz\/en\/wp-json\/wp\/v2\/types\/page"}],"author":[{"embeddable":true,"href":"https:\/\/www.daretodance.cz\/en\/wp-json\/wp\/v2\/users\/1"}],"replies":[{"embeddable":true,"href":"https:\/\/www.daretodance.cz\/en\/wp-json\/wp\/v2\/comments?post=4935"}],"version-history":[{"count":7,"href":"https:\/\/www.daretodance.cz\/en\/wp-json\/wp\/v2\/pages\/4935\/revisions"}],"predecessor-version":[{"id":4974,"href":"https:\/\/www.daretodance.cz\/en\/wp-json\/wp\/v2\/pages\/4935\/revisions\/4974"}],"up":[{"embeddable":true,"href":"https:\/\/www.daretodance.cz\/en\/wp-json\/wp\/v2\/pages\/3176"}],"wp:attachment":[{"href":"https:\/\/www.daretodance.cz\/en\/wp-json\/wp\/v2\/media?parent=4935"}],"curies":[{"name":"wp","href":"https:\/\/api.w.org\/{rel}","templated":true}]}}