{"id":4940,"date":"2026-02-08T20:08:37","date_gmt":"2026-02-08T19:08:37","guid":{"rendered":"https:\/\/www.daretodance.cz\/?page_id=4940"},"modified":"2026-02-08T20:39:20","modified_gmt":"2026-02-08T19:39:20","slug":"program-na-klic","status":"publish","type":"page","link":"https:\/\/www.daretodance.cz\/en\/svatby-events\/program-na-klic\/","title":{"rendered":"Turnkey program"},"content":{"rendered":"<div data-elementor-type=\"wp-page\" data-elementor-id=\"4940\" class=\"elementor elementor-4940\">\n\t\t\t\t<div class=\"elementor-element elementor-element-1d6d917 e-flex e-con-boxed e-con e-parent\" data-id=\"1d6d917\" data-element_type=\"container\" data-e-type=\"container\">\n\t\t\t\t\t<div class=\"e-con-inner\">\n\t\t\t\t<div class=\"elementor-element elementor-element-99ba1c1 elementor-widget elementor-widget-heading\" data-id=\"99ba1c1\" data-element_type=\"widget\" data-e-type=\"widget\" data-widget_type=\"heading.default\">\n\t\t\t\t<div class=\"elementor-widget-container\">\n\t\t\t\t\t<h2 class=\"elementor-heading-title elementor-size-default\">PROGRAM NA KL\u00cd\u010c<\/h2>\t\t\t\t<\/div>\n\t\t\t\t<\/div>\n\t\t\t\t<div class=\"elementor-element elementor-element-4e53f94 elementor-widget elementor-widget-text-editor\" data-id=\"4e53f94\" data-element_type=\"widget\" data-e-type=\"widget\" data-widget_type=\"text-editor.default\">\n\t\t\t\t<div class=\"elementor-widget-container\">\n\t\t\t\t\t\t\t\t\t<p>Kompletn\u00ed tane\u010dn\u00ed program pro va\u0161i akci \u2013 v\u0161e v jednom<\/p><p>Pl\u00e1nujete\u00a0velkou akci\u00a0a chcete\u00a0komplexn\u00ed tane\u010dn\u00ed program, kter\u00fd zaujme v\u0161echny hosty? Nab\u00edz\u00edme\u00a0program na kl\u00ed\u010d\u00a0\u2013 od\u00a0workshop\u016f p\u0159es vystoupen\u00ed a\u017e po tane\u010dn\u00ed p\u00e1rty. Postar\u00e1me se o v\u0161e!<\/p><p>\u2728 Co nab\u00edz\u00edme:<\/p><p>\u2705\u00a0Kompletn\u00ed organizace\u00a0\u2013 od A do Z<br \/>\u2705\u00a0Kombinace v\u00edce aktivit\u00a0\u2013 workshop + vystoupen\u00ed + p\u00e1rty<br \/>\u2705\u00a0Profesion\u00e1ln\u00ed t\u00fdm\u00a0\u2013 lekto\u0159i, tane\u010dn\u00edci, DJ<br \/>\u2705\u00a0Flexibiln\u00ed program\u00a0\u2013 p\u0159izp\u016fsoben\u00fd va\u0161im pot\u0159eb\u00e1m<br \/>\u2705\u00a0Technick\u00e9 zaji\u0161t\u011bn\u00ed\u00a0\u2013 ozvu\u010den\u00ed, osv\u011btlen\u00ed (na vy\u017e\u00e1d\u00e1n\u00ed)<br \/>\u2705\u00a0Bezstarostn\u00e1 realizace\u00a0\u2013 my se postar\u00e1me o v\u0161e<\/p><p>\ud83c\udfaf P\u0159\u00edklady program\u016f na kl\u00ed\u010d:<\/p><p>\ud83c\udfe2 Firemn\u00ed akce:<\/p><ul><li>Tane\u010dn\u00ed teambuilding (2 hod)<\/li><li>Profesion\u00e1ln\u00ed vystoupen\u00ed (15 min)<\/li><li>DJ a tane\u010dn\u00ed p\u00e1rty (ve\u010der)<\/li><\/ul><p>\ud83d\udc8d Svatba:<\/p><ul><li>P\u0159\u00edprava svatebn\u00edho tance (p\u0159ed svatbou)<\/li><li>Tane\u010dn\u00ed \u0161koli\u010dka pro hosty (30-60 min)<\/li><li>Profesion\u00e1ln\u00ed vystoupen\u00ed (p\u0159ekvapen\u00ed)<\/li><li>DJ a tane\u010dn\u00ed z\u00e1bava<\/li><\/ul><p>\ud83c\udf89 Festival\/M\u011bstsk\u00e1 akce:<\/p><ul><li>Tane\u010dn\u00ed workshop pro ve\u0159ejnost (60 min)<\/li><li>Show vystoupen\u00ed (20 min)<\/li><li>Voln\u00e1 tane\u010dn\u00ed z\u00e1bava<\/li><\/ul><p>\ud83c\udf82 Oslava:<\/p><ul><li>Tane\u010dn\u00ed animace pro hosty<\/li><li>P\u0159ekvapen\u00ed choreografie<\/li><li>Spole\u010dn\u00e9 tancov\u00e1n\u00ed<\/li><\/ul><p>\ud83d\udc83 Co program m\u016f\u017ee obsahovat:<\/p><p>\u2705\u00a0Tane\u010dn\u00ed workshop\u00a0\u2013 nau\u010d\u00edme hosty z\u00e1klady<br \/>\u2705\u00a0Profesion\u00e1ln\u00ed vystoupen\u00ed\u00a0\u2013 show od na\u0161ich tane\u010dn\u00edk\u016f<br \/>\u2705\u00a0Tane\u010dn\u00ed \u0161koli\u010dka\u00a0\u2013 interaktivn\u00ed program<br \/>\u2705\u00a0DJ a hudba\u00a0\u2013 tane\u010dn\u00ed p\u00e1rty<br \/>\u2705\u00a0Animace\u00a0\u2013 rozh\u00fdb\u00e1n\u00ed host\u016f<br \/>\u2705\u00a0Choreografie\u00a0\u2013 nau\u010den\u00e9 tance s hosty<\/p><p>\ud83d\udccb Jak to funguje:<\/p><p>1\ufe0f\u20e3\u00a0Kontaktujte n\u00e1s\u00a0\u2013 sd\u011blte typ akce, datum, po\u010det host\u016f<br \/>2\ufe0f\u20e3\u00a0Konzultace\u00a0\u2013 navrhneme program na m\u00edru<br \/>3\ufe0f\u20e3\u00a0Cenov\u00e1 nab\u00eddka\u00a0\u2013 transparentn\u00ed a detailn\u00ed<br \/>4\ufe0f\u20e3\u00a0P\u0159\u00edprava\u00a0\u2013 zajist\u00edme v\u0161e pot\u0159ebn\u00e9<br \/>5\ufe0f\u20e3\u00a0Realizace\u00a0\u2013 profesion\u00e1ln\u00ed proveden\u00ed akce<br \/>6\ufe0f\u20e3\u00a0Spokojen\u00ed host\u00e9\u00a0\u2013 z\u00e1\u017eitek, na kter\u00fd se nezapom\u00edn\u00e1!<\/p><p>\ud83c\udfaf Vhodn\u00e9 pro:<\/p><p>\u2705\u00a0Firemn\u00ed ve\u010d\u00edrky a galave\u010dery<br \/>\u2705\u00a0Svatby a oslavy<br \/>\u2705\u00a0Festivaly a kulturn\u00ed akce<br \/>\u2705\u00a0Teambuildingov\u00e9 v\u00fdjezdy<br \/>\u2705\u00a0Konference a kongresy\u00a0(doprovodn\u00fd program)<br \/>\u2705\u00a0M\u011bstsk\u00e9 slavnosti<\/p><p>\ud83d\udcde Poptejte si program na m\u00edru:<\/p>\t\t\t\t\t\t\t\t<\/div>\n\t\t\t\t<\/div>\n\t\t\t\t<div class=\"elementor-element elementor-element-2c23591 elementor-widget elementor-widget-button\" data-id=\"2c23591\" data-element_type=\"widget\" data-e-type=\"widget\" data-widget_type=\"button.default\">\n\t\t\t\t<div class=\"elementor-widget-container\">\n\t\t\t\t\t\t\t\t\t<div class=\"elementor-button-wrapper\">\n\t\t\t\t\t<a class=\"elementor-button elementor-button-link elementor-size-sm\" href=\"https:\/\/www.daretodance.cz\/en\/svatby-events\/#tanprogform\">\n\t\t\t\t\t\t<span class=\"elementor-button-content-wrapper\">\n\t\t\t\t\t\t\t\t\t<span class=\"elementor-button-text\">Non-binding inquiry<\/span>\n\t\t\t\t\t<\/span>\n\t\t\t\t\t<\/a>\n\t\t\t\t<\/div>\n\t\t\t\t\t\t\t\t<\/div>\n\t\t\t\t<\/div>\n\t\t\t\t<div class=\"elementor-element elementor-element-024c0a3 elementor-widget elementor-widget-text-editor\" data-id=\"024c0a3\" data-element_type=\"widget\" data-e-type=\"widget\" data-widget_type=\"text-editor.default\">\n\t\t\t\t<div class=\"elementor-widget-container\">\n\t\t\t\t\t\t\t\t\t<p>\ud83d\udce7\u00a0<a href=\"mailto:info@daretodance.cz\">info@daretodance.cz<\/a><br \/>\ud83d\udcf1\u00a0+420 721 115 911<br \/>\ud83c\udf10\u00a0<a href=\"http:\/\/www.daretodance.cz\/en\/\">www.daretodance.cz<\/a><\/p><p>#ProgramNaKl\u00ed\u010d #Tane\u010dn\u00edAkce #Firemn\u0131Program #Komplexn\u00edSlu\u017eba #DaretoDance #Tane\u010dn\u00edZ\u00e1bava<\/p>\t\t\t\t\t\t\t\t<\/div>\n\t\t\t\t<\/div>\n\t\t\t\t\t<\/div>\n\t\t\t\t<\/div>\n\t\t\t\t<\/div>","protected":false},"excerpt":{"rendered":"<p>PROGRAM NA KL\u00cd\u010c Kompletn\u00ed tane\u010dn\u00ed program pro va\u0161i akci \u2013 v\u0161e v jednom Pl\u00e1nujete\u00a0velkou akci\u00a0a chcete\u00a0komplexn\u00ed tane\u010dn\u00ed program, kter\u00fd zaujme v\u0161echny hosty? Nab\u00edz\u00edme\u00a0program na kl\u00ed\u010d\u00a0\u2013 od\u00a0workshop\u016f p\u0159es vystoupen\u00ed a\u017e po tane\u010dn\u00ed p\u00e1rty. Postar\u00e1me se o v\u0161e! \u2728 Co nab\u00edz\u00edme: \u2705\u00a0Kompletn\u00ed organizace\u00a0\u2013 od A do Z\u2705\u00a0Kombinace v\u00edce aktivit\u00a0\u2013 workshop + vystoupen\u00ed + p\u00e1rty\u2705\u00a0Profesion\u00e1ln\u00ed t\u00fdm\u00a0\u2013 lekto\u0159i, tane\u010dn\u00edci,&#8230;<\/p>","protected":false},"author":1,"featured_media":0,"parent":3176,"menu_order":0,"comment_status":"closed","ping_status":"closed","template":"","meta":{"_kadence_starter_templates_imported_post":false,"_kad_post_transparent":"","_kad_post_title":"hide","_kad_post_layout":"fullwidth","_kad_post_sidebar_id":"","_kad_post_content_style":"unboxed","_kad_post_vertical_padding":"hide","_kad_post_feature":"hide","_kad_post_feature_position":"","_kad_post_header":false,"_kad_post_footer":false,"footnotes":""},"class_list":["post-4940","page","type-page","status-publish","hentry"],"_links":{"self":[{"href":"https:\/\/www.daretodance.cz\/en\/wp-json\/wp\/v2\/pages\/4940","targetHints":{"allow":["GET"]}}],"collection":[{"href":"https:\/\/www.daretodance.cz\/en\/wp-json\/wp\/v2\/pages"}],"about":[{"href":"https:\/\/www.daretodance.cz\/en\/wp-json\/wp\/v2\/types\/page"}],"author":[{"embeddable":true,"href":"https:\/\/www.daretodance.cz\/en\/wp-json\/wp\/v2\/users\/1"}],"replies":[{"embeddable":true,"href":"https:\/\/www.daretodance.cz\/en\/wp-json\/wp\/v2\/comments?post=4940"}],"version-history":[{"count":7,"href":"https:\/\/www.daretodance.cz\/en\/wp-json\/wp\/v2\/pages\/4940\/revisions"}],"predecessor-version":[{"id":4971,"href":"https:\/\/www.daretodance.cz\/en\/wp-json\/wp\/v2\/pages\/4940\/revisions\/4971"}],"up":[{"embeddable":true,"href":"https:\/\/www.daretodance.cz\/en\/wp-json\/wp\/v2\/pages\/3176"}],"wp:attachment":[{"href":"https:\/\/www.daretodance.cz\/en\/wp-json\/wp\/v2\/media?parent=4940"}],"curies":[{"name":"wp","href":"https:\/\/api.w.org\/{rel}","templated":true}]}}